{"id":8924,"date":"2021-08-21T23:44:16","date_gmt":"2021-08-21T21:44:16","guid":{"rendered":"https:\/\/makobo.co.mz\/?page_id=8924"},"modified":"2022-03-08T14:18:49","modified_gmt":"2022-03-08T12:18:49","slug":"mapa-solidario","status":"publish","type":"page","link":"https:\/\/makobo.co.mz\/en\/mapa-solidario\/","title":{"rendered":"SOLIDARITY MAP"},"content":{"rendered":"<div data-elementor-type=\"wp-page\" data-elementor-id=\"8924\" class=\"elementor elementor-8924\">\n\t\t\t\t\t\t\t\t\t<section class=\"elementor-section elementor-top-section elementor-element elementor-element-7bc3b7b3 elementor-section-content-middle elementor-section-boxed elementor-section-height-default elementor-section-height-default\" data-id=\"7bc3b7b3\" data-element_type=\"section\" data-settings=\"{&quot;background_background&quot;:&quot;classic&quot;,&quot;_ha_eqh_enable&quot;:false}\">\n\t\t\t\t\t\t<div class=\"elementor-container elementor-column-gap-no\">\n\t\t\t\t\t<div class=\"elementor-column elementor-col-100 elementor-top-column elementor-element elementor-element-1f32b965\" data-id=\"1f32b965\" data-element_type=\"column\" data-settings=\"{&quot;background_background&quot;:&quot;classic&quot;}\">\n\t\t\t<div class=\"elementor-widget-wrap elementor-element-populated\">\n\t\t\t\t\t\t\t\t<div class=\"elementor-element elementor-element-0f4491b elementor-widget elementor-widget-ha-gradient-heading happy-addon ha-gradient-heading\" data-id=\"0f4491b\" data-element_type=\"widget\" data-widget_type=\"ha-gradient-heading.default\">\n\t\t\t\t<div class=\"elementor-widget-container\">\n\t\t\t<h2 class=\"ha-gradient-heading\">SOLIDARITY MAP<\/h2>\t\t<\/div>\n\t\t\t\t<\/div>\n\t\t\t\t<div class=\"elementor-element elementor-element-dfdd21f elementor-widget elementor-widget-heading\" data-id=\"dfdd21f\" data-element_type=\"widget\" data-widget_type=\"heading.default\">\n\t\t\t\t<div class=\"elementor-widget-container\">\n\t\t\t<h3 class=\"elementor-heading-title elementor-size-default\">PROJECTS FOR SOCIAL IMPACT<\/h3>\t\t<\/div>\n\t\t\t\t<\/div>\n\t\t\t\t<div class=\"elementor-element elementor-element-6ad8c92 elementor-widget elementor-widget-text-editor\" data-id=\"6ad8c92\" data-element_type=\"widget\" data-widget_type=\"text-editor.default\">\n\t\t\t\t<div class=\"elementor-widget-container\">\n\t\t\t\t\t\t\t<p style=\"text-align: left;\">Existem, um pouco por todo o pa\u00eds, v\u00e1rias iniciativas e programas sociais para a mitiga\u00e7\u00e3o dos impactos da pobreza e do subdesenvolvimento.\u00a0 A Makobo | A Plataforma Solid\u00e1ria, acredita que estes s\u00f3 ser\u00e3o relevantes se juntos constru\u00edrem alternativas cred\u00edveis, sustentadas e sustent\u00e1veis, que resolvam de forma eficaz as necessidades das pessoas e do pa\u00eds, e ela pretende ser a ponte para esse desenvolvimento.<\/p><p style=\"text-align: left;\">Explore our Solidarity Map and find out how can you help from anywhere  in the country.<\/p>\t\t\t\t\t\t<\/div>\n\t\t\t\t<\/div>\n\t\t\t\t\t<\/div>\n\t\t<\/div>\n\t\t\t\t\t\t\t<\/div>\n\t\t<\/section>\n\t\t\t\t<section class=\"elementor-section elementor-top-section elementor-element elementor-element-8a05720 elementor-section-content-middle elementor-section-boxed elementor-section-height-default elementor-section-height-default\" data-id=\"8a05720\" data-element_type=\"section\" data-settings=\"{&quot;background_background&quot;:&quot;classic&quot;,&quot;_ha_eqh_enable&quot;:false}\">\n\t\t\t\t\t\t<div class=\"elementor-container elementor-column-gap-no\">\n\t\t\t\t\t<div class=\"elementor-column elementor-col-100 elementor-top-column elementor-element elementor-element-bddd536\" data-id=\"bddd536\" data-element_type=\"column\" data-settings=\"{&quot;background_background&quot;:&quot;classic&quot;}\">\n\t\t\t<div class=\"elementor-widget-wrap elementor-element-populated\">\n\t\t\t\t\t\t\t\t<div class=\"elementor-element elementor-element-77a09c8 elementor-widget elementor-widget-heading\" data-id=\"77a09c8\" data-element_type=\"widget\" data-widget_type=\"heading.default\">\n\t\t\t\t<div class=\"elementor-widget-container\">\n\t\t\t<h4 class=\"elementor-heading-title elementor-size-default\">Cadastre a sua Institui\u00e7\u00e3o no Mapa Solid\u00e1rio<\/h4>\t\t<\/div>\n\t\t\t\t<\/div>\n\t\t\t\t<div class=\"elementor-element elementor-element-5674dae animated-slow elementor-invisible elementor-widget elementor-widget-html\" data-id=\"5674dae\" data-element_type=\"widget\" data-settings=\"{&quot;_animation&quot;:&quot;fadeIn&quot;,&quot;_animation_delay&quot;:0}\" data-widget_type=\"html.default\">\n\t\t\t\t<div class=\"elementor-widget-container\">\n\t\t\t    <iframe loading=\"lazy\"\r\n      src=\"https:\/\/mapada-solidariedade.netlify.app\/\"\r\n      height=\"1100\" width=\"800\"\r\n    >\r\n      Your browser doesn't support iframes\r\n    <\/iframe>\t\t<\/div>\n\t\t\t\t<\/div>\n\t\t\t\t<div class=\"elementor-element elementor-element-af6f36c elementor-button-align-stretch elementor-widget elementor-widget-form\" data-id=\"af6f36c\" data-element_type=\"widget\" data-settings=\"{&quot;step_next_label&quot;:&quot;Next&quot;,&quot;step_previous_label&quot;:&quot;Previous&quot;,&quot;button_width&quot;:&quot;100&quot;,&quot;step_type&quot;:&quot;number_text&quot;,&quot;step_icon_shape&quot;:&quot;circle&quot;}\" data-widget_type=\"form.default\">\n\t\t\t\t<div class=\"elementor-widget-container\">\n\t\t\t\t\t<form class=\"elementor-form\" method=\"post\" name=\"New Form\" action=\"\">\n\t\t\t<input type=\"hidden\" name=\"post_id\" value=\"8924\"\/>\n\t\t\t<input type=\"hidden\" name=\"form_id\" value=\"af6f36c\"\/>\n\t\t\t<input type=\"hidden\" name=\"referer_title\" value=\"\" \/>\n\n\t\t\t\n\t\t\t<div class=\"elementor-form-fields-wrapper elementor-labels-above\">\n\t\t\t\t\t\t\t\t<div class=\"elementor-field-type-text elementor-field-group elementor-column elementor-field-group-field_cccea76 elementor-col-100 elementor-field-required elementor-mark-required\">\n\t\t\t\t\t\t\t\t\t\t\t\t<label for=\"form-field-field_cccea76\" class=\"elementor-field-label\">\n\t\t\t\t\t\t\t\tInstitution Name:\t\t\t\t\t\t\t<\/label>\n\t\t\t\t\t\t\t\t\t\t\t\t\t\t<input size=\"1\" type=\"text\" name=\"form_fields[field_cccea76]\" id=\"form-field-field_cccea76\" class=\"elementor-field elementor-size-sm  elementor-field-textual\" placeholder=\"Institution name:\" required=\"required\" aria-required=\"true\">\n\t\t\t\t\t\t\t\t\t\t\t<\/div>\n\t\t\t\t\t\t\t\t<div class=\"elementor-field-type-text elementor-field-group elementor-column elementor-field-group-field_28bf713 elementor-col-100 elementor-field-required elementor-mark-required\">\n\t\t\t\t\t\t\t\t\t\t\t\t<label for=\"form-field-field_28bf713\" class=\"elementor-field-label\">\n\t\t\t\t\t\t\t\tNome do Responsavel pela Institui\u00e7\u00e3o\t\t\t\t\t\t\t<\/label>\n\t\t\t\t\t\t\t\t\t\t\t\t\t\t<input size=\"1\" type=\"text\" name=\"form_fields[field_28bf713]\" id=\"form-field-field_28bf713\" class=\"elementor-field elementor-size-sm  elementor-field-textual\" placeholder=\"Nome do Responsavel pela Institui\u00e7\u00e3o (O Representante desse formulario)\" required=\"required\" aria-required=\"true\">\n\t\t\t\t\t\t\t\t\t\t\t<\/div>\n\t\t\t\t\t\t\t\t<div class=\"elementor-field-type-email elementor-field-group elementor-column elementor-field-group-field_9dc00c4 elementor-col-100 elementor-field-required elementor-mark-required\">\n\t\t\t\t\t\t\t\t\t\t\t\t<label for=\"form-field-field_9dc00c4\" class=\"elementor-field-label\">\n\t\t\t\t\t\t\t\tEmail\t\t\t\t\t\t\t<\/label>\n\t\t\t\t\t\t\t\t\t\t\t\t\t\t<input size=\"1\" type=\"email\" name=\"form_fields[field_9dc00c4]\" id=\"form-field-field_9dc00c4\" class=\"elementor-field elementor-size-sm  elementor-field-textual\" placeholder=\"Email do Responsavel pela Institui\u00e7\u00e3o\" required=\"required\" aria-required=\"true\">\n\t\t\t\t\t\t\t\t\t\t\t<\/div>\n\t\t\t\t\t\t\t\t<div class=\"elementor-field-type-tel elementor-field-group elementor-column elementor-field-group-field_75bf3a3 elementor-col-100 elementor-field-required elementor-mark-required\">\n\t\t\t\t\t\t\t\t\t\t\t\t<label for=\"form-field-field_75bf3a3\" class=\"elementor-field-label\">\n\t\t\t\t\t\t\t\tContact\t\t\t\t\t\t\t<\/label>\n\t\t\t\t\t\t\t\t<input size=\"1\" type=\"tel\" name=\"form_fields[field_75bf3a3]\" id=\"form-field-field_75bf3a3\" class=\"elementor-field elementor-size-sm  elementor-field-textual\" placeholder=\"Contacto (Telefone\/Fax)\" required=\"required\" aria-required=\"true\" pattern=\"[0-9()#&amp;+*-=.]+\" title=\"Only numbers and phone characters (#, -, *, etc) are accepted.\">\n\n\t\t\t\t\t\t<\/div>\n\t\t\t\t\t\t\t\t<div class=\"elementor-field-type-text elementor-field-group elementor-column elementor-field-group-field_a0be2c7 elementor-col-100 elementor-field-required elementor-mark-required\">\n\t\t\t\t\t\t\t\t\t\t\t\t<label for=\"form-field-field_a0be2c7\" class=\"elementor-field-label\">\n\t\t\t\t\t\t\t\tLocaliza\u00e7\u00e3o (Link  do Google Map)\t\t\t\t\t\t\t<\/label>\n\t\t\t\t\t\t\t\t\t\t\t\t\t\t<input size=\"1\" type=\"text\" name=\"form_fields[field_a0be2c7]\" id=\"form-field-field_a0be2c7\" class=\"elementor-field elementor-size-sm  elementor-field-textual\" placeholder=\"Localiza\u00e7\u00e3o (Link  do Google Map)\" required=\"required\" aria-required=\"true\">\n\t\t\t\t\t\t\t\t\t\t\t<\/div>\n\t\t\t\t\t\t\t\t<div class=\"elementor-field-type-text elementor-field-group elementor-column elementor-field-group-field_73ea1f4 elementor-col-100 elementor-field-required elementor-mark-required\">\n\t\t\t\t\t\t\t\t\t\t\t\t<label for=\"form-field-field_73ea1f4\" class=\"elementor-field-label\">\n\t\t\t\t\t\t\t\tAreas of Impact\t\t\t\t\t\t\t<\/label>\n\t\t\t\t\t\t\t\t\t\t\t\t\t\t<input size=\"1\" type=\"text\" name=\"form_fields[field_73ea1f4]\" id=\"form-field-field_73ea1f4\" class=\"elementor-field elementor-size-sm  elementor-field-textual\" placeholder=\"Areas of Impact\" required=\"required\" aria-required=\"true\">\n\t\t\t\t\t\t\t\t\t\t\t<\/div>\n\t\t\t\t\t\t\t\t<div class=\"elementor-field-type-text elementor-field-group elementor-column elementor-field-group-field_808d130 elementor-col-100 elementor-field-required elementor-mark-required\">\n\t\t\t\t\t\t\t\t\t\t\t\t<label for=\"form-field-field_808d130\" class=\"elementor-field-label\">\n\t\t\t\t\t\t\t\tTarget Audience (beneficiaries)\t\t\t\t\t\t\t<\/label>\n\t\t\t\t\t\t\t\t\t\t\t\t\t\t<input size=\"1\" type=\"text\" name=\"form_fields[field_808d130]\" id=\"form-field-field_808d130\" class=\"elementor-field elementor-size-sm  elementor-field-textual\" placeholder=\"Target Audience (beneficiaries)\" required=\"required\" aria-required=\"true\">\n\t\t\t\t\t\t\t\t\t\t\t<\/div>\n\t\t\t\t\t\t\t\t<div class=\"elementor-field-type-text elementor-field-group elementor-column elementor-field-group-field_3a76359 elementor-col-100 elementor-field-required elementor-mark-required\">\n\t\t\t\t\t\t\t\t\t\t\t\t<label for=\"form-field-field_3a76359\" class=\"elementor-field-label\">\n\t\t\t\t\t\t\t\tSupporting Needs\t\t\t\t\t\t\t<\/label>\n\t\t\t\t\t\t\t\t\t\t\t\t\t\t<input size=\"1\" type=\"text\" name=\"form_fields[field_3a76359]\" id=\"form-field-field_3a76359\" class=\"elementor-field elementor-size-sm  elementor-field-textual\" placeholder=\"Supporting Needs\" required=\"required\" aria-required=\"true\">\n\t\t\t\t\t\t\t\t\t\t\t<\/div>\n\t\t\t\t\t\t\t\t<div class=\"elementor-field-type-text elementor-field-group elementor-column elementor-field-group-field_01f4f37 elementor-col-100 elementor-field-required elementor-mark-required\">\n\t\t\t\t\t\t\t\t\t\t\t\t<label for=\"form-field-field_01f4f37\" class=\"elementor-field-label\">\n\t\t\t\t\t\t\t\tSupporting Priorities\t\t\t\t\t\t\t<\/label>\n\t\t\t\t\t\t\t\t\t\t\t\t\t\t<input size=\"1\" type=\"text\" name=\"form_fields[field_01f4f37]\" id=\"form-field-field_01f4f37\" class=\"elementor-field elementor-size-sm  elementor-field-textual\" placeholder=\"Supporting Priorities\" required=\"required\" aria-required=\"true\">\n\t\t\t\t\t\t\t\t\t\t\t<\/div>\n\t\t\t\t\t\t\t\t<div class=\"elementor-field-type-text elementor-field-group elementor-column elementor-field-group-field_566a44d elementor-col-100 elementor-field-required elementor-mark-required\">\n\t\t\t\t\t\t\t\t\t\t\t\t<label for=\"form-field-field_566a44d\" class=\"elementor-field-label\">\n\t\t\t\t\t\t\t\tSupporting Priorities\t\t\t\t\t\t\t<\/label>\n\t\t\t\t\t\t\t\t\t\t\t\t\t\t<input size=\"1\" type=\"text\" name=\"form_fields[field_566a44d]\" id=\"form-field-field_566a44d\" class=\"elementor-field elementor-size-sm  elementor-field-textual\" placeholder=\"Supporting Priorities\" required=\"required\" aria-required=\"true\">\n\t\t\t\t\t\t\t\t\t\t\t<\/div>\n\t\t\t\t\t\t\t\t<div class=\"elementor-field-type-upload elementor-field-group elementor-column elementor-field-group-field_70d69e4 elementor-col-100 elementor-field-required elementor-mark-required\">\n\t\t\t\t\t\t\t\t\t\t\t\t<label for=\"form-field-field_70d69e4\" class=\"elementor-field-label\">\n\t\t\t\t\t\t\t\tPictures of the Institution\t\t\t\t\t\t\t<\/label>\n\t\t\t\t\t\t\t\t<input type=\"file\" name=\"form_fields[field_70d69e4]\" id=\"form-field-field_70d69e4\" class=\"elementor-field elementor-size-sm  elementor-upload-field\" required=\"required\" aria-required=\"true\">\n\n\t\t\t\t\t\t<\/div>\n\t\t\t\t\t\t\t\t<div class=\"elementor-field-type-text elementor-field-group elementor-column elementor-field-group-field_2868721 elementor-col-100 elementor-field-required elementor-mark-required\">\n\t\t\t\t\t\t\t\t\t\t\t\t<label for=\"form-field-field_2868721\" class=\"elementor-field-label\">\n\t\t\t\t\t\t\t\tComments\t\t\t\t\t\t\t<\/label>\n\t\t\t\t\t\t\t\t\t\t\t\t\t\t<input size=\"1\" type=\"text\" name=\"form_fields[field_2868721]\" id=\"form-field-field_2868721\" class=\"elementor-field elementor-size-sm  elementor-field-textual\" placeholder=\"Comments\" required=\"required\" aria-required=\"true\">\n\t\t\t\t\t\t\t\t\t\t\t<\/div>\n\t\t\t\t\t\t\t\t<div class=\"elementor-field-group elementor-column elementor-field-type-submit elementor-col-100 e-form__buttons\">\n\t\t\t\t\t<button type=\"submit\" class=\"elementor-button elementor-size-md\">\n\t\t\t\t\t\t<span >\n\t\t\t\t\t\t\t\t\t\t\t\t\t\t\t<span class=\"elementor-button-icon\">\n\t\t\t\t\t\t\t\t\t\t\t\t\t\t\t\t\t\t\t\t\t\t\t\t\t\t<\/span>\n\t\t\t\t\t\t\t\t\t\t\t\t\t\t\t\t\t\t\t\t\t\t<span class=\"elementor-button-text\">SUBMIT<\/span>\n\t\t\t\t\t\t\t\t\t\t\t\t\t<\/span>\n\t\t\t\t\t<\/button>\n\t\t\t\t<\/div>\n\t\t\t<\/div>\n\t\t<input type=\"hidden\" name=\"trp-form-language\" value=\"en\"\/><\/form>\n\t\t\t\t<\/div>\n\t\t\t\t<\/div>\n\t\t\t\t\t<\/div>\n\t\t<\/div>\n\t\t\t\t\t\t\t<\/div>\n\t\t<\/section>\n\t\t\t\t\t\t\t<\/div>","protected":false},"excerpt":{"rendered":"<p>MAPA DA SOLIDARIEDADE PROJECTOS DE IMPACTO SOCIAL Existem, um pouco por todo o pa\u00eds, v\u00e1rias iniciativas e programas sociais para a mitiga\u00e7\u00e3o dos impactos da pobreza e do subdesenvolvimento.\u00a0 A Makobo | A Plataforma Solid\u00e1ria, acredita que estes s\u00f3 ser\u00e3o relevantes se juntos constru\u00edrem alternativas cred\u00edveis, sustentadas e sustent\u00e1veis, que resolvam de forma eficaz as &hellip; <a href=\"https:\/\/makobo.co.mz\/en\/mapa-solidario\/\" class=\"more-link\">Continue reading <span class=\"screen-reader-text\">SOLIDARITY MAP<\/span><\/a><\/p>","protected":false},"author":2,"featured_media":9104,"parent":0,"menu_order":0,"comment_status":"closed","ping_status":"closed","template":"elementor_header_footer","meta":{"footnotes":""},"class_list":["post-8924","page","type-page","status-publish","has-post-thumbnail","hentry"],"_links":{"self":[{"href":"https:\/\/makobo.co.mz\/en\/wp-json\/wp\/v2\/pages\/8924","targetHints":{"allow":["GET"]}}],"collection":[{"href":"https:\/\/makobo.co.mz\/en\/wp-json\/wp\/v2\/pages"}],"about":[{"href":"https:\/\/makobo.co.mz\/en\/wp-json\/wp\/v2\/types\/page"}],"author":[{"embeddable":true,"href":"https:\/\/makobo.co.mz\/en\/wp-json\/wp\/v2\/users\/2"}],"replies":[{"embeddable":true,"href":"https:\/\/makobo.co.mz\/en\/wp-json\/wp\/v2\/comments?post=8924"}],"version-history":[{"count":108,"href":"https:\/\/makobo.co.mz\/en\/wp-json\/wp\/v2\/pages\/8924\/revisions"}],"predecessor-version":[{"id":10941,"href":"https:\/\/makobo.co.mz\/en\/wp-json\/wp\/v2\/pages\/8924\/revisions\/10941"}],"wp:featuredmedia":[{"embeddable":true,"href":"https:\/\/makobo.co.mz\/en\/wp-json\/wp\/v2\/media\/9104"}],"wp:attachment":[{"href":"https:\/\/makobo.co.mz\/en\/wp-json\/wp\/v2\/media?parent=8924"}],"curies":[{"name":"wp","href":"https:\/\/api.w.org\/{rel}","templated":true}]}}