{"id":8683,"date":"2021-08-20T00:28:12","date_gmt":"2021-08-19T22:28:12","guid":{"rendered":"https:\/\/makobo.co.mz\/?page_id=8683"},"modified":"2022-03-04T14:51:10","modified_gmt":"2022-03-04T12:51:10","slug":"the-black-and-white-concept-by-makobo-apresentacao","status":"publish","type":"page","link":"https:\/\/makobo.co.mz\/en\/the-black-and-white-concept-by-makobo-apresentacao\/","title":{"rendered":"BLACK &#038; WHITE (Black &#038; White Concept By MAKOBO)"},"content":{"rendered":"<div data-elementor-type=\"wp-page\" data-elementor-id=\"8683\" class=\"elementor elementor-8683\">\n\t\t\t\t\t\t\t\t\t<section class=\"elementor-section elementor-top-section elementor-element elementor-element-6dbfc3d4 elementor-section-stretched elementor-section-boxed elementor-section-height-default elementor-section-height-default\" data-id=\"6dbfc3d4\" data-element_type=\"section\" data-settings=\"{&quot;stretch_section&quot;:&quot;section-stretched&quot;,&quot;background_background&quot;:&quot;classic&quot;,&quot;_ha_eqh_enable&quot;:false}\">\n\t\t\t\t\t\t<div class=\"elementor-container elementor-column-gap-no\">\n\t\t\t\t\t<div class=\"elementor-column elementor-col-100 elementor-top-column elementor-element elementor-element-55ab92cd\" data-id=\"55ab92cd\" data-element_type=\"column\" data-settings=\"{&quot;background_background&quot;:&quot;classic&quot;}\">\n\t\t\t<div class=\"elementor-widget-wrap elementor-element-populated\">\n\t\t\t\t\t\t\t\t<div class=\"elementor-element elementor-element-11fd3749 elementor-widget elementor-widget-besa-heading\" data-id=\"11fd3749\" data-element_type=\"widget\" data-widget_type=\"besa-heading.default\">\n\t\t\t\t<div class=\"elementor-widget-container\">\n\t\t\t\r\n<div class=\"tbay-element tbay-element-heading\">\r\n\t\t\t\t<h1 class=\"heading-tbay-title\">\r\n\t\t\t\t\t\t\t\t\t<span class=\"title\">BLACK & WHITE<\/span>\r\n\t\t\t\t\t    \t\r\n\t\t\t\t\t\t\t<\/h1>\r\n\t\t<\/div>\t\t<\/div>\n\t\t\t\t<\/div>\n\t\t\t\t<div class=\"elementor-element elementor-element-79fe0454 elementor-widget elementor-widget-besa-heading\" data-id=\"79fe0454\" data-element_type=\"widget\" data-widget_type=\"besa-heading.default\">\n\t\t\t\t<div class=\"elementor-widget-container\">\n\t\t\t\r\n<div class=\"tbay-element tbay-element-heading\">\r\n\t\t\t\t<h3 class=\"heading-tbay-title\">\r\n\t\t\t\t\t\t\t\t\t<span class=\"title\">The BLACK AND WHITE Concept By MAKOBO<\/span>\r\n\t\t\t\t\t    \t\r\n\t\t\t\t\t\t\t<\/h3>\r\n\t\t<\/div>\t\t<\/div>\n\t\t\t\t<\/div>\n\t\t\t\t<section class=\"elementor-section elementor-inner-section elementor-element elementor-element-666d4eaa elementor-section-boxed elementor-section-height-default elementor-section-height-default\" data-id=\"666d4eaa\" data-element_type=\"section\" data-settings=\"{&quot;_ha_eqh_enable&quot;:false}\">\n\t\t\t\t\t\t<div class=\"elementor-container elementor-column-gap-default\">\n\t\t\t\t\t<div class=\"elementor-column elementor-col-100 elementor-inner-column elementor-element elementor-element-6a1d136f\" data-id=\"6a1d136f\" data-element_type=\"column\">\n\t\t\t<div class=\"elementor-widget-wrap elementor-element-populated\">\n\t\t\t\t\t\t\t\t<div class=\"elementor-element elementor-element-4e96b8a elementor-arrows-position-inside elementor-pagination-position-outside elementor-widget elementor-widget-image-carousel\" data-id=\"4e96b8a\" data-element_type=\"widget\" data-settings=\"{&quot;slides_to_show&quot;:&quot;3&quot;,&quot;image_spacing_custom&quot;:{&quot;unit&quot;:&quot;px&quot;,&quot;size&quot;:9,&quot;sizes&quot;:[]},&quot;navigation&quot;:&quot;both&quot;,&quot;autoplay&quot;:&quot;yes&quot;,&quot;pause_on_hover&quot;:&quot;yes&quot;,&quot;pause_on_interaction&quot;:&quot;yes&quot;,&quot;autoplay_speed&quot;:5000,&quot;infinite&quot;:&quot;yes&quot;,&quot;speed&quot;:500,&quot;image_spacing_custom_tablet&quot;:{&quot;unit&quot;:&quot;px&quot;,&quot;size&quot;:&quot;&quot;,&quot;sizes&quot;:[]},&quot;image_spacing_custom_mobile&quot;:{&quot;unit&quot;:&quot;px&quot;,&quot;size&quot;:&quot;&quot;,&quot;sizes&quot;:[]}}\" data-widget_type=\"image-carousel.default\">\n\t\t\t\t<div class=\"elementor-widget-container\">\n\t\t\t\t\t<div class=\"elementor-image-carousel-wrapper swiper-container\" dir=\"ltr\">\n\t\t\t<div class=\"elementor-image-carousel swiper-wrapper swiper-image-stretch\" aria-live=\"off\">\n\t\t\t\t\t\t\t\t<div class=\"swiper-slide\" role=\"group\" aria-roledescription=\"slide\" aria-label=\"1 of 15\"><figure class=\"swiper-slide-inner\"><img decoding=\"async\" class=\"swiper-slide-image\" src=\"https:\/\/makobo.co.mz\/wp-content\/uploads\/elementor\/thumbs\/IMG_20220224_1737221-1-pl523ik9jcolrus72d942py45z9g4ya5efhbs3p0v4.jpg\" alt=\"IMG_20220224_173722(1)\" \/><\/figure><\/div><div class=\"swiper-slide\" role=\"group\" aria-roledescription=\"slide\" aria-label=\"2 of 15\"><figure class=\"swiper-slide-inner\"><img decoding=\"async\" class=\"swiper-slide-image\" src=\"https:\/\/makobo.co.mz\/wp-content\/uploads\/elementor\/thumbs\/20220127_170051-scaled-pl532g8bjoi9a41d2gvxqwkuzj2k7yz07cczwbw9ls.jpg\" alt=\"20220127_170051\" \/><\/figure><\/div><div class=\"swiper-slide\" role=\"group\" aria-roledescription=\"slide\" aria-label=\"3 of 15\"><figure class=\"swiper-slide-inner\"><img decoding=\"async\" class=\"swiper-slide-image\" src=\"https:\/\/makobo.co.mz\/wp-content\/uploads\/elementor\/thumbs\/20220127_171025-scaled-pl533htv51xq6iiqyx50in3aqxx8rv49oigf3eciow.jpg\" alt=\"20220127_171025\" \/><\/figure><\/div><div class=\"swiper-slide\" role=\"group\" aria-roledescription=\"slide\" aria-label=\"4 of 15\"><figure class=\"swiper-slide-inner\"><img decoding=\"async\" class=\"swiper-slide-image\" src=\"https:\/\/makobo.co.mz\/wp-content\/uploads\/elementor\/thumbs\/20220127_170201-scaled-pl532092bhwdsqoknrza2im0vz9bl47kh59qqmjyjk.jpg\" alt=\"20220127_170201\" \/><\/figure><\/div><div class=\"swiper-slide\" role=\"group\" aria-roledescription=\"slide\" aria-label=\"5 of 15\"><figure class=\"swiper-slide-inner\"><img decoding=\"async\" class=\"swiper-slide-image\" src=\"https:\/\/makobo.co.mz\/wp-content\/uploads\/elementor\/thumbs\/IMG_20220224_1751191-pl5241d1c1ec820w0ldngl7c1oosewcs50j1dmx5eo.jpg\" alt=\"IMG_20220224_175119(1)\" \/><\/figure><\/div><div class=\"swiper-slide\" role=\"group\" aria-roledescription=\"slide\" aria-label=\"6 of 15\"><figure class=\"swiper-slide-inner\"><img decoding=\"async\" class=\"swiper-slide-image\" src=\"https:\/\/makobo.co.mz\/wp-content\/uploads\/elementor\/thumbs\/IMG_20220224_1751001-pl523xlokp96xm6cmjr56m5ho57bk3xushx3gj2q3k.jpg\" alt=\"IMG_20220224_175100(1)\" \/><\/figure><\/div><div class=\"swiper-slide\" role=\"group\" aria-roledescription=\"slide\" aria-label=\"7 of 15\"><figure class=\"swiper-slide-inner\"><img decoding=\"async\" class=\"swiper-slide-image\" src=\"https:\/\/makobo.co.mz\/wp-content\/uploads\/elementor\/thumbs\/IMG_20220224_1744531-pl523us6075bysag30j9h4v3vzl7x0mns3yn0p6wm8.jpg\" alt=\"IMG_20220224_174453(1)\" \/><\/figure><\/div><div class=\"swiper-slide\" role=\"group\" aria-roledescription=\"slide\" aria-label=\"8 of 15\"><figure class=\"swiper-slide-inner\"><img decoding=\"async\" class=\"swiper-slide-image\" src=\"https:\/\/makobo.co.mz\/wp-content\/uploads\/elementor\/thumbs\/20220127_171028-pl531k9t3baibdbs932me4n6sfg2y9g4qy6hkx7nhc.jpg\" alt=\"20220127_171028\" \/><\/figure><\/div><div class=\"swiper-slide\" role=\"group\" aria-roledescription=\"slide\" aria-label=\"9 of 15\"><figure class=\"swiper-slide-inner\"><img decoding=\"async\" class=\"swiper-slide-image\" src=\"https:\/\/makobo.co.mz\/wp-content\/uploads\/elementor\/thumbs\/IMG_20220224_1744231-pl523q2z20ywcqh9ugi4mo1sx28duj403gp7mbdvhc.jpg\" alt=\"IMG_20220224_174423(1)\" \/><\/figure><\/div><div class=\"swiper-slide\" role=\"group\" aria-roledescription=\"slide\" aria-label=\"10 of 15\"><figure class=\"swiper-slide-inner\"><img decoding=\"async\" class=\"swiper-slide-image\" src=\"https:\/\/makobo.co.mz\/wp-content\/uploads\/elementor\/thumbs\/IMG_20220224_1741421-pl523n9ghiv1dwldaxa8x6rf4wma7fst32qr6hi200.jpg\" alt=\"IMG_20220224_174142(1)\" \/><\/figure><\/div><div class=\"swiper-slide\" role=\"group\" aria-roledescription=\"slide\" aria-label=\"11 of 15\"><figure class=\"swiper-slide-inner\"><img decoding=\"async\" class=\"swiper-slide-image\" src=\"https:\/\/makobo.co.mz\/wp-content\/uploads\/elementor\/thumbs\/IMG_20220224_1737221-pl520xi8qr57ugjd5r11pvfhcu03yx0q1mw99pizz4.jpg\" alt=\"IMG_20220224_173722(1)\" \/><\/figure><\/div><div class=\"swiper-slide\" role=\"group\" aria-roledescription=\"slide\" aria-label=\"12 of 15\"><figure class=\"swiper-slide-inner\"><img decoding=\"async\" class=\"swiper-slide-image\" src=\"https:\/\/makobo.co.mz\/wp-content\/uploads\/elementor\/thumbs\/IMG_20220224_1735551-pl523bze7iflil1r4seq39lw0a5vn2k11iwxf5ys2o.jpg\" alt=\"IMG_20220224_173555(1)\" \/><\/figure><\/div><div class=\"swiper-slide\" role=\"group\" aria-roledescription=\"slide\" aria-label=\"13 of 15\"><figure class=\"swiper-slide-inner\"><img decoding=\"async\" class=\"swiper-slide-image\" src=\"https:\/\/makobo.co.mz\/wp-content\/uploads\/elementor\/thumbs\/IMG_20220224_175100-pl51xwgypyzyfoxqufwbomy0g4xj60zuyn7xlm0o0w.jpg\" alt=\"IMG_20220224_175100\" \/><\/figure><\/div><div class=\"swiper-slide\" role=\"group\" aria-roledescription=\"slide\" aria-label=\"14 of 15\"><figure class=\"swiper-slide-inner\"><img decoding=\"async\" class=\"swiper-slide-image\" src=\"https:\/\/makobo.co.mz\/wp-content\/uploads\/elementor\/thumbs\/IMG_20220224_1751591-pl51y08bhb53q4sa8hitylzutof00tesb5tvipv3c0.jpg\" alt=\"IMG_20220224_175159(1)\" \/><\/figure><\/div><div class=\"swiper-slide\" role=\"group\" aria-roledescription=\"slide\" aria-label=\"15 of 15\"><figure class=\"swiper-slide-inner\"><img decoding=\"async\" class=\"swiper-slide-image\" src=\"https:\/\/makobo.co.mz\/wp-content\/uploads\/elementor\/thumbs\/IMG_20220224_174702-pl501r678dpkpfxarzg1wu0y0gtj40gflcin1f274w.jpg\" alt=\"BC CP RV 28A\" \/><\/figure><\/div>\t\t\t<\/div>\n\t\t\t\t\t\t\t\t\t\t\t\t<div class=\"elementor-swiper-button elementor-swiper-button-prev\" role=\"button\" tabindex=\"0\">\n\t\t\t\t\t\t<i aria-hidden=\"true\" class=\"eicon-chevron-left\"><\/i>\t\t\t\t\t<\/div>\n\t\t\t\t\t<div class=\"elementor-swiper-button elementor-swiper-button-next\" role=\"button\" tabindex=\"0\">\n\t\t\t\t\t\t<i aria-hidden=\"true\" class=\"eicon-chevron-right\"><\/i>\t\t\t\t\t<\/div>\n\t\t\t\t\n\t\t\t\t\t\t\t\t\t<div class=\"swiper-pagination\"><\/div>\n\t\t\t\t\t\t\t\t\t<\/div>\n\t\t\t\t<\/div>\n\t\t\t\t<\/div>\n\t\t\t\t<div class=\"elementor-element elementor-element-58e11923 elementor-widget elementor-widget-text-editor\" data-id=\"58e11923\" data-element_type=\"widget\" data-widget_type=\"text-editor.default\">\n\t\t\t\t<div class=\"elementor-widget-container\">\n\t\t\t\t\t\t\t<p style=\"text-align: left;\">Crises are a unique opportunity to look within, assess our potential and explore new possibilities and opportunities.<\/p><p style=\"text-align: left;\">The COVID-19 Pandemic has offered MAKOBO the structuring challenge of being increasingly closer to those who, due to their social condition, are more exposed to the impacts of the worsening economic and social difficulties, and, at the same time, the challenge of becoming a social support institution. progressively autonomous and self-sufficient.<\/p><p style=\"text-align: left;\">The Co-manager of Jardim Municipal Nangade (Former Garden Dona Berta), on Av. Vladimir Lenine, in Maputo, in partnership with MAKOBO, debuts the concept The BLACK &amp; WHITE by MAKOBO, thinking, as always, of boosting the economy and local content, and the impact of social entrepreneurship, as a way to promote more economic and social development, inclusion and sustainability in Mozambique.<\/p><p style=\"text-align: left;\">These are TWO DIFFERENT COMMERCIAL SPACES, united by the same ideal\u2026 <b><i>MOZAMBIQUE.<\/i><\/b>.<\/p><p style=\"text-align: left;\"><span style=\"color: #ff6600;\"><b>WHITE Space<\/b><\/span><\/p><p style=\"text-align: left;\">The WHITE Space is completely white, neutral. It is a \u201cPOP-UP STORE\u201d, which will be available to Mozambican entrepreneurs who want to disseminate, expose, propose, promote their ideas, projects, and environmentally sustainable products with social impact, not having, in addition to social networks, a place where they can physically interact with their target audience.<\/p><p style=\"text-align: left;\">For a week, the space will be available to the entrepreneur, so that he can make it his own: live it, show yourself, sell yourself, dazzle... FALL IN LOVE, CREATE, GROW and PROSPER.<\/p><p style=\"text-align: left;\"><span style=\"color: #ff6600;\"><b>BLACK Space<\/b><\/span><\/p><p style=\"text-align: left;\">The BLACK Space is black. The walls are slate black, to allow space users to use them to write and draw their desires, dreams and visions about Mozambique.<\/p><p style=\"text-align: left;\">In the BLACK store, MAKOBO will promote 100% MOZAMBICAN products with social impact: Products from social, community projects that add value, as well as contribute to the promotion of social, cultural and environmental causes, for the appreciation and preservation of our traditional knowledge.<\/p><p style=\"text-align: left;\">Because we are aware that this is the time to build a new Mozambique TOGETHER, and that many have been and continue to be affected by the slowdown in our economy, this is our humble contribution to a Mozambique of the Future. More Inclusive, Socially Responsible and Environmentally Sustainable\u2026 MORE FOR EVERYONE.<\/p><p style=\"text-align: left;\"><strong><span style=\"color: #fcd537;\">THERE ARE NO CHANGES WITHOUT COMMITMENT AND THIS IS THE ONE WE HAVE CHOSEN.<\/span><\/strong><\/p><p style=\"text-align: left;\">If you have an IDEA, PROJECT, PRODUCT, sign up. We believe in dreams and that \u201cthe impossible does not exist.\u201d We want to help make your idea achievable, and with your help it is our dreams to build Mozambique.<\/p><p style=\"text-align: left;\"><strong><span style=\"color: #fcd537;\">IT'S TIME TO MAKE IT HAPPEN<\/span><\/strong><\/p>\t\t\t\t\t\t<\/div>\n\t\t\t\t<\/div>\n\t\t\t\t<div class=\"elementor-element elementor-element-346ed8b0 elementor-widget elementor-widget-text-editor\" data-id=\"346ed8b0\" data-element_type=\"widget\" data-widget_type=\"text-editor.default\">\n\t\t\t\t<div class=\"elementor-widget-container\">\n\t\t\t\t\t\t\t\t\t\t\t\t\t<\/div>\n\t\t\t\t<\/div>\n\t\t\t\t\t<\/div>\n\t\t<\/div>\n\t\t\t\t\t\t\t<\/div>\n\t\t<\/section>\n\t\t\t\t\t<\/div>\n\t\t<\/div>\n\t\t\t\t\t\t\t<\/div>\n\t\t<\/section>\n\t\t\t\t\t\t\t<\/div>","protected":false},"excerpt":{"rendered":"<p>BLACK &amp; WHITE The BLACK AND WHITE Concept By MAKOBO Previous Next As crises s\u00e3o uma oportunidade \u00edmpar para olharmos para dentro de n\u00f3s, avaliarmos o nosso potencial e explorarmos novas possibilidades e oportunidades. A Pandemia da COVID19 trouxe a MAKOBO o desafio estruturante de estar cada vez mais pr\u00f3ximos daqueles que pela sua condi\u00e7\u00e3o &hellip; <a href=\"https:\/\/makobo.co.mz\/en\/the-black-and-white-concept-by-makobo-apresentacao\/\" class=\"more-link\">Continue reading <span class=\"screen-reader-text\">BLACK &#038; WHITE (Black &#038; White Concept By MAKOBO)<\/span><\/a><\/p>","protected":false},"author":2,"featured_media":0,"parent":0,"menu_order":0,"comment_status":"closed","ping_status":"closed","template":"elementor_header_footer","meta":{"footnotes":""},"class_list":["post-8683","page","type-page","status-publish","hentry"],"_links":{"self":[{"href":"https:\/\/makobo.co.mz\/en\/wp-json\/wp\/v2\/pages\/8683","targetHints":{"allow":["GET"]}}],"collection":[{"href":"https:\/\/makobo.co.mz\/en\/wp-json\/wp\/v2\/pages"}],"about":[{"href":"https:\/\/makobo.co.mz\/en\/wp-json\/wp\/v2\/types\/page"}],"author":[{"embeddable":true,"href":"https:\/\/makobo.co.mz\/en\/wp-json\/wp\/v2\/users\/2"}],"replies":[{"embeddable":true,"href":"https:\/\/makobo.co.mz\/en\/wp-json\/wp\/v2\/comments?post=8683"}],"version-history":[{"count":42,"href":"https:\/\/makobo.co.mz\/en\/wp-json\/wp\/v2\/pages\/8683\/revisions"}],"predecessor-version":[{"id":10911,"href":"https:\/\/makobo.co.mz\/en\/wp-json\/wp\/v2\/pages\/8683\/revisions\/10911"}],"wp:attachment":[{"href":"https:\/\/makobo.co.mz\/en\/wp-json\/wp\/v2\/media?parent=8683"}],"curies":[{"name":"wp","href":"https:\/\/api.w.org\/{rel}","templated":true}]}}