{"id":8681,"date":"2021-08-20T00:26:11","date_gmt":"2021-08-19T22:26:11","guid":{"rendered":"https:\/\/makobo.co.mz\/?page_id=8681"},"modified":"2022-03-04T15:08:29","modified_gmt":"2022-03-04T13:08:29","slug":"ecopemba","status":"publish","type":"page","link":"https:\/\/makobo.co.mz\/en\/ecopemba\/","title":{"rendered":"ECOPEMBA"},"content":{"rendered":"<div data-elementor-type=\"wp-page\" data-elementor-id=\"8681\" class=\"elementor elementor-8681\">\n\t\t\t\t\t\t\t\t\t<section class=\"elementor-section elementor-top-section elementor-element elementor-element-46de100e elementor-section-stretched elementor-section-boxed elementor-section-height-default elementor-section-height-default\" data-id=\"46de100e\" data-element_type=\"section\" data-settings=\"{&quot;stretch_section&quot;:&quot;section-stretched&quot;,&quot;background_background&quot;:&quot;classic&quot;,&quot;_ha_eqh_enable&quot;:false}\">\n\t\t\t\t\t\t<div class=\"elementor-container elementor-column-gap-no\">\n\t\t\t\t\t<div class=\"elementor-column elementor-col-100 elementor-top-column elementor-element elementor-element-11eb7dfa\" data-id=\"11eb7dfa\" data-element_type=\"column\" data-settings=\"{&quot;background_background&quot;:&quot;classic&quot;}\">\n\t\t\t<div class=\"elementor-widget-wrap elementor-element-populated\">\n\t\t\t\t\t\t\t\t<div class=\"elementor-element elementor-element-20b4474 elementor-widget elementor-widget-besa-heading\" data-id=\"20b4474\" data-element_type=\"widget\" data-widget_type=\"besa-heading.default\">\n\t\t\t\t<div class=\"elementor-widget-container\">\n\t\t\t\r\n<div class=\"tbay-element tbay-element-heading\">\r\n\t\t\t\t<h1 class=\"heading-tbay-title\">\r\n\t\t\t\t\t\t\t\t\t<span class=\"title\">ECO-PEMBA<\/span>\r\n\t\t\t\t\t    \t\r\n\t\t\t\t\t\t\t<\/h1>\r\n\t\t<\/div>\t\t<\/div>\n\t\t\t\t<\/div>\n\t\t\t\t<div class=\"elementor-element elementor-element-53bb88ad elementor-arrows-position-inside elementor-pagination-position-outside elementor-widget elementor-widget-image-carousel\" data-id=\"53bb88ad\" data-element_type=\"widget\" data-settings=\"{&quot;slides_to_show&quot;:&quot;3&quot;,&quot;autoplay_speed&quot;:1000,&quot;image_spacing_custom&quot;:{&quot;unit&quot;:&quot;px&quot;,&quot;size&quot;:8,&quot;sizes&quot;:[]},&quot;slides_to_show_tablet&quot;:&quot;3&quot;,&quot;slides_to_show_mobile&quot;:&quot;2&quot;,&quot;navigation&quot;:&quot;both&quot;,&quot;autoplay&quot;:&quot;yes&quot;,&quot;pause_on_hover&quot;:&quot;yes&quot;,&quot;pause_on_interaction&quot;:&quot;yes&quot;,&quot;infinite&quot;:&quot;yes&quot;,&quot;speed&quot;:500,&quot;image_spacing_custom_tablet&quot;:{&quot;unit&quot;:&quot;px&quot;,&quot;size&quot;:&quot;&quot;,&quot;sizes&quot;:[]},&quot;image_spacing_custom_mobile&quot;:{&quot;unit&quot;:&quot;px&quot;,&quot;size&quot;:&quot;&quot;,&quot;sizes&quot;:[]}}\" data-widget_type=\"image-carousel.default\">\n\t\t\t\t<div class=\"elementor-widget-container\">\n\t\t\t\t\t<div class=\"elementor-image-carousel-wrapper swiper-container\" dir=\"ltr\">\n\t\t\t<div class=\"elementor-image-carousel swiper-wrapper swiper-image-stretch\" aria-live=\"off\">\n\t\t\t\t\t\t\t\t<div class=\"swiper-slide\" role=\"group\" aria-roledescription=\"slide\" aria-label=\"1 of 13\"><figure class=\"swiper-slide-inner\"><img decoding=\"async\" class=\"swiper-slide-image\" src=\"https:\/\/makobo.co.mz\/wp-content\/uploads\/elementor\/thumbs\/IMG_20210220_185813-1-scaled-pl46kyfabdjhnfgardgxfezn42wsz96khe9rale27s.jpg\" alt=\"nor_vivi\" \/><\/figure><\/div><div class=\"swiper-slide\" role=\"group\" aria-roledescription=\"slide\" aria-label=\"2 of 13\"><figure class=\"swiper-slide-inner\"><img decoding=\"async\" class=\"swiper-slide-image\" src=\"https:\/\/makobo.co.mz\/wp-content\/uploads\/elementor\/thumbs\/IMG_20210221_072518-1-scaled-pl46kn581d41s3wol8lelhu3zggeevxsfufxj9usag.jpg\" alt=\"N4227_vivi\" \/><\/figure><\/div><div class=\"swiper-slide\" role=\"group\" aria-roledescription=\"slide\" aria-label=\"3 of 13\"><figure class=\"swiper-slide-inner\"><img decoding=\"async\" class=\"swiper-slide-image\" src=\"https:\/\/makobo.co.mz\/wp-content\/uploads\/elementor\/thumbs\/IMG_20210221_072851-1-pl46mv1i6a5f6yommp4ozfoah7ill5qz2tw7bskblk.jpg\" alt=\"N4227_vivi\" \/><\/figure><\/div><div class=\"swiper-slide\" role=\"group\" aria-roledescription=\"slide\" aria-label=\"4 of 13\"><figure class=\"swiper-slide-inner\"><img decoding=\"async\" class=\"swiper-slide-image\" src=\"https:\/\/makobo.co.mz\/wp-content\/uploads\/elementor\/thumbs\/IMG_20210220_190129-1-pl46kss96dbrprohob160gevjrolp2k6gmcuexmf94.jpg\" alt=\"N4207_vivi\" \/><\/figure><\/div><div class=\"swiper-slide\" role=\"group\" aria-roledescription=\"slide\" aria-label=\"5 of 13\"><figure class=\"swiper-slide-inner\"><img decoding=\"async\" class=\"swiper-slide-image\" src=\"https:\/\/makobo.co.mz\/wp-content\/uploads\/elementor\/thumbs\/IMG_20210221_072252-1-scaled-pl46n0ojbad54mgfprkgee921iqsvcdd3lt47gbyk8.jpg\" alt=\"N4227_vivi\" \/><\/figure><\/div><div class=\"swiper-slide\" role=\"group\" aria-roledescription=\"slide\" aria-label=\"6 of 13\"><figure class=\"swiper-slide-inner\"><img decoding=\"async\" class=\"swiper-slide-image\" src=\"https:\/\/makobo.co.mz\/wp-content\/uploads\/elementor\/thumbs\/IMG_20210220_115346-1-scaled-pl46l8riejxn751a2zxtoudpnbhubxbm6tg3kmyqbc.jpg\" alt=\"N4207_vivi\" \/><\/figure><\/div><div class=\"swiper-slide\" role=\"group\" aria-roledescription=\"slide\" aria-label=\"7 of 13\"><figure class=\"swiper-slide-inner\"><img decoding=\"async\" class=\"swiper-slide-image\" src=\"https:\/\/makobo.co.mz\/wp-content\/uploads\/elementor\/thumbs\/IMG_20210220_113702-1-scaled-pl46li5wawaif8nmk403ds0bl67igwcxk3yydeksl4.jpg\" alt=\"N1022_vivi\" \/><\/figure><\/div><div class=\"swiper-slide\" role=\"group\" aria-roledescription=\"slide\" aria-label=\"8 of 13\"><figure class=\"swiper-slide-inner\"><img decoding=\"async\" class=\"swiper-slide-image\" src=\"https:\/\/makobo.co.mz\/wp-content\/uploads\/elementor\/thumbs\/IMG_20210220_190531_edit_60199613613210-1-scaled-pl46n79en4m5dw6vnceudula77udd83hgidike27co.jpg\" alt=\"N4227_vivi\" \/><\/figure><\/div><div class=\"swiper-slide\" role=\"group\" aria-roledescription=\"slide\" aria-label=\"9 of 13\"><figure class=\"swiper-slide-inner\"><img decoding=\"async\" class=\"swiper-slide-image\" src=\"https:\/\/makobo.co.mz\/wp-content\/uploads\/elementor\/thumbs\/IMG_20210220_113453-1-pl46loqrmqjioie2houhd8cjqvb2ys31x0jcqcb1dk.jpg\" alt=\"N2032_vivi\" \/><\/figure><\/div><div class=\"swiper-slide\" role=\"group\" aria-roledescription=\"slide\" aria-label=\"10 of 13\"><figure class=\"swiper-slide-inner\"><img decoding=\"async\" class=\"swiper-slide-image\" src=\"https:\/\/makobo.co.mz\/wp-content\/uploads\/elementor\/thumbs\/IMG_20210220_113313-1-scaled-pl46lw9h5ett9e359s3hx6g8hya0ocwwm1r8kjzvzs.jpg\" alt=\"N1022_vivi\" \/><\/figure><\/div><div class=\"swiper-slide\" role=\"group\" aria-roledescription=\"slide\" aria-label=\"11 of 13\"><figure class=\"swiper-slide-inner\"><img decoding=\"async\" class=\"swiper-slide-image\" src=\"https:\/\/makobo.co.mz\/wp-content\/uploads\/elementor\/thumbs\/IMG_20210220_085641-1-scaled-pl46m3s6o343u9s81vcih4jx918ydxqrb2z4eroqm0.jpg\" alt=\"IMG_20210220_085641\" \/><\/figure><\/div><div class=\"swiper-slide\" role=\"group\" aria-roledescription=\"slide\" aria-label=\"12 of 13\"><figure class=\"swiper-slide-inner\"><img decoding=\"async\" class=\"swiper-slide-image\" src=\"https:\/\/makobo.co.mz\/wp-content\/uploads\/elementor\/thumbs\/IMG_20210222_174018-1-scaled-pl46me4er9i9dzd7dhteqjxzs9tzqlvt0i5got9epk.jpg\" alt=\"N4227_vivi\" \/><\/figure><\/div><div class=\"swiper-slide\" role=\"group\" aria-roledescription=\"slide\" aria-label=\"13 of 13\"><figure class=\"swiper-slide-inner\"><img decoding=\"async\" class=\"swiper-slide-image\" src=\"https:\/\/makobo.co.mz\/wp-content\/uploads\/elementor\/thumbs\/IMG_20210222_174128-1-scaled-pl46mogmufwexoy6p4aazzc2bif13a0upxbsyuu2t4.jpg\" alt=\"N4227_vivi\" \/><\/figure><\/div>\t\t\t<\/div>\n\t\t\t\t\t\t\t\t\t\t\t\t<div class=\"elementor-swiper-button elementor-swiper-button-prev\" role=\"button\" tabindex=\"0\">\n\t\t\t\t\t\t<i aria-hidden=\"true\" class=\"eicon-chevron-left\"><\/i>\t\t\t\t\t<\/div>\n\t\t\t\t\t<div class=\"elementor-swiper-button elementor-swiper-button-next\" role=\"button\" tabindex=\"0\">\n\t\t\t\t\t\t<i aria-hidden=\"true\" class=\"eicon-chevron-right\"><\/i>\t\t\t\t\t<\/div>\n\t\t\t\t\n\t\t\t\t\t\t\t\t\t<div class=\"swiper-pagination\"><\/div>\n\t\t\t\t\t\t\t\t\t<\/div>\n\t\t\t\t<\/div>\n\t\t\t\t<\/div>\n\t\t\t\t<section class=\"elementor-section elementor-inner-section elementor-element elementor-element-381003 elementor-section-boxed elementor-section-height-default elementor-section-height-default\" data-id=\"381003\" data-element_type=\"section\" data-settings=\"{&quot;_ha_eqh_enable&quot;:false}\">\n\t\t\t\t\t\t<div class=\"elementor-container elementor-column-gap-default\">\n\t\t\t\t\t<div class=\"elementor-column elementor-col-100 elementor-inner-column elementor-element elementor-element-2370e48c\" data-id=\"2370e48c\" data-element_type=\"column\">\n\t\t\t<div class=\"elementor-widget-wrap elementor-element-populated\">\n\t\t\t\t\t\t\t\t<div class=\"elementor-element elementor-element-137f1b17 elementor-widget elementor-widget-text-editor\" data-id=\"137f1b17\" data-element_type=\"widget\" data-widget_type=\"text-editor.default\">\n\t\t\t\t<div class=\"elementor-widget-container\">\n\t\t\t\t\t\t\t<p style=\"text-align: left;\">The population from the city of Pemba has increased in more than doubled since the insurgent attacks that started in 2017.The conflict that has already caused more than 1.3 million internally displaced people who, in addition to humanitarian support, need livelihoods, inclusion and most importantly  economic and social sustainability.<\/p><p style=\"text-align: left;\">The excecisse garbage is one of the most visible impacts of this population increase. Dumpsters proliferate throughout the city of Pemba, mainly in Pemba Bay.<\/p><p style=\"text-align: left;\">Our strategy to reduce the impacts of waste on public health, the local economy and the environment, involves the combination of two of our economic and social inclusion strategies: SOLIDARY SOUP and GARBAGE EXCHANGE FOR FOOD SUPPORT \u2013 The ECO-PEMBA Project<\/p><p style=\"text-align: left;\">In the Josina Machel neighborhood, one of the most populous in Pemba, 5,000 people will benefit from these initiatives as an incentive and motivation for waste segregation, sales, employment and business opportunities.<\/p><p style=\"text-align: left;\">This initiative will involve 20,000 people\/day, in four different neighborhoods, until the end of June this year.<\/p><p style=\"text-align: left;\"><span style=\"color: #fcd537;\"><strong>Objectives:<\/strong><\/span><\/p><p style=\"text-align: left;\">MAKE PEMBA THE RECYCLING CAPITAL OF NORTHERN MOZAMBIQUE<\/p><p style=\"text-align: left;\"><span style=\"color: #fcd537;\"><strong>Forecasted activities<\/strong><\/span><\/p><p style=\"text-align: left;\"><img decoding=\"async\" class=\"emoji\" role=\"img\" draggable=\"false\" src=\"https:\/\/s.w.org\/images\/core\/emoji\/13.1.0\/svg\/2b50.svg\" alt=\"\u2b50\" \/> Wimbe Beach Cleanup Campaigns, closest neighborhoods, and drainage ditches.<\/p><p style=\"text-align: left;\"><img decoding=\"async\" class=\"emoji\" role=\"img\" draggable=\"false\" src=\"https:\/\/s.w.org\/images\/core\/emoji\/13.1.0\/svg\/2b50.svg\" alt=\"\u2b50\" \/> Raise community awareness about waste management.<\/p><p style=\"text-align: left;\"><img decoding=\"async\" class=\"emoji\" role=\"img\" draggable=\"false\" src=\"https:\/\/s.w.org\/images\/core\/emoji\/13.1.0\/svg\/2b50.svg\" alt=\"\u2b50\" \/> Development and support of waste recycling initiatives.<\/p><p style=\"text-align: left;\"><img decoding=\"async\" class=\"emoji\" role=\"img\" draggable=\"false\" src=\"https:\/\/s.w.org\/images\/core\/emoji\/13.1.0\/svg\/2b50.svg\" alt=\"\u2b50\" \/> Debates on the role and actions of different actors in solid waste management.<\/p><p style=\"text-align: left;\"><img decoding=\"async\" class=\"emoji\" role=\"img\" draggable=\"false\" src=\"https:\/\/s.w.org\/images\/core\/emoji\/13.1.0\/svg\/2b50.svg\" alt=\"\u2b50\" \/> Mobilization of resources for the solid waste collection and recycling process.<\/p><p style=\"text-align: left;\">TOGETHER WE ARE MORE<\/p><p style=\"text-align: left;\">Participate in cleaning campaigns every Saturday from 6:00 am to 11:00 am.<\/p><p style=\"text-align: left;\">THERE ARE NO CHANGES WITHOUT COMMITMENT AND THIS IS THE ONE WE HAVE CHOSEN.<\/p>\t\t\t\t\t\t<\/div>\n\t\t\t\t<\/div>\n\t\t\t\t<div class=\"elementor-element elementor-element-ed1c2d3 elementor-widget elementor-widget-text-editor\" data-id=\"ed1c2d3\" data-element_type=\"widget\" data-widget_type=\"text-editor.default\">\n\t\t\t\t<div class=\"elementor-widget-container\">\n\t\t\t\t\t\t\t\t\t\t\t\t\t<\/div>\n\t\t\t\t<\/div>\n\t\t\t\t\t<\/div>\n\t\t<\/div>\n\t\t\t\t\t\t\t<\/div>\n\t\t<\/section>\n\t\t\t\t\t<\/div>\n\t\t<\/div>\n\t\t\t\t\t\t\t<\/div>\n\t\t<\/section>\n\t\t\t\t\t\t\t<\/div>","protected":false},"excerpt":{"rendered":"<p>ECO-PEMBA Previous Next A popula\u00e7\u00e3o da cidade de Pemba mais do que duplicou desde o in\u00edcio dos ataques dos insurgentes, em 2017. Um conflito que j\u00e1 provocou mais de 1.3 Milh\u00f5es de deslocados internos que, para al\u00e9m de apoio humanit\u00e1rio, necessitam de meios de subsist\u00eancia, inclus\u00e3o e sustentabilidade econ\u00f3micas e sociais. O lixo \u00e9 um &hellip; <a href=\"https:\/\/makobo.co.mz\/en\/ecopemba\/\" class=\"more-link\">Continue reading <span class=\"screen-reader-text\">ECOPEMBA<\/span><\/a><\/p>","protected":false},"author":1,"featured_media":0,"parent":0,"menu_order":0,"comment_status":"closed","ping_status":"closed","template":"elementor_header_footer","meta":{"footnotes":""},"class_list":["post-8681","page","type-page","status-publish","hentry"],"_links":{"self":[{"href":"https:\/\/makobo.co.mz\/en\/wp-json\/wp\/v2\/pages\/8681","targetHints":{"allow":["GET"]}}],"collection":[{"href":"https:\/\/makobo.co.mz\/en\/wp-json\/wp\/v2\/pages"}],"about":[{"href":"https:\/\/makobo.co.mz\/en\/wp-json\/wp\/v2\/types\/page"}],"author":[{"embeddable":true,"href":"https:\/\/makobo.co.mz\/en\/wp-json\/wp\/v2\/users\/1"}],"replies":[{"embeddable":true,"href":"https:\/\/makobo.co.mz\/en\/wp-json\/wp\/v2\/comments?post=8681"}],"version-history":[{"count":20,"href":"https:\/\/makobo.co.mz\/en\/wp-json\/wp\/v2\/pages\/8681\/revisions"}],"predecessor-version":[{"id":10917,"href":"https:\/\/makobo.co.mz\/en\/wp-json\/wp\/v2\/pages\/8681\/revisions\/10917"}],"wp:attachment":[{"href":"https:\/\/makobo.co.mz\/en\/wp-json\/wp\/v2\/media?parent=8681"}],"curies":[{"name":"wp","href":"https:\/\/api.w.org\/{rel}","templated":true}]}}