{"id":8679,"date":"2021-08-20T00:23:26","date_gmt":"2021-08-19T22:23:26","guid":{"rendered":"https:\/\/makobo.co.mz\/?page_id=8679"},"modified":"2022-03-04T14:53:08","modified_gmt":"2022-03-04T12:53:08","slug":"cabo-delgado-2020","status":"publish","type":"page","link":"https:\/\/makobo.co.mz\/en\/cabo-delgado-2020\/","title":{"rendered":"CABO DELGADO 2020"},"content":{"rendered":"<div data-elementor-type=\"wp-page\" data-elementor-id=\"8679\" class=\"elementor elementor-8679\">\n\t\t\t\t\t\t\t\t\t<section class=\"elementor-section elementor-top-section elementor-element elementor-element-4caa0ce1 elementor-section-stretched elementor-section-boxed elementor-section-height-default elementor-section-height-default\" data-id=\"4caa0ce1\" data-element_type=\"section\" data-settings=\"{&quot;stretch_section&quot;:&quot;section-stretched&quot;,&quot;background_background&quot;:&quot;classic&quot;,&quot;_ha_eqh_enable&quot;:false}\">\n\t\t\t\t\t\t<div class=\"elementor-container elementor-column-gap-no\">\n\t\t\t\t\t<div class=\"elementor-column elementor-col-100 elementor-top-column elementor-element elementor-element-a2b6a99\" data-id=\"a2b6a99\" data-element_type=\"column\" data-settings=\"{&quot;background_background&quot;:&quot;classic&quot;}\">\n\t\t\t<div class=\"elementor-widget-wrap elementor-element-populated\">\n\t\t\t\t\t\t\t\t<div class=\"elementor-element elementor-element-17bf31de elementor-widget elementor-widget-besa-heading\" data-id=\"17bf31de\" data-element_type=\"widget\" data-widget_type=\"besa-heading.default\">\n\t\t\t\t<div class=\"elementor-widget-container\">\n\t\t\t\r\n<div class=\"tbay-element tbay-element-heading\">\r\n\t\t\t\t<h1 class=\"heading-tbay-title\">\r\n\t\t\t\t\t\t\t\t\t<span class=\"title\">CORA\u00c7\u00c3O SOLID\u00c1RIO<\/span>\r\n\t\t\t\t\t    \t\r\n\t\t\t\t\t\t\t<\/h1>\r\n\t\t<\/div>\t\t<\/div>\n\t\t\t\t<\/div>\n\t\t\t\t<div class=\"elementor-element elementor-element-70d9905f elementor-widget elementor-widget-besa-heading\" data-id=\"70d9905f\" data-element_type=\"widget\" data-widget_type=\"besa-heading.default\">\n\t\t\t\t<div class=\"elementor-widget-container\">\n\t\t\t\r\n<div class=\"tbay-element tbay-element-heading\">\r\n\t\t\t\t<h2 class=\"heading-tbay-title\">\r\n\t\t\t\t\t\t\t\t\t<span class=\"title\">CABO DELGADO -2020<\/span>\r\n\t\t\t\t\t    \t\r\n\t\t\t\t\t\t\t<\/h2>\r\n\t\t<\/div>\t\t<\/div>\n\t\t\t\t<\/div>\n\t\t\t\t<div class=\"elementor-element elementor-element-4feb0f2c elementor-arrows-position-inside elementor-pagination-position-outside elementor-widget elementor-widget-image-carousel\" data-id=\"4feb0f2c\" data-element_type=\"widget\" data-settings=\"{&quot;slides_to_show&quot;:&quot;3&quot;,&quot;autoplay_speed&quot;:1000,&quot;image_spacing_custom&quot;:{&quot;unit&quot;:&quot;px&quot;,&quot;size&quot;:8,&quot;sizes&quot;:[]},&quot;slides_to_show_tablet&quot;:&quot;3&quot;,&quot;slides_to_show_mobile&quot;:&quot;2&quot;,&quot;navigation&quot;:&quot;both&quot;,&quot;autoplay&quot;:&quot;yes&quot;,&quot;pause_on_hover&quot;:&quot;yes&quot;,&quot;pause_on_interaction&quot;:&quot;yes&quot;,&quot;infinite&quot;:&quot;yes&quot;,&quot;speed&quot;:500,&quot;image_spacing_custom_tablet&quot;:{&quot;unit&quot;:&quot;px&quot;,&quot;size&quot;:&quot;&quot;,&quot;sizes&quot;:[]},&quot;image_spacing_custom_mobile&quot;:{&quot;unit&quot;:&quot;px&quot;,&quot;size&quot;:&quot;&quot;,&quot;sizes&quot;:[]}}\" data-widget_type=\"image-carousel.default\">\n\t\t\t\t<div class=\"elementor-widget-container\">\n\t\t\t\t\t<div class=\"elementor-image-carousel-wrapper swiper-container\" dir=\"ltr\">\n\t\t\t<div class=\"elementor-image-carousel swiper-wrapper swiper-image-stretch\" aria-live=\"off\">\n\t\t\t\t\t\t\t\t<div class=\"swiper-slide\" role=\"group\" aria-roledescription=\"slide\" aria-label=\"1 of 16\"><figure class=\"swiper-slide-inner\"><img decoding=\"async\" class=\"swiper-slide-image\" src=\"https:\/\/makobo.co.mz\/wp-content\/uploads\/elementor\/thumbs\/IMG_20210612_070632-pkynkynvxgl938w6s9tvptxtjlrtgjlp4eo0hs1ig0.jpg\" alt=\"IMG_20210612_070632\" \/><\/figure><\/div><div class=\"swiper-slide\" role=\"group\" aria-roledescription=\"slide\" aria-label=\"2 of 16\"><figure class=\"swiper-slide-inner\"><img decoding=\"async\" class=\"swiper-slide-image\" src=\"https:\/\/makobo.co.mz\/wp-content\/uploads\/elementor\/thumbs\/IMG_20210510_143920-pkynl2f8osqedoqq6bgdzsznx59abc0mgx9yevvxr4.jpg\" alt=\"IMG_20210510_143920\" \/><\/figure><\/div><div class=\"swiper-slide\" role=\"group\" aria-roledescription=\"slide\" aria-label=\"3 of 16\"><figure class=\"swiper-slide-inner\"><img decoding=\"async\" class=\"swiper-slide-image\" src=\"https:\/\/makobo.co.mz\/wp-content\/uploads\/elementor\/thumbs\/IMG_20210405_232441-pkynl74fmywtzqjwevhiu9syw2m4dtja5kjdt9oyw0.jpg\" alt=\"IMG_20210405_232441\" \/><\/figure><\/div><div class=\"swiper-slide\" role=\"group\" aria-roledescription=\"slide\" aria-label=\"4 of 16\"><figure class=\"swiper-slide-inner\"><img decoding=\"async\" class=\"swiper-slide-image\" src=\"https:\/\/makobo.co.mz\/wp-content\/uploads\/elementor\/thumbs\/IMG_20210404_103758-scaled-pkynlavseb1za6efsx4148ut9m3l8ly7i35bqdje74.jpg\" alt=\"N4227\" \/><\/figure><\/div><div class=\"swiper-slide\" role=\"group\" aria-roledescription=\"slide\" aria-label=\"5 of 16\"><figure class=\"swiper-slide-inner\"><img decoding=\"async\" class=\"swiper-slide-image\" src=\"https:\/\/makobo.co.mz\/wp-content\/uploads\/elementor\/thumbs\/IMG_20210404_095704-pkynlfkzch8ew87m1h55ypo48jgfb3gv6qer4rcfc0.jpg\" alt=\"IMG_20210404_095704\" \/><\/figure><\/div><div class=\"swiper-slide\" role=\"group\" aria-roledescription=\"slide\" aria-label=\"6 of 16\"><figure class=\"swiper-slide-inner\"><img decoding=\"async\" class=\"swiper-slide-image\" src=\"https:\/\/makobo.co.mz\/wp-content\/uploads\/elementor\/thumbs\/IMG_20210402_200900-pkynliehwzc9v23il0d1o6yi0p2iy6s274d7kl88tc.jpg\" alt=\"IMG_20210402_200900\" \/><\/figure><\/div><div class=\"swiper-slide\" role=\"group\" aria-roledescription=\"slide\" aria-label=\"7 of 16\"><figure class=\"swiper-slide-inner\"><img decoding=\"async\" class=\"swiper-slide-image\" src=\"https:\/\/makobo.co.mz\/wp-content\/uploads\/elementor\/thumbs\/IMG_20200704_162739-scaled-pkynuwse9c7hyofzp2mqltkfveqnx83fhn80c7ailc.jpg\" alt=\"IMG_20200704_162739\" \/><\/figure><\/div><div class=\"swiper-slide\" role=\"group\" aria-roledescription=\"slide\" aria-label=\"8 of 16\"><figure class=\"swiper-slide-inner\"><img decoding=\"async\" class=\"swiper-slide-image\" src=\"https:\/\/makobo.co.mz\/wp-content\/uploads\/elementor\/thumbs\/IMG_20200704_162633-scaled-pkynv74mcilnie0z0p3mv8yienbp9w8h72ecm8v6ow.jpg\" alt=\"jhdr\" \/><\/figure><\/div><div class=\"swiper-slide\" role=\"group\" aria-roledescription=\"slide\" aria-label=\"9 of 16\"><figure class=\"swiper-slide-inner\"><img decoding=\"async\" class=\"swiper-slide-image\" src=\"https:\/\/makobo.co.mz\/wp-content\/uploads\/elementor\/thumbs\/IMG_20200704_162404-scaled-pkynvgj08uyiqhnbht5wk6l4ci1dev9skcx7f0h8yo.jpg\" alt=\"jhdr\" \/><\/figure><\/div><div class=\"swiper-slide\" role=\"group\" aria-roledescription=\"slide\" aria-label=\"10 of 16\"><figure class=\"swiper-slide-inner\"><img decoding=\"async\" class=\"swiper-slide-image\" src=\"https:\/\/makobo.co.mz\/wp-content\/uploads\/elementor\/thumbs\/IMG_20200704_120129-scaled-pkynvpxe57bdyl9nyx86947qacr1jub3xng27s3b8g.jpg\" alt=\"IMG_20200704_120129\" \/><\/figure><\/div><div class=\"swiper-slide\" role=\"group\" aria-roledescription=\"slide\" aria-label=\"11 of 16\"><figure class=\"swiper-slide-inner\"><img decoding=\"async\" class=\"swiper-slide-image\" src=\"https:\/\/makobo.co.mz\/wp-content\/uploads\/elementor\/thumbs\/IMG_20200704_112028-scaled-pkynw17gf7qttwta523p31d9ez7g47jvz79vz3ml5s.jpg\" alt=\"jhdr\" \/><\/figure><\/div><div class=\"swiper-slide\" role=\"group\" aria-roledescription=\"slide\" aria-label=\"12 of 16\"><figure class=\"swiper-slide-inner\"><img decoding=\"async\" class=\"swiper-slide-image\" src=\"https:\/\/makobo.co.mz\/wp-content\/uploads\/elementor\/thumbs\/IMG_20200703_171420-scaled-pkynwdfcw27k0ubj5pduhga94zj7w9wecvr77p4gww.jpg\" alt=\"jhdr_vivi\" \/><\/figure><\/div><div class=\"swiper-slide\" role=\"group\" aria-roledescription=\"slide\" aria-label=\"13 of 16\"><figure class=\"swiper-slide-inner\"><img decoding=\"async\" class=\"swiper-slide-image\" src=\"https:\/\/makobo.co.mz\/wp-content\/uploads\/elementor\/thumbs\/IMG_20200703_233333-scaled-pkynwnrkz8lpkjwihbuqqvobo8498y1g2axjhqp50g.jpg\" alt=\"jhdr_vivi\" \/><\/figure><\/div><div class=\"swiper-slide\" role=\"group\" aria-roledescription=\"slide\" aria-label=\"14 of 16\"><figure class=\"swiper-slide-inner\"><img decoding=\"async\" class=\"swiper-slide-image\" src=\"https:\/\/makobo.co.mz\/wp-content\/uploads\/elementor\/thumbs\/IMG_20200703_115550-scaled-pkynwz1n9915fvg4ngq9kstusukntba83urd928exs.jpg\" alt=\"jhdr_vivi\" \/><\/figure><\/div><div class=\"swiper-slide\" role=\"group\" aria-roledescription=\"slide\" aria-label=\"15 of 16\"><figure class=\"swiper-slide-inner\"><img decoding=\"async\" class=\"swiper-slide-image\" src=\"https:\/\/makobo.co.mz\/wp-content\/uploads\/elementor\/thumbs\/IMG_20200703_105326-scaled-pkynxgwkv3plkgq6r6g6e6bm364mvk94ib5ldbhxnk.jpg\" alt=\"jhdr\" \/><\/figure><\/div><div class=\"swiper-slide\" role=\"group\" aria-roledescription=\"slide\" aria-label=\"16 of 16\"><figure class=\"swiper-slide-inner\"><img decoding=\"async\" class=\"swiper-slide-image\" src=\"https:\/\/makobo.co.mz\/wp-content\/uploads\/elementor\/thumbs\/IMG_20210603_152813-pkynygmg2t2htnaaylw00xb4nt8l026xb7y1lu0z34.jpg\" alt=\"IMG_20210603_152813\" \/><\/figure><\/div>\t\t\t<\/div>\n\t\t\t\t\t\t\t\t\t\t\t\t<div class=\"elementor-swiper-button elementor-swiper-button-prev\" role=\"button\" tabindex=\"0\">\n\t\t\t\t\t\t<i aria-hidden=\"true\" class=\"eicon-chevron-left\"><\/i>\t\t\t\t\t<\/div>\n\t\t\t\t\t<div class=\"elementor-swiper-button elementor-swiper-button-next\" role=\"button\" tabindex=\"0\">\n\t\t\t\t\t\t<i aria-hidden=\"true\" class=\"eicon-chevron-right\"><\/i>\t\t\t\t\t<\/div>\n\t\t\t\t\n\t\t\t\t\t\t\t\t\t<div class=\"swiper-pagination\"><\/div>\n\t\t\t\t\t\t\t\t\t<\/div>\n\t\t\t\t<\/div>\n\t\t\t\t<\/div>\n\t\t\t\t<section class=\"elementor-section elementor-inner-section elementor-element elementor-element-18792a66 elementor-section-boxed elementor-section-height-default elementor-section-height-default\" data-id=\"18792a66\" data-element_type=\"section\" data-settings=\"{&quot;_ha_eqh_enable&quot;:false}\">\n\t\t\t\t\t\t<div class=\"elementor-container elementor-column-gap-default\">\n\t\t\t\t\t<div class=\"elementor-column elementor-col-100 elementor-inner-column elementor-element elementor-element-624d69a6\" data-id=\"624d69a6\" data-element_type=\"column\">\n\t\t\t<div class=\"elementor-widget-wrap elementor-element-populated\">\n\t\t\t\t\t\t\t\t<div class=\"elementor-element elementor-element-4292addf elementor-widget elementor-widget-text-editor\" data-id=\"4292addf\" data-element_type=\"widget\" data-widget_type=\"text-editor.default\">\n\t\t\t\t<div class=\"elementor-widget-container\">\n\t\t\t\t\t\t\t<p>The first armed attacks, in Cabo Delgado province, date from October 5, 2017, in the locality of Moc\u00edmboa da Praia, and targeted three Mocambican Police Squads.<\/p>\n<p>In recent years, the frequency of attacks and violence by insurgents has hit a number of state buildings and institutions and religious symbols.<\/p>\n<p>Despite the response of the Mozambican authorities to the insurgents' incursions, around 1000 people have already died, and there are currently more than 300,000 internally displaced people victims of the insurgency in the communities of Moc\u00edmboa da Praia, Macomia, Quissanga, Ilha do Ibo, Meluco and Nangade.<\/p>\n<p><strong><span style=\"color: #fcd537;\">There are several causes identified for the moment in which people live in Cabo Delgado:<\/span><\/strong><\/p>\n<p><img decoding=\"async\" class=\"emoji\" role=\"img\" draggable=\"false\" src=\"https:\/\/s.w.org\/images\/core\/emoji\/13.1.0\/svg\/2b50.svg\" alt=\"\u2b50\">&nbsp;Increased levels of poverty;<\/p>\n<p><img decoding=\"async\" class=\"emoji\" role=\"img\" draggable=\"false\" src=\"https:\/\/s.w.org\/images\/core\/emoji\/13.1.0\/svg\/2b50.svg\" alt=\"\u2b50\">&nbsp;Frustrated Expectations;<\/p>\n<p><img decoding=\"async\" class=\"emoji\" role=\"img\" draggable=\"false\" src=\"https:\/\/s.w.org\/images\/core\/emoji\/13.1.0\/svg\/2b50.svg\" alt=\"\u2b50\">&nbsp;Increased pressure on the land;<\/p>\n<p><img decoding=\"async\" class=\"emoji\" role=\"img\" draggable=\"false\" src=\"https:\/\/s.w.org\/images\/core\/emoji\/13.1.0\/svg\/2b50.svg\" alt=\"\u2b50\">&nbsp;Low incomes of the population;<\/p>\n<p><img decoding=\"async\" class=\"emoji\" role=\"img\" draggable=\"false\" src=\"https:\/\/s.w.org\/images\/core\/emoji\/13.1.0\/svg\/2b50.svg\" alt=\"\u2b50\">&nbsp;Resettlements of the population;<\/p>\n<p><img decoding=\"async\" class=\"emoji\" role=\"img\" draggable=\"false\" src=\"https:\/\/s.w.org\/images\/core\/emoji\/13.1.0\/svg\/2b50.svg\" alt=\"\u2b50\">&nbsp;Discriminatory feeling towards migrants;<\/p>\n<p><img decoding=\"async\" class=\"emoji\" role=\"img\" draggable=\"false\" src=\"https:\/\/s.w.org\/images\/core\/emoji\/13.1.0\/svg\/2b50.svg\" alt=\"\u2b50\">&nbsp;Ethnolinguistic tensions.<\/p>\n<p>Despite the existence of several natural resources, Cabo Delgado, along with Nampula and Niassa, are the poorest provinces in the country. Cabo Delgado has the highest illiteracy rate in the North Zone and the lowest rate of access to basic services in the country.<\/p>\n<p>In an area where a large part of the population lives from artisanal fishing, today access to the sea is restricted; many of these fishing communities have suffered considerable loss of income.<\/p>\n<p>The difficulties in finding answers to the socio-economic inclusion of young people and the feeling of social inequality tend to make many young people receptive to more conservative and extremist narratives.<\/p>\t\t\t\t\t\t<\/div>\n\t\t\t\t<\/div>\n\t\t\t\t\t<\/div>\n\t\t<\/div>\n\t\t\t\t\t\t\t<\/div>\n\t\t<\/section>\n\t\t\t\t\t<\/div>\n\t\t<\/div>\n\t\t\t\t\t\t\t<\/div>\n\t\t<\/section>\n\t\t\t\t\t\t\t<\/div>","protected":false},"excerpt":{"rendered":"<p>CORA\u00c7\u00c3O SOLID\u00c1RIO CABO DELGADO -2020 Previous Next Os primeiros ataques armados, na prov\u00edncia de Cabo Delgado, datam do dia 5 de outubro de 2017, na localidade de Moc\u00edmboa da Praia, e tiveram como alvo tr\u00eas Esquadras da Pol\u00edcia de Mo\u00e7ambique. Nos \u00faltimos anos, a frequ\u00eancia dos ataques e a viol\u00eancia por parte dos insurgentes atingiu &hellip; <a href=\"https:\/\/makobo.co.mz\/en\/cabo-delgado-2020\/\" class=\"more-link\">Continue reading <span class=\"screen-reader-text\">CABO DELGADO 2020<\/span><\/a><\/p>","protected":false},"author":2,"featured_media":0,"parent":0,"menu_order":0,"comment_status":"closed","ping_status":"closed","template":"elementor_header_footer","meta":{"footnotes":""},"class_list":["post-8679","page","type-page","status-publish","hentry"],"_links":{"self":[{"href":"https:\/\/makobo.co.mz\/en\/wp-json\/wp\/v2\/pages\/8679","targetHints":{"allow":["GET"]}}],"collection":[{"href":"https:\/\/makobo.co.mz\/en\/wp-json\/wp\/v2\/pages"}],"about":[{"href":"https:\/\/makobo.co.mz\/en\/wp-json\/wp\/v2\/types\/page"}],"author":[{"embeddable":true,"href":"https:\/\/makobo.co.mz\/en\/wp-json\/wp\/v2\/users\/2"}],"replies":[{"embeddable":true,"href":"https:\/\/makobo.co.mz\/en\/wp-json\/wp\/v2\/comments?post=8679"}],"version-history":[{"count":59,"href":"https:\/\/makobo.co.mz\/en\/wp-json\/wp\/v2\/pages\/8679\/revisions"}],"predecessor-version":[{"id":10912,"href":"https:\/\/makobo.co.mz\/en\/wp-json\/wp\/v2\/pages\/8679\/revisions\/10912"}],"wp:attachment":[{"href":"https:\/\/makobo.co.mz\/en\/wp-json\/wp\/v2\/media?parent=8679"}],"curies":[{"name":"wp","href":"https:\/\/api.w.org\/{rel}","templated":true}]}}