{"id":8677,"date":"2021-08-20T00:22:39","date_gmt":"2021-08-19T22:22:39","guid":{"rendered":"https:\/\/makobo.co.mz\/?page_id=8677"},"modified":"2022-03-04T14:50:44","modified_gmt":"2022-03-04T12:50:44","slug":"beira-idai-2019","status":"publish","type":"page","link":"https:\/\/makobo.co.mz\/en\/beira-idai-2019\/","title":{"rendered":"BEIRA &#8211; IDAI 2019"},"content":{"rendered":"<div data-elementor-type=\"wp-page\" data-elementor-id=\"8677\" class=\"elementor elementor-8677\">\n\t\t\t\t\t\t\t\t\t<section class=\"elementor-section elementor-top-section elementor-element elementor-element-4b4d1da3 elementor-section-stretched elementor-section-boxed elementor-section-height-default elementor-section-height-default\" data-id=\"4b4d1da3\" data-element_type=\"section\" data-settings=\"{&quot;stretch_section&quot;:&quot;section-stretched&quot;,&quot;background_background&quot;:&quot;classic&quot;,&quot;_ha_eqh_enable&quot;:false}\">\n\t\t\t\t\t\t<div class=\"elementor-container elementor-column-gap-no\">\n\t\t\t\t\t<div class=\"elementor-column elementor-col-100 elementor-top-column elementor-element elementor-element-4da073c2\" data-id=\"4da073c2\" data-element_type=\"column\" data-settings=\"{&quot;background_background&quot;:&quot;classic&quot;}\">\n\t\t\t<div class=\"elementor-widget-wrap elementor-element-populated\">\n\t\t\t\t\t\t\t\t<div class=\"elementor-element elementor-element-18117d1c elementor-widget elementor-widget-besa-heading\" data-id=\"18117d1c\" data-element_type=\"widget\" data-widget_type=\"besa-heading.default\">\n\t\t\t\t<div class=\"elementor-widget-container\">\n\t\t\t\r\n<div class=\"tbay-element tbay-element-heading\">\r\n\t\t\t\t<h1 class=\"heading-tbay-title\">\r\n\t\t\t\t\t\t\t\t\t<span class=\"title\">CORA\u00c7\u00c3O SOLID\u00c1RIO<\/span>\r\n\t\t\t\t\t    \t\r\n\t\t\t\t\t\t\t<\/h1>\r\n\t\t<\/div>\t\t<\/div>\n\t\t\t\t<\/div>\n\t\t\t\t<div class=\"elementor-element elementor-element-70cea0c elementor-widget elementor-widget-besa-heading\" data-id=\"70cea0c\" data-element_type=\"widget\" data-widget_type=\"besa-heading.default\">\n\t\t\t\t<div class=\"elementor-widget-container\">\n\t\t\t\r\n<div class=\"tbay-element tbay-element-heading\">\r\n\t\t\t\t<h2 class=\"heading-tbay-title\">\r\n\t\t\t\t\t\t\t\t\t<span class=\"title\">BEIRA - IDAI 2019<\/span>\r\n\t\t\t\t\t    \t\r\n\t\t\t\t\t\t\t<\/h2>\r\n\t\t<\/div>\t\t<\/div>\n\t\t\t\t<\/div>\n\t\t\t\t<div class=\"elementor-element elementor-element-6dfde60b elementor-arrows-position-inside elementor-pagination-position-outside elementor-widget elementor-widget-image-carousel\" data-id=\"6dfde60b\" data-element_type=\"widget\" data-settings=\"{&quot;slides_to_show&quot;:&quot;3&quot;,&quot;autoplay_speed&quot;:1000,&quot;image_spacing_custom&quot;:{&quot;unit&quot;:&quot;px&quot;,&quot;size&quot;:8,&quot;sizes&quot;:[]},&quot;slides_to_show_tablet&quot;:&quot;3&quot;,&quot;slides_to_show_mobile&quot;:&quot;2&quot;,&quot;navigation&quot;:&quot;both&quot;,&quot;autoplay&quot;:&quot;yes&quot;,&quot;pause_on_hover&quot;:&quot;yes&quot;,&quot;pause_on_interaction&quot;:&quot;yes&quot;,&quot;infinite&quot;:&quot;yes&quot;,&quot;speed&quot;:500,&quot;image_spacing_custom_tablet&quot;:{&quot;unit&quot;:&quot;px&quot;,&quot;size&quot;:&quot;&quot;,&quot;sizes&quot;:[]},&quot;image_spacing_custom_mobile&quot;:{&quot;unit&quot;:&quot;px&quot;,&quot;size&quot;:&quot;&quot;,&quot;sizes&quot;:[]}}\" data-widget_type=\"image-carousel.default\">\n\t\t\t\t<div class=\"elementor-widget-container\">\n\t\t\t\t\t<div class=\"elementor-image-carousel-wrapper swiper-container\" dir=\"ltr\">\n\t\t\t<div class=\"elementor-image-carousel swiper-wrapper swiper-image-stretch\" aria-live=\"off\">\n\t\t\t\t\t\t\t\t<div class=\"swiper-slide\" role=\"group\" aria-roledescription=\"slide\" aria-label=\"1 of 19\"><figure class=\"swiper-slide-inner\"><img decoding=\"async\" class=\"swiper-slide-image\" src=\"https:\/\/makobo.co.mz\/wp-content\/uploads\/elementor\/thumbs\/2019-07-08-21.29.38-pl43koel1fbyp42od57j8ch4111ukcavuyd052go0w.jpg\" alt=\"2019-07-08 21.29.38\" \/><\/figure><\/div><div class=\"swiper-slide\" role=\"group\" aria-roledescription=\"slide\" aria-label=\"2 of 19\"><figure class=\"swiper-slide-inner\"><img decoding=\"async\" class=\"swiper-slide-image\" src=\"https:\/\/makobo.co.mz\/wp-content\/uploads\/elementor\/thumbs\/2019-03-30_15.16.17-pl43m5zduzdb2vwuoad9ogydvzprr37l2bjohu9868.jpg\" alt=\"2019-03-30_15.16.17\" \/><\/figure><\/div><div class=\"swiper-slide\" role=\"group\" aria-roledescription=\"slide\" aria-label=\"3 of 19\"><figure class=\"swiper-slide-inner\"><img decoding=\"async\" class=\"swiper-slide-image\" src=\"https:\/\/makobo.co.mz\/wp-content\/uploads\/elementor\/thumbs\/2019-04-27_22.59.08-pl43maokt5jqoxq0wueeixroux2ltkq8qyt3w829b4.jpg\" alt=\"2019-04-27_22.59.08\" \/><\/figure><\/div><div class=\"swiper-slide\" role=\"group\" aria-roledescription=\"slide\" aria-label=\"4 of 19\"><figure class=\"swiper-slide-inner\"><img decoding=\"async\" class=\"swiper-slide-image\" src=\"https:\/\/makobo.co.mz\/wp-content\/uploads\/elementor\/thumbs\/2019-07-08-10.59.01-Copy-pl43kt3rzlieb5vulp8o2taezyeomttjjlmfjg9p5s.jpg\" alt=\"2019-07-08 10.59.01 - Copy\" \/><\/figure><\/div><div class=\"swiper-slide\" role=\"group\" aria-roledescription=\"slide\" aria-label=\"5 of 19\"><figure class=\"swiper-slide-inner\"><img decoding=\"async\" class=\"swiper-slide-image\" src=\"https:\/\/makobo.co.mz\/wp-content\/uploads\/elementor\/thumbs\/2019-07-04-19.49.57-Copy-pl43l1kbp3tz7njk8awb795kcf8zk3r4krhsuxx5ls.jpg\" alt=\"2019-07-04 19.49.57 - Copy\" \/><\/figure><\/div><div class=\"swiper-slide\" role=\"group\" aria-roledescription=\"slide\" aria-label=\"6 of 19\"><figure class=\"swiper-slide-inner\"><img decoding=\"async\" class=\"swiper-slide-image\" src=\"https:\/\/makobo.co.mz\/wp-content\/uploads\/elementor\/thumbs\/2019-04-30_14.52.33-pl43m1a6wt6vgu3ofqc4u052x2cxoloxdoa93gg71c.jpg\" alt=\"2019-04-30_14.52.33\" \/><\/figure><\/div><div class=\"swiper-slide\" role=\"group\" aria-roledescription=\"slide\" aria-label=\"7 of 19\"><figure class=\"swiper-slide-inner\"><img decoding=\"async\" class=\"swiper-slide-image\" src=\"https:\/\/makobo.co.mz\/wp-content\/uploads\/elementor\/thumbs\/2019-05-13-17.03.22-Copy-pl43l5bogfz4i3e3mcith87epyqgew61xa3qs1rkww.jpg\" alt=\"2019-05-13 17.03.22 - Copy\" \/><\/figure><\/div><div class=\"swiper-slide\" role=\"group\" aria-roledescription=\"slide\" aria-label=\"8 of 19\"><figure class=\"swiper-slide-inner\"><img decoding=\"async\" class=\"swiper-slide-image\" src=\"https:\/\/makobo.co.mz\/wp-content\/uploads\/elementor\/thumbs\/2019-07-10-23.26.45-pl43kjpe395j329i4l6edvnt23p0hus86b3kqonmw0.jpg\" alt=\"2019-07-10 23.26.45\" \/><\/figure><\/div><div class=\"swiper-slide\" role=\"group\" aria-roledescription=\"slide\" aria-label=\"9 of 19\"><figure class=\"swiper-slide-inner\"><img decoding=\"async\" class=\"swiper-slide-image\" src=\"https:\/\/makobo.co.mz\/wp-content\/uploads\/elementor\/thumbs\/2019-05-11-21.07.05-Copy-pl43lhjkxafup0wcmzsyvn4efz286yikayl20n9go0.jpg\" alt=\"2019-05-11 21.07.05 - Copy\" \/><\/figure><\/div><div class=\"swiper-slide\" role=\"group\" aria-roledescription=\"slide\" aria-label=\"10 of 19\"><figure class=\"swiper-slide-inner\"><img decoding=\"async\" class=\"swiper-slide-image\" src=\"https:\/\/makobo.co.mz\/wp-content\/uploads\/elementor\/thumbs\/2019-07-04_20.01.48-Copy-pl43kxsyxrotx7p0u99sxa3pyvripbc788vuxu2qao.jpg\" alt=\"2019-07-04_20.01.48 - Copy\" \/><\/figure><\/div><div class=\"swiper-slide\" role=\"group\" aria-roledescription=\"slide\" aria-label=\"11 of 19\"><figure class=\"swiper-slide-inner\"><img decoding=\"async\" class=\"swiper-slide-image\" src=\"https:\/\/makobo.co.mz\/wp-content\/uploads\/elementor\/thumbs\/2019-07-11-19.21.26-Copy-pl43kf0752z3h0gbw159jeui36c6fd9khnu5caulr4.jpg\" alt=\"2019-07-11 19.21.26 - Copy\" \/><\/figure><\/div><div class=\"swiper-slide\" role=\"group\" aria-roledescription=\"slide\" aria-label=\"12 of 19\"><figure class=\"swiper-slide-inner\"><img decoding=\"async\" class=\"swiper-slide-image\" src=\"https:\/\/makobo.co.mz\/wp-content\/uploads\/elementor\/thumbs\/2019-05-13-16.52.35-Copy-pl43la0vem5k4579uwjybp0pow3ahdoplxd66fkm1s.jpg\" alt=\"2019-05-13 16.52.35 - Copy\" \/><\/figure><\/div><div class=\"swiper-slide\" role=\"group\" aria-roledescription=\"slide\" aria-label=\"13 of 19\"><figure class=\"swiper-slide-inner\"><img decoding=\"async\" class=\"swiper-slide-image\" src=\"https:\/\/makobo.co.mz\/wp-content\/uploads\/elementor\/thumbs\/2019-05-08-23.21.23-pl43lp2afyq59wlff31zfl837215wjcezzsxuuyba8.jpg\" alt=\"2019-05-08 23.21.23\" \/><\/figure><\/div><div class=\"swiper-slide\" role=\"group\" aria-roledescription=\"slide\" aria-label=\"14 of 19\"><figure class=\"swiper-slide-inner\"><img decoding=\"async\" class=\"swiper-slide-image\" src=\"https:\/\/makobo.co.mz\/wp-content\/uploads\/elementor\/thumbs\/2019-05-11_20.51.25-Copy-pl43lds85yapel1t8y6glo2k2fkrc63myfz43jf1cw.jpg\" alt=\"2019-05-11_20.51.25 - Copy\" \/><\/figure><\/div><div class=\"swiper-slide\" role=\"group\" aria-roledescription=\"slide\" aria-label=\"15 of 19\"><figure class=\"swiper-slide-inner\"><img decoding=\"async\" class=\"swiper-slide-image\" src=\"https:\/\/makobo.co.mz\/wp-content\/uploads\/elementor\/thumbs\/2019-05-08_09.59.49-Copy-pl43llaxomkzzgqw11fh5m68tijp1qxhnh6zxr3vz4.jpg\" alt=\"2019-05-08_09.59.49 - Copy\" \/><\/figure><\/div><div class=\"swiper-slide\" role=\"group\" aria-roledescription=\"slide\" aria-label=\"16 of 19\"><figure class=\"swiper-slide-inner\"><img decoding=\"async\" class=\"swiper-slide-image\" src=\"https:\/\/makobo.co.mz\/wp-content\/uploads\/elementor\/thumbs\/2019-05-06_18.13.47-pl43ltrhe4wkvyelnn34a21e5zdzz0v2on2d98rcf4.jpg\" alt=\"2019-05-06_18.13.47\" \/><\/figure><\/div><div class=\"swiper-slide\" role=\"group\" aria-roledescription=\"slide\" aria-label=\"17 of 19\"><figure class=\"swiper-slide-inner\"><img decoding=\"async\" class=\"swiper-slide-image\" src=\"https:\/\/makobo.co.mz\/wp-content\/uploads\/elementor\/thumbs\/2019-05-06_18.10.23-pl43lxiu5h1q6e951opmk138jivgtta015ob6clrq8.jpg\" alt=\"2019-05-06_18.10.23\" \/><\/figure><\/div><div class=\"swiper-slide\" role=\"group\" aria-roledescription=\"slide\" aria-label=\"18 of 19\"><figure class=\"swiper-slide-inner\"><img decoding=\"async\" class=\"swiper-slide-image\" src=\"https:\/\/makobo.co.mz\/wp-content\/uploads\/elementor\/thumbs\/2019-04-07_13.34.30-pl43mefxkhovzdkkaw0wswtj8gk2od563hf1tbwom8.jpg\" alt=\"2019-04-07_13.34.30\" \/><\/figure><\/div><div class=\"swiper-slide\" role=\"group\" aria-roledescription=\"slide\" aria-label=\"19 of 19\"><figure class=\"swiper-slide-inner\"><img decoding=\"async\" class=\"swiper-slide-image\" src=\"https:\/\/makobo.co.mz\/wp-content\/uploads\/elementor\/thumbs\/2019-04-07_13.32.27-pl43mi7abtu19tf3oxnf2vvdm01jj5k3g00zqfr3xc.jpg\" alt=\"2019-04-07_13.32.27\" \/><\/figure><\/div>\t\t\t<\/div>\n\t\t\t\t\t\t\t\t\t\t\t\t<div class=\"elementor-swiper-button elementor-swiper-button-prev\" role=\"button\" tabindex=\"0\">\n\t\t\t\t\t\t<i aria-hidden=\"true\" class=\"eicon-chevron-left\"><\/i>\t\t\t\t\t<\/div>\n\t\t\t\t\t<div class=\"elementor-swiper-button elementor-swiper-button-next\" role=\"button\" tabindex=\"0\">\n\t\t\t\t\t\t<i aria-hidden=\"true\" class=\"eicon-chevron-right\"><\/i>\t\t\t\t\t<\/div>\n\t\t\t\t\n\t\t\t\t\t\t\t\t\t<div class=\"swiper-pagination\"><\/div>\n\t\t\t\t\t\t\t\t\t<\/div>\n\t\t\t\t<\/div>\n\t\t\t\t<\/div>\n\t\t\t\t<section class=\"elementor-section elementor-inner-section elementor-element elementor-element-3f3ac27b elementor-section-boxed elementor-section-height-default elementor-section-height-default\" data-id=\"3f3ac27b\" data-element_type=\"section\" data-settings=\"{&quot;_ha_eqh_enable&quot;:false}\">\n\t\t\t\t\t\t<div class=\"elementor-container elementor-column-gap-default\">\n\t\t\t\t\t<div class=\"elementor-column elementor-col-100 elementor-inner-column elementor-element elementor-element-669691bf\" data-id=\"669691bf\" data-element_type=\"column\">\n\t\t\t<div class=\"elementor-widget-wrap elementor-element-populated\">\n\t\t\t\t\t\t\t\t<div class=\"elementor-element elementor-element-7e7497cf elementor-widget elementor-widget-text-editor\" data-id=\"7e7497cf\" data-element_type=\"widget\" data-widget_type=\"text-editor.default\">\n\t\t\t\t<div class=\"elementor-widget-container\">\n\t\t\t\t\t\t\t<p style=\"text-align: left;\">On March 15, 2019, Sofala Province was hit by the biggest Cyclone in memory in the Southern Hemisphere.<\/p><p>Cyclone IDAI destroyed houses, hospitals, warehouses, medical centers, schools, restaurants, informal stands, kindergartens, shelters, markets, roads, bridges, trees, soccer fields, electricity stations and banks. But above all, cyclone IDAI destroyed dreams and projects, killed hundreds of people, displaced thousands of families and razed agricultural crops.<\/p><p>The MAKOBO PLATFORM, through the SOLIDARITY HEART movement and in conjunction with other local and international partners, has mobilized from the moment too, through its experience, support the coordination of humanitarian action in the areas affected by Cyclone IDAI.<\/p><p>We intend to give concrete and effective help to the population affected by this disaster.<\/p><p>Our team in BEIRA supported the coordination of meal preparations and logistics at WORLD CENTRAL KITCHEN, which provided food support to 13,000 people sheltered in the camps of the National Institute for Disaster Management \u2013 \u200b\u200bINGC, as a strategy for consolidating synergies to ensure that we provide quick, efficient and quick support to the most affected people by Cyclone IDAI.<\/p><p><strong>At the same time, our efforts were focused on:<\/strong><\/p><p><img decoding=\"async\" class=\"emoji\" role=\"img\" draggable=\"false\" src=\"https:\/\/s.w.org\/images\/core\/emoji\/13.1.0\/svg\/2b50.svg\" alt=\"\u2b50\" \/>\u00a0Conduct an exhaustive survey on the ground, in order to identify the areas with the greatest need and move forward in a second phase in the assembly of satellite kitchens to guarantee at least one meal a day to all those who need it most in the region.<\/p><p><img decoding=\"async\" class=\"emoji\" role=\"img\" draggable=\"false\" src=\"https:\/\/s.w.org\/images\/core\/emoji\/13.1.0\/svg\/2b50.svg\" alt=\"\u2b50\" \/> Provide nutritious meals to children attending schools in the worst affected areas of Beira City, Dondo and Nhamatanda Districts.<\/p><p><img decoding=\"async\" class=\"emoji\" role=\"img\" draggable=\"false\" src=\"https:\/\/s.w.org\/images\/core\/emoji\/13.1.0\/svg\/2b50.svg\" alt=\"\u2b50\" \/> Promote the production, availability, access and self-sufficiency of locally produced food.<\/p><p><img decoding=\"async\" class=\"emoji\" role=\"img\" draggable=\"false\" src=\"https:\/\/s.w.org\/images\/core\/emoji\/13.1.0\/svg\/2b50.svg\" alt=\"\u2b50\" \/> Improve sanitation, hygiene education and housing infrastructure conditions for neighboring communities affected by Cyclone IDAI in Sofala Province<\/p>\t\t\t\t\t\t<\/div>\n\t\t\t\t<\/div>\n\t\t\t\t<div class=\"elementor-element elementor-element-3a32919 elementor-widget elementor-widget-text-editor\" data-id=\"3a32919\" data-element_type=\"widget\" data-widget_type=\"text-editor.default\">\n\t\t\t\t<div class=\"elementor-widget-container\">\n\t\t\t\t\t\t\t<p style=\"text-align: left;\"><strong>DURING THE SOLIDARITY HEART MISSION IN BEIRA, MORE THAN 550,000 MEALS WERE SERVED TO THE POPULATION AFFECTED BY THE IDAI CYCLONE<\/strong><\/p>\t\t\t\t\t\t<\/div>\n\t\t\t\t<\/div>\n\t\t\t\t\t<\/div>\n\t\t<\/div>\n\t\t\t\t\t\t\t<\/div>\n\t\t<\/section>\n\t\t\t\t\t<\/div>\n\t\t<\/div>\n\t\t\t\t\t\t\t<\/div>\n\t\t<\/section>\n\t\t\t\t\t\t\t<\/div>","protected":false},"excerpt":{"rendered":"<p>CORA\u00c7\u00c3O SOLID\u00c1RIO BEIRA &#8211; IDAI 2019 Previous Next No dia 15 de Mar\u00e7o de 2019, a Prov\u00edncia de Sofala foi atingida pelo maior Ciclone que h\u00e1 mem\u00f3ria no Hemisf\u00e9rio Sul. O Ciclone IDAI destruiu casas, hospitais, armaz\u00e9ns, centros m\u00e9dicos, escolas, restaurantes, bancas informais, infant\u00e1rios, centros de acolhimento, mercados, estradas, pontes, \u00e1rvores, campos de futebol, postos &hellip; <a href=\"https:\/\/makobo.co.mz\/en\/beira-idai-2019\/\" class=\"more-link\">Continue reading <span class=\"screen-reader-text\">BEIRA &#8211; IDAI 2019<\/span><\/a><\/p>","protected":false},"author":2,"featured_media":0,"parent":0,"menu_order":0,"comment_status":"closed","ping_status":"closed","template":"elementor_header_footer","meta":{"footnotes":""},"class_list":["post-8677","page","type-page","status-publish","hentry"],"_links":{"self":[{"href":"https:\/\/makobo.co.mz\/en\/wp-json\/wp\/v2\/pages\/8677","targetHints":{"allow":["GET"]}}],"collection":[{"href":"https:\/\/makobo.co.mz\/en\/wp-json\/wp\/v2\/pages"}],"about":[{"href":"https:\/\/makobo.co.mz\/en\/wp-json\/wp\/v2\/types\/page"}],"author":[{"embeddable":true,"href":"https:\/\/makobo.co.mz\/en\/wp-json\/wp\/v2\/users\/2"}],"replies":[{"embeddable":true,"href":"https:\/\/makobo.co.mz\/en\/wp-json\/wp\/v2\/comments?post=8677"}],"version-history":[{"count":32,"href":"https:\/\/makobo.co.mz\/en\/wp-json\/wp\/v2\/pages\/8677\/revisions"}],"predecessor-version":[{"id":10910,"href":"https:\/\/makobo.co.mz\/en\/wp-json\/wp\/v2\/pages\/8677\/revisions\/10910"}],"wp:attachment":[{"href":"https:\/\/makobo.co.mz\/en\/wp-json\/wp\/v2\/media?parent=8677"}],"curies":[{"name":"wp","href":"https:\/\/api.w.org\/{rel}","templated":true}]}}