{"id":7579,"date":"2021-07-17T04:37:43","date_gmt":"2021-07-17T02:37:43","guid":{"rendered":"https:\/\/makobo.co.mz\/?page_id=7579"},"modified":"2022-03-04T15:39:07","modified_gmt":"2022-03-04T13:39:07","slug":"wiwanana","status":"publish","type":"page","link":"https:\/\/makobo.co.mz\/en\/wiwanana\/","title":{"rendered":"WIWANANA"},"content":{"rendered":"<div data-elementor-type=\"wp-page\" data-elementor-id=\"7579\" class=\"elementor elementor-7579\">\n\t\t\t\t\t\t\t\t\t<section class=\"elementor-section elementor-top-section elementor-element elementor-element-61e8fe9a elementor-section-content-middle elementor-section-boxed elementor-section-height-default elementor-section-height-default\" data-id=\"61e8fe9a\" data-element_type=\"section\" data-settings=\"{&quot;background_background&quot;:&quot;classic&quot;,&quot;_ha_eqh_enable&quot;:false}\">\n\t\t\t\t\t\t<div class=\"elementor-container elementor-column-gap-default\">\n\t\t\t\t\t<div class=\"elementor-column elementor-col-100 elementor-top-column elementor-element elementor-element-18075e99\" data-id=\"18075e99\" data-element_type=\"column\" data-settings=\"{&quot;background_background&quot;:&quot;classic&quot;}\">\n\t\t\t<div class=\"elementor-widget-wrap elementor-element-populated\">\n\t\t\t\t\t\t\t\t<div class=\"elementor-element elementor-element-6c051042 elementor-widget elementor-widget-heading\" data-id=\"6c051042\" data-element_type=\"widget\" data-widget_type=\"heading.default\">\n\t\t\t\t<div class=\"elementor-widget-container\">\n\t\t\t<h2 class=\"elementor-heading-title elementor-size-default\">WIWANANA<\/h2>\t\t<\/div>\n\t\t\t\t<\/div>\n\t\t\t\t<div class=\"elementor-element elementor-element-72fb4cb0 elementor-widget elementor-widget-text-editor\" data-id=\"72fb4cb0\" data-element_type=\"widget\" data-widget_type=\"text-editor.default\">\n\t\t\t\t<div class=\"elementor-widget-container\">\n\t\t\t\t\t\t\t<p>More than 20,000 people live in Camp 25 de Junho in situations of vulnerability, extreme poverty, economic and social exclusion.<\/p><p>The handicraft items, woven straw basketry, of the WIWANA brand are made by 100 displaced people turned artisans. They are men and women from 12 villages in Bilibiza, Quissanga District, Cabo Delgado, who became internally displaced by violence from their communities of origin.<\/p>\t\t\t\t\t\t<\/div>\n\t\t\t\t<\/div>\n\t\t\t\t<div class=\"elementor-element elementor-element-dcd5bae elementor-arrows-position-inside elementor-pagination-position-outside elementor-widget elementor-widget-image-carousel\" data-id=\"dcd5bae\" data-element_type=\"widget\" data-settings=\"{&quot;slides_to_show&quot;:&quot;3&quot;,&quot;autoplay_speed&quot;:1000,&quot;image_spacing_custom&quot;:{&quot;unit&quot;:&quot;px&quot;,&quot;size&quot;:8,&quot;sizes&quot;:[]},&quot;slides_to_show_tablet&quot;:&quot;3&quot;,&quot;slides_to_show_mobile&quot;:&quot;2&quot;,&quot;navigation&quot;:&quot;both&quot;,&quot;autoplay&quot;:&quot;yes&quot;,&quot;pause_on_hover&quot;:&quot;yes&quot;,&quot;pause_on_interaction&quot;:&quot;yes&quot;,&quot;infinite&quot;:&quot;yes&quot;,&quot;speed&quot;:500,&quot;image_spacing_custom_tablet&quot;:{&quot;unit&quot;:&quot;px&quot;,&quot;size&quot;:&quot;&quot;,&quot;sizes&quot;:[]},&quot;image_spacing_custom_mobile&quot;:{&quot;unit&quot;:&quot;px&quot;,&quot;size&quot;:&quot;&quot;,&quot;sizes&quot;:[]}}\" data-widget_type=\"image-carousel.default\">\n\t\t\t\t<div class=\"elementor-widget-container\">\n\t\t\t\t\t<div class=\"elementor-image-carousel-wrapper swiper-container\" dir=\"ltr\">\n\t\t\t<div class=\"elementor-image-carousel swiper-wrapper swiper-image-stretch\" aria-live=\"off\">\n\t\t\t\t\t\t\t\t<div class=\"swiper-slide\" role=\"group\" aria-roledescription=\"slide\" aria-label=\"1 of 10\"><figure class=\"swiper-slide-inner\"><img decoding=\"async\" class=\"swiper-slide-image\" src=\"https:\/\/makobo.co.mz\/wp-content\/uploads\/elementor\/thumbs\/DSC4774-2-scaled-pbvb2jk726p856ofjnij8ffbconq07lrjdztcqi84g.jpg\" alt=\"_DSC4774-2\" \/><\/figure><\/div><div class=\"swiper-slide\" role=\"group\" aria-roledescription=\"slide\" aria-label=\"2 of 10\"><figure class=\"swiper-slide-inner\"><img decoding=\"async\" class=\"swiper-slide-image\" src=\"https:\/\/makobo.co.mz\/wp-content\/uploads\/elementor\/thumbs\/DSC4658-2-scaled-pbvb0rn65g9q7p99wvvwivjyyhergsk0mlmspx4zvk.jpg\" alt=\"_DSC4658-2\" \/><\/figure><\/div><div class=\"swiper-slide\" role=\"group\" aria-roledescription=\"slide\" aria-label=\"3 of 10\"><figure class=\"swiper-slide-inner\"><img decoding=\"async\" class=\"swiper-slide-image\" src=\"https:\/\/makobo.co.mz\/wp-content\/uploads\/elementor\/thumbs\/DSC4691-2-scaled-pbvb1rd1d5mmgvte4bbq5mjhj4iplahtfif8yfo1b4.jpg\" alt=\"_DSC4691-2\" \/><\/figure><\/div><div class=\"swiper-slide\" role=\"group\" aria-roledescription=\"slide\" aria-label=\"4 of 10\"><figure class=\"swiper-slide-inner\"><img decoding=\"async\" class=\"swiper-slide-image\" src=\"https:\/\/makobo.co.mz\/wp-content\/uploads\/elementor\/thumbs\/DSC4754-2-scaled-pbvb22n3n622c7d0ag78zjp0nqz45nqlh292pr7b8g.jpg\" alt=\"_DSC4754-2\" \/><\/figure><\/div><div class=\"swiper-slide\" role=\"group\" aria-roledescription=\"slide\" aria-label=\"5 of 10\"><figure class=\"swiper-slide-inner\"><img decoding=\"async\" class=\"swiper-slide-image\" src=\"https:\/\/makobo.co.mz\/wp-content\/uploads\/elementor\/thumbs\/DSC4680-2-scaled-pbvb1iwhnnb1ke5ohpo316oc6noeo0k8ecjvmy0kv4.jpg\" alt=\"_DSC4680-2\" \/><\/figure><\/div><div class=\"swiper-slide\" role=\"group\" aria-roledescription=\"slide\" aria-label=\"6 of 10\"><figure class=\"swiper-slide-inner\"><img decoding=\"async\" class=\"swiper-slide-image\" src=\"https:\/\/makobo.co.mz\/wp-content\/uploads\/elementor\/thumbs\/DSC4674-2-scaled-pbvb1d9gin3bmqdven8bm83kmcg7dtxudkmyra8xwg.jpg\" alt=\"_DSC4674-2\" \/><\/figure><\/div><div class=\"swiper-slide\" role=\"group\" aria-roledescription=\"slide\" aria-label=\"7 of 10\"><figure class=\"swiper-slide-inner\"><img decoding=\"async\" class=\"swiper-slide-image\" src=\"https:\/\/makobo.co.mz\/wp-content\/uploads\/elementor\/thumbs\/DSC4770-2-scaled-pbvb2c1hjiexkazcrk9iohbmllosamrwucrxiitdi8.jpg\" alt=\"_DSC4770-2\" \/><\/figure><\/div><div class=\"swiper-slide\" role=\"group\" aria-roledescription=\"slide\" aria-label=\"8 of 10\"><figure class=\"swiper-slide-inner\"><img decoding=\"async\" class=\"swiper-slide-image\" src=\"https:\/\/makobo.co.mz\/wp-content\/uploads\/elementor\/thumbs\/DSC4664-2-scaled-pbvb13v2maqgemrixj61xagyohqj8uwj0a43yimvmo.jpg\" alt=\"_DSC4664-2\" \/><\/figure><\/div><div class=\"swiper-slide\" role=\"group\" aria-roledescription=\"slide\" aria-label=\"9 of 10\"><figure class=\"swiper-slide-inner\"><img decoding=\"async\" class=\"swiper-slide-image\" src=\"https:\/\/makobo.co.mz\/wp-content\/uploads\/elementor\/thumbs\/DSC4649-2-scaled-pbvb0k4gmrzfmtk74smvyxga7eftr7q5xkewvpg59c.jpg\" alt=\"_DSC4649-2\" \/><\/figure><\/div><div class=\"swiper-slide\" role=\"group\" aria-roledescription=\"slide\" aria-label=\"10 of 10\"><figure class=\"swiper-slide-inner\"><img decoding=\"async\" class=\"swiper-slide-image\" src=\"https:\/\/makobo.co.mz\/wp-content\/uploads\/elementor\/thumbs\/DSC4616-2-scaled-pbvb0djlaxqfdjtr77shzh421pc99c01knuiirpwgw.jpg\" alt=\"_DSC4616-2\" \/><\/figure><\/div>\t\t\t<\/div>\n\t\t\t\t\t\t\t\t\t\t\t\t<div class=\"elementor-swiper-button elementor-swiper-button-prev\" role=\"button\" tabindex=\"0\">\n\t\t\t\t\t\t<i aria-hidden=\"true\" class=\"eicon-chevron-left\"><\/i>\t\t\t\t\t<\/div>\n\t\t\t\t\t<div class=\"elementor-swiper-button elementor-swiper-button-next\" role=\"button\" tabindex=\"0\">\n\t\t\t\t\t\t<i aria-hidden=\"true\" class=\"eicon-chevron-right\"><\/i>\t\t\t\t\t<\/div>\n\t\t\t\t\n\t\t\t\t\t\t\t\t\t<div class=\"swiper-pagination\"><\/div>\n\t\t\t\t\t\t\t\t\t<\/div>\n\t\t\t\t<\/div>\n\t\t\t\t<\/div>\n\t\t\t\t<div class=\"elementor-element elementor-element-69cc8a7 elementor-widget elementor-widget-text-editor\" data-id=\"69cc8a7\" data-element_type=\"widget\" data-widget_type=\"text-editor.default\">\n\t\t\t\t<div class=\"elementor-widget-container\">\n\t\t\t\t\t\t\t<p style=\"text-align: left;\">This first collection of added-valued fashion accessories and home decor items (bags, rugs, runners and table tops) MAKOBO and its partners, will market them in the local and international markets for the sustainability of the project and its scale-up in order to include more people and increase employment and business opportunities for IDPs and host communities.<\/p><p style=\"text-align: left;\">The WIWANANA Project is the first of several initiatives we are carrying out with IDPs in Cabo Delgado.<\/p><p style=\"text-align: left;\"><span style=\"color: #ff6600;\"><strong>Currently, MAKOBO is aiming to implement the following projects:<\/strong><\/span><\/p><p style=\"text-align: left;\">\u2b50 Production of a clothing collection;<\/p><p style=\"text-align: left;\">\u2b50 Eco-Pemba \u2013 collection, reuse and recycling of plastic through beach cleaning campaigns and the CHANGE OF PLASTIC FOR FOOD SUPPORT initiative;<\/p><p style=\"text-align: left;\">\u2b50 Production of handcrafted paper (recycled from vegetable fiber);<\/p><p style=\"text-align: left;\">\u2b50 Food production;<\/p>\t\t\t\t\t\t<\/div>\n\t\t\t\t<\/div>\n\t\t\t\t\t<\/div>\n\t\t<\/div>\n\t\t\t\t\t\t\t<\/div>\n\t\t<\/section>\n\t\t\t\t\t\t\t<\/div>","protected":false},"excerpt":{"rendered":"<p>WIWANANA Mais de 20.000 pessoas vivem no Campo 25 de Junho em situa\u00e7\u00f5es de vulnerabilidade, extrema pobreza e exclus\u00e3o econ\u00f3mica e social. Os artigos de artesanato, cestaria de palha tran\u00e7ada, da marca WIWANANA s\u00e3o produzidos por 100 deslocados que se tornaram artes\u00e3os. S\u00e3o homens e mulheres de 12 aldeias em Bilibiza, distrito de Quissanga, Cabo &hellip; <a href=\"https:\/\/makobo.co.mz\/en\/wiwanana\/\" class=\"more-link\">Continue reading <span class=\"screen-reader-text\">WIWANANA<\/span><\/a><\/p>","protected":false},"author":2,"featured_media":0,"parent":0,"menu_order":0,"comment_status":"closed","ping_status":"closed","template":"elementor_header_footer","meta":{"footnotes":""},"class_list":["post-7579","page","type-page","status-publish","hentry"],"_links":{"self":[{"href":"https:\/\/makobo.co.mz\/en\/wp-json\/wp\/v2\/pages\/7579","targetHints":{"allow":["GET"]}}],"collection":[{"href":"https:\/\/makobo.co.mz\/en\/wp-json\/wp\/v2\/pages"}],"about":[{"href":"https:\/\/makobo.co.mz\/en\/wp-json\/wp\/v2\/types\/page"}],"author":[{"embeddable":true,"href":"https:\/\/makobo.co.mz\/en\/wp-json\/wp\/v2\/users\/2"}],"replies":[{"embeddable":true,"href":"https:\/\/makobo.co.mz\/en\/wp-json\/wp\/v2\/comments?post=7579"}],"version-history":[{"count":59,"href":"https:\/\/makobo.co.mz\/en\/wp-json\/wp\/v2\/pages\/7579\/revisions"}],"predecessor-version":[{"id":10931,"href":"https:\/\/makobo.co.mz\/en\/wp-json\/wp\/v2\/pages\/7579\/revisions\/10931"}],"wp:attachment":[{"href":"https:\/\/makobo.co.mz\/en\/wp-json\/wp\/v2\/media?parent=7579"}],"curies":[{"name":"wp","href":"https:\/\/api.w.org\/{rel}","templated":true}]}}