{"id":7577,"date":"2021-07-17T04:36:36","date_gmt":"2021-07-17T02:36:36","guid":{"rendered":"https:\/\/makobo.co.mz\/?page_id=7577"},"modified":"2022-03-04T14:39:54","modified_gmt":"2022-03-04T12:39:54","slug":"kaya","status":"publish","type":"page","link":"https:\/\/makobo.co.mz\/en\/kaya\/","title":{"rendered":"KAYA"},"content":{"rendered":"<div data-elementor-type=\"wp-page\" data-elementor-id=\"7577\" class=\"elementor elementor-7577\">\n\t\t\t\t\t\t\t\t\t<section class=\"elementor-section elementor-top-section elementor-element elementor-element-6623c36b elementor-section-height-full elementor-section-content-middle elementor-section-boxed elementor-section-height-default elementor-section-items-middle\" data-id=\"6623c36b\" data-element_type=\"section\" data-settings=\"{&quot;background_background&quot;:&quot;classic&quot;,&quot;_ha_eqh_enable&quot;:false}\">\n\t\t\t\t\t\t\t<div class=\"elementor-background-overlay\"><\/div>\n\t\t\t\t\t\t\t<div class=\"elementor-container elementor-column-gap-default\">\n\t\t\t\t\t<div class=\"elementor-column elementor-col-100 elementor-top-column elementor-element elementor-element-6a276e3d\" data-id=\"6a276e3d\" data-element_type=\"column\">\n\t\t\t<div class=\"elementor-widget-wrap elementor-element-populated\">\n\t\t\t\t\t\t\t\t<div class=\"elementor-element elementor-element-39ec2a16 elementor-widget elementor-widget-heading\" data-id=\"39ec2a16\" data-element_type=\"widget\" data-widget_type=\"heading.default\">\n\t\t\t\t<div class=\"elementor-widget-container\">\n\t\t\t<h2 class=\"elementor-heading-title elementor-size-default\">KAYA<\/h2>\t\t<\/div>\n\t\t\t\t<\/div>\n\t\t\t\t<div class=\"elementor-element elementor-element-7402577e elementor-widget elementor-widget-text-editor\" data-id=\"7402577e\" data-element_type=\"widget\" data-widget_type=\"text-editor.default\">\n\t\t\t\t<div class=\"elementor-widget-container\">\n\t\t\t\t\t\t\t\t\t\t\t\t\t<\/div>\n\t\t\t\t<\/div>\n\t\t\t\t\t<\/div>\n\t\t<\/div>\n\t\t\t\t\t\t\t<\/div>\n\t\t<\/section>\n\t\t\t\t<section class=\"elementor-section elementor-top-section elementor-element elementor-element-6a5e540a elementor-section-content-middle elementor-section-boxed elementor-section-height-default elementor-section-height-default\" data-id=\"6a5e540a\" data-element_type=\"section\" data-settings=\"{&quot;background_background&quot;:&quot;classic&quot;,&quot;_ha_eqh_enable&quot;:false}\">\n\t\t\t\t\t\t<div class=\"elementor-container elementor-column-gap-default\">\n\t\t\t\t\t<div class=\"elementor-column elementor-col-50 elementor-top-column elementor-element elementor-element-584138b8\" data-id=\"584138b8\" data-element_type=\"column\">\n\t\t\t<div class=\"elementor-widget-wrap elementor-element-populated\">\n\t\t\t\t\t\t\t\t<div class=\"elementor-element elementor-element-6d827833 elementor-widget elementor-widget-heading\" data-id=\"6d827833\" data-element_type=\"widget\" data-widget_type=\"heading.default\">\n\t\t\t\t<div class=\"elementor-widget-container\">\n\t\t\t<h2 class=\"elementor-heading-title elementor-size-default\">KAYA<\/h2>\t\t<\/div>\n\t\t\t\t<\/div>\n\t\t\t\t<div class=\"elementor-element elementor-element-f78b7b5 elementor-widget elementor-widget-text-editor\" data-id=\"f78b7b5\" data-element_type=\"widget\" data-widget_type=\"text-editor.default\">\n\t\t\t\t<div class=\"elementor-widget-container\">\n\t\t\t\t\t\t\t<h5><strong><i>Home for Everyone<\/i><\/strong><\/h5>\t\t\t\t\t\t<\/div>\n\t\t\t\t<\/div>\n\t\t\t\t<div class=\"elementor-element elementor-element-129979a elementor-widget elementor-widget-testimonial\" data-id=\"129979a\" data-element_type=\"widget\" data-widget_type=\"testimonial.default\">\n\t\t\t\t<div class=\"elementor-widget-container\">\n\t\t\t\t\t<div class=\"elementor-testimonial-wrapper\">\n\t\t\t\t\t\t\t<div class=\"elementor-testimonial-content\">The other is not the other it's me, it's you, it's us, human beings with dreams, needs, fears, hope but with great potential for transformation. In the end it is more like a house and each person under that roof must take care of themselves but also ensure that everyone has a plate of food, share responsibilities, share struggles, opportunities and daily achievements to take care of more needs, in a house everyone who is responsible for others. Ubuntu- I am because we are.<\/div>\n\t\t\t\n\t\t\t\t\t\t<div class=\"elementor-testimonial-meta elementor-has-image elementor-testimonial-image-position-aside\">\n\t\t\t\t<div class=\"elementor-testimonial-meta-inner\">\n\t\t\t\t\t\t\t\t\t\t\t<div class=\"elementor-testimonial-image\">\n\t\t\t\t\t\t\t<img loading=\"lazy\" decoding=\"async\" width=\"311\" height=\"313\" src=\"https:\/\/makobo.co.mz\/wp-content\/uploads\/2021\/07\/Layer-1-e1626993028265-1.png\" class=\"attachment-full size-full wp-image-7852\" alt=\"\" \/>\t\t\t\t\t\t<\/div>\n\t\t\t\t\t\n\t\t\t\t\t\t\t\t\t\t<div class=\"elementor-testimonial-details\">\n\t\t\t\t\t\t\t\t\t\t\t\t\t\t<div class=\"elementor-testimonial-name\">Ruy dos Santos<\/div>\n\t\t\t\t\t\t\t\t\t\t\t\t\t\t\t\t\t\t\t\t\t\t<div class=\"elementor-testimonial-job\">Founder of MAKOBO Platform<\/div>\n\t\t\t\t\t\t\t\t\t\t\t\t\t<\/div>\n\t\t\t\t\t\t\t\t\t<\/div>\n\t\t\t<\/div>\n\t\t\t\t\t<\/div>\n\t\t\t\t<\/div>\n\t\t\t\t<\/div>\n\t\t\t\t\t<\/div>\n\t\t<\/div>\n\t\t\t\t<div class=\"elementor-column elementor-col-50 elementor-top-column elementor-element elementor-element-adf9f04\" data-id=\"adf9f04\" data-element_type=\"column\">\n\t\t\t<div class=\"elementor-widget-wrap elementor-element-populated\">\n\t\t\t\t\t\t\t\t<div class=\"elementor-element elementor-element-872fae8 elementor-widget elementor-widget-ha-justified-gallery happy-addon ha-justified-gallery\" data-id=\"872fae8\" data-element_type=\"widget\" data-settings=\"{&quot;row_height&quot;:{&quot;unit&quot;:&quot;px&quot;,&quot;size&quot;:500,&quot;sizes&quot;:[]},&quot;last_row&quot;:&quot;nojustify&quot;,&quot;margins&quot;:{&quot;unit&quot;:&quot;px&quot;,&quot;size&quot;:10,&quot;sizes&quot;:[]},&quot;enable_popup&quot;:&quot;yes&quot;}\" data-widget_type=\"ha-justified-gallery.default\">\n\t\t\t\t<div class=\"elementor-widget-container\">\n\t\t\t\n\t\t<div class=\"ha-justified-grid__wrap hajs-justified-grid\">\n\t\t\t\t\t\t\t<a href=\"#\" data-mfp-src=\"https:\/\/makobo.co.mz\/wp-content\/uploads\/2021\/10\/IMG_20210809_224936-1024x768.jpg\" class=\"ha-justified-grid__item ha-js-lightbox __fltr-1\" title=\"\">\n\t\t\t\t\t<img loading=\"lazy\" decoding=\"async\" width=\"660\" height=\"495\" src=\"https:\/\/makobo.co.mz\/wp-content\/uploads\/2021\/10\/IMG_20210809_224936-768x576.jpg\" class=\"elementor-animation-grow\" alt=\"\" \/>\t\t\t\t<\/a>\n\t\t\t\t\t<\/div>\n\n\t\t\t\t<\/div>\n\t\t\t\t<\/div>\n\t\t\t\t\t<\/div>\n\t\t<\/div>\n\t\t\t\t\t\t\t<\/div>\n\t\t<\/section>\n\t\t\t\t<section class=\"elementor-section elementor-top-section elementor-element elementor-element-8df6375 elementor-section-content-middle elementor-section-boxed elementor-section-height-default elementor-section-height-default\" data-id=\"8df6375\" data-element_type=\"section\" data-settings=\"{&quot;background_background&quot;:&quot;classic&quot;,&quot;_ha_eqh_enable&quot;:false}\">\n\t\t\t\t\t\t<div class=\"elementor-container elementor-column-gap-default\">\n\t\t\t\t\t<div class=\"elementor-column elementor-col-100 elementor-top-column elementor-element elementor-element-ed0bca0\" data-id=\"ed0bca0\" data-element_type=\"column\">\n\t\t\t<div class=\"elementor-widget-wrap elementor-element-populated\">\n\t\t\t\t\t\t\t\t<div class=\"elementor-element elementor-element-de7b1b7 elementor-widget elementor-widget-heading\" data-id=\"de7b1b7\" data-element_type=\"widget\" data-widget_type=\"heading.default\">\n\t\t\t\t<div class=\"elementor-widget-container\">\n\t\t\t<h3 class=\"elementor-heading-title elementor-size-default\">KAYA<gwmw style=\"display:none;\"><\/gwmw><\/h3>\t\t<\/div>\n\t\t\t\t<\/div>\n\t\t\t\t<div class=\"elementor-element elementor-element-1fabca5 elementor-widget elementor-widget-text-editor\" data-id=\"1fabca5\" data-element_type=\"widget\" data-widget_type=\"text-editor.default\">\n\t\t\t\t<div class=\"elementor-widget-container\">\n\t\t\t\t\t\t\t<p>The <strong><span style=\"color: #ff6600;\">Project KAYA<\/span><\/strong> is some sort of upgrade of the solidarity soup that combines the three pillars of Makobo's performance, KAYA includes a large solidarity canteen that will be built in a space provided by the company MPDC. In this space, people will be able to find a healthy meal and clothing but they will need to be an active part of the solution, these goods will be exchanged for community service time and training hours. Women are one of the main groups that KAYA intends to support through the quick course which will offer the beneficiaries of the space to learn skills that will give them income and expand their horizons.<\/p>\n<p><gwmw style=\"display:none;\"><\/gwmw><\/p>\n<p><gwmw style=\"display:none;\"><\/gwmw><\/p>\n<p><gwmw style=\"display:none;\"><\/gwmw><\/p>\n<p><gwmw style=\"display:none;\"><\/gwmw><\/p>\n<gwmw style=\"display:none;\"><\/gwmw><gwmw style=\"display:none;\"><\/gwmw>\t\t\t\t\t\t<\/div>\n\t\t\t\t<\/div>\n\t\t\t\t<div class=\"elementor-element elementor-element-b1e9b7e elementor-arrows-position-inside elementor-pagination-position-outside elementor-widget elementor-widget-image-carousel\" data-id=\"b1e9b7e\" data-element_type=\"widget\" data-settings=\"{&quot;slides_to_show&quot;:&quot;3&quot;,&quot;navigation&quot;:&quot;both&quot;,&quot;autoplay&quot;:&quot;yes&quot;,&quot;pause_on_hover&quot;:&quot;yes&quot;,&quot;pause_on_interaction&quot;:&quot;yes&quot;,&quot;autoplay_speed&quot;:5000,&quot;infinite&quot;:&quot;yes&quot;,&quot;speed&quot;:500}\" data-widget_type=\"image-carousel.default\">\n\t\t\t\t<div class=\"elementor-widget-container\">\n\t\t\t\t\t<div class=\"elementor-image-carousel-wrapper swiper-container\" dir=\"ltr\">\n\t\t\t<div class=\"elementor-image-carousel swiper-wrapper\" aria-live=\"off\">\n\t\t\t\t\t\t\t\t<div class=\"swiper-slide\" role=\"group\" aria-roledescription=\"slide\" aria-label=\"1 of 14\"><figure class=\"swiper-slide-inner\"><img decoding=\"async\" class=\"swiper-slide-image\" src=\"https:\/\/makobo.co.mz\/wp-content\/uploads\/elementor\/thumbs\/IMG_20210809_223406-pe2szs2c4fyhiwyq63v5quy1eso1axj3qrf15613ts.jpg\" alt=\"IMG_20210809_223406\" \/><\/figure><\/div><div class=\"swiper-slide\" role=\"group\" aria-roledescription=\"slide\" aria-label=\"2 of 14\"><figure class=\"swiper-slide-inner\"><img decoding=\"async\" class=\"swiper-slide-image\" src=\"https:\/\/makobo.co.mz\/wp-content\/uploads\/elementor\/thumbs\/IMG_20210809_223039-pe2szp8tjxumk32tmkna1dnnmn1xnu7wqdgkpc5acg.jpg\" alt=\"IMG_20210809_223039\" \/><\/figure><\/div><div class=\"swiper-slide\" role=\"group\" aria-roledescription=\"slide\" aria-label=\"3 of 14\"><figure class=\"swiper-slide-inner\"><img decoding=\"async\" class=\"swiper-slide-image\" src=\"https:\/\/makobo.co.mz\/wp-content\/uploads\/elementor\/thumbs\/IMG_20210809_224411-e1640286954932-phy9bim34k2xqi15re876u2e4cxrsc00pt31kpa5k0.jpg\" alt=\"IMG_20210809_224411\" \/><\/figure><\/div><div class=\"swiper-slide\" role=\"group\" aria-roledescription=\"slide\" aria-label=\"4 of 14\"><figure class=\"swiper-slide-inner\"><img decoding=\"async\" class=\"swiper-slide-image\" src=\"https:\/\/makobo.co.mz\/wp-content\/uploads\/elementor\/thumbs\/IMG_20210809_224638-pe2szkjmlro6y19ne0m56wucnpp3lcp91q75ayc97k.jpg\" alt=\"IMG_20210809_224638\" \/><\/figure><\/div><div class=\"swiper-slide\" role=\"group\" aria-roledescription=\"slide\" aria-label=\"5 of 14\"><figure class=\"swiper-slide-inner\"><img decoding=\"async\" class=\"swiper-slide-image\" src=\"https:\/\/makobo.co.mz\/wp-content\/uploads\/elementor\/thumbs\/IMG_20210809_224958-pe2szhq419kbz7dquhe9hfjyvk2zy9e21c8ov4gfq8.jpg\" alt=\"IMG_20210809_224958\" \/><\/figure><\/div><div class=\"swiper-slide\" role=\"group\" aria-roledescription=\"slide\" aria-label=\"6 of 14\"><figure class=\"swiper-slide-inner\"><img decoding=\"async\" class=\"swiper-slide-image\" src=\"https:\/\/makobo.co.mz\/wp-content\/uploads\/elementor\/thumbs\/IMG_20210809_224638-1-pe2tak9oj0pwpvau79o2umzeqximlxc8w4ukcg1ig0.jpg\" alt=\"IMG_20210809_224638 (1)\" \/><\/figure><\/div><div class=\"swiper-slide\" role=\"group\" aria-roledescription=\"slide\" aria-label=\"7 of 14\"><figure class=\"swiper-slide-inner\"><img decoding=\"async\" class=\"swiper-slide-image\" src=\"https:\/\/makobo.co.mz\/wp-content\/uploads\/elementor\/thumbs\/IMG-20190522-WA0033-pe2szd0x33dwd5kklxd4myqnwmq5vrvecoz9gqnelc.jpg\" alt=\"IMG-20190522-WA0033\" \/><\/figure><\/div><div class=\"swiper-slide\" role=\"group\" aria-roledescription=\"slide\" aria-label=\"8 of 14\"><figure class=\"swiper-slide-inner\"><img decoding=\"async\" class=\"swiper-slide-image\" src=\"https:\/\/makobo.co.mz\/wp-content\/uploads\/elementor\/thumbs\/IMG_20210809_223747-pe2tahg5yim1r1exnqg755p0yrwiyu11vqw3wm5oyo.jpg\" alt=\"IMG_20210809_223747\" \/><\/figure><\/div><div class=\"swiper-slide\" role=\"group\" aria-roledescription=\"slide\" aria-label=\"9 of 14\"><figure class=\"swiper-slide-inner\"><img decoding=\"async\" class=\"swiper-slide-image\" src=\"https:\/\/makobo.co.mz\/wp-content\/uploads\/elementor\/thumbs\/IMG_20210809_224936-pe2tam5cwoshd383wahbzmibxp9d1bjpke5jazyq3k.jpg\" alt=\"IMG_20210809_224936\" \/><\/figure><\/div><div class=\"swiper-slide\" role=\"group\" aria-roledescription=\"slide\" aria-label=\"10 of 14\"><figure class=\"swiper-slide-inner\"><img decoding=\"async\" class=\"swiper-slide-image\" src=\"https:\/\/makobo.co.mz\/wp-content\/uploads\/elementor\/thumbs\/IMG_20210809_224638-2-pe2tb08xr7bs78nmlykqj0y8uhbv8s3ombxti5dti8.jpg\" alt=\"IMG_20210809_224638\" \/><\/figure><\/div><div class=\"swiper-slide\" role=\"group\" aria-roledescription=\"slide\" aria-label=\"11 of 14\"><figure class=\"swiper-slide-inner\"><img decoding=\"async\" class=\"swiper-slide-image\" src=\"https:\/\/makobo.co.mz\/wp-content\/uploads\/elementor\/thumbs\/IMG-20190522-WA0024-pe2tao11acv20b5dlbal4m194h03gpr68ngi9jvxr4.jpg\" alt=\"IMG-20190522-WA0024\" \/><\/figure><\/div><div class=\"swiper-slide\" role=\"group\" aria-roledescription=\"slide\" aria-label=\"12 of 14\"><figure class=\"swiper-slide-inner\"><img decoding=\"async\" class=\"swiper-slide-image\" src=\"https:\/\/makobo.co.mz\/wp-content\/uploads\/elementor\/thumbs\/IMG-20190522-WA0028-pe2taqujuuywz51a4uigu3bmwmm73t2d91eypdrr8g.jpg\" alt=\"IMG-20190522-WA0028\" \/><\/figure><\/div><div class=\"swiper-slide\" role=\"group\" aria-roledescription=\"slide\" aria-label=\"13 of 14\"><figure class=\"swiper-slide-inner\"><img decoding=\"async\" class=\"swiper-slide-image\" src=\"https:\/\/makobo.co.mz\/wp-content\/uploads\/elementor\/thumbs\/IMG-20190522-WA0033-1-pe2tato2fd2rxyx6odqcjkm0os8aqwdk9fdf57nkps.jpg\" alt=\"IMG-20190522-WA0033\" \/><\/figure><\/div><div class=\"swiper-slide\" role=\"group\" aria-roledescription=\"slide\" aria-label=\"14 of 14\"><figure class=\"swiper-slide-inner\"><img decoding=\"async\" class=\"swiper-slide-image\" src=\"https:\/\/makobo.co.mz\/wp-content\/uploads\/elementor\/thumbs\/IMG_20210809_224958-1-pe2taxff6p7x8erq2fcutjnv2bprloshlxzd2bi00w.jpg\" alt=\"IMG_20210809_224958\" \/><\/figure><\/div>\t\t\t<\/div>\n\t\t\t\t\t\t\t\t\t\t\t\t<div class=\"elementor-swiper-button elementor-swiper-button-prev\" role=\"button\" tabindex=\"0\">\n\t\t\t\t\t\t<i aria-hidden=\"true\" class=\"eicon-chevron-left\"><\/i>\t\t\t\t\t<\/div>\n\t\t\t\t\t<div class=\"elementor-swiper-button elementor-swiper-button-next\" role=\"button\" tabindex=\"0\">\n\t\t\t\t\t\t<i aria-hidden=\"true\" class=\"eicon-chevron-right\"><\/i>\t\t\t\t\t<\/div>\n\t\t\t\t\n\t\t\t\t\t\t\t\t\t<div class=\"swiper-pagination\"><\/div>\n\t\t\t\t\t\t\t\t\t<\/div>\n\t\t\t\t<\/div>\n\t\t\t\t<\/div>\n\t\t\t\t<div class=\"elementor-element elementor-element-2d4d6d6 elementor-widget elementor-widget-text-editor\" data-id=\"2d4d6d6\" data-element_type=\"widget\" data-widget_type=\"text-editor.default\">\n\t\t\t\t<div class=\"elementor-widget-container\">\n\t\t\t\t\t\t\t<p>KAYA represents an opportunity to bring back our brothers and sisters who do not have the same opportunity as us into the house so that they are no longer be invisible and so that they can contribute to the development of our country through honest work that dignifies them.<br>The MAKOBO platform is now looking for partners to transform the space offered by MPDC into a solidarity cafeteria and start welcoming those who inspired its creation. What started with a pot of soup is now an open door for hundreds of people, it is the hope in a life where everyone has the opportunity to be the best version of themselves. Join this house where there is always room for one more person! because every time that happens it grows too. Share yourself in solidarity.<\/p>\n<gwmw style=\"display:none;\"><\/gwmw>\t\t\t\t\t\t<\/div>\n\t\t\t\t<\/div>\n\t\t\t\t\t<\/div>\n\t\t<\/div>\n\t\t\t\t\t\t\t<\/div>\n\t\t<\/section>\n\t\t\t\t\t\t\t<\/div>","protected":false},"excerpt":{"rendered":"<p>KAYA KAYA Uma casa para Todos \u201cO outro n\u00e3o \u00e9 outro sou eu, \u00e9s tu, somos n\u00f3s, seres humanos com sonhos necessidades medos esperan\u00e7a, mas com imenso potencial para transforma\u00e7\u00e3o. No fundo \u00e9 como uma casa e cada pessoa debaixo daquele teto deve cuidar de si mas tamb\u00e9m garantir que todos tenham um prato de &hellip; <a href=\"https:\/\/makobo.co.mz\/en\/kaya\/\" class=\"more-link\">Continue reading <span class=\"screen-reader-text\">KAYA<\/span><\/a><\/p>","protected":false},"author":2,"featured_media":0,"parent":0,"menu_order":0,"comment_status":"closed","ping_status":"closed","template":"elementor_header_footer","meta":{"footnotes":""},"class_list":["post-7577","page","type-page","status-publish","hentry"],"_links":{"self":[{"href":"https:\/\/makobo.co.mz\/en\/wp-json\/wp\/v2\/pages\/7577","targetHints":{"allow":["GET"]}}],"collection":[{"href":"https:\/\/makobo.co.mz\/en\/wp-json\/wp\/v2\/pages"}],"about":[{"href":"https:\/\/makobo.co.mz\/en\/wp-json\/wp\/v2\/types\/page"}],"author":[{"embeddable":true,"href":"https:\/\/makobo.co.mz\/en\/wp-json\/wp\/v2\/users\/2"}],"replies":[{"embeddable":true,"href":"https:\/\/makobo.co.mz\/en\/wp-json\/wp\/v2\/comments?post=7577"}],"version-history":[{"count":110,"href":"https:\/\/makobo.co.mz\/en\/wp-json\/wp\/v2\/pages\/7577\/revisions"}],"predecessor-version":[{"id":10908,"href":"https:\/\/makobo.co.mz\/en\/wp-json\/wp\/v2\/pages\/7577\/revisions\/10908"}],"wp:attachment":[{"href":"https:\/\/makobo.co.mz\/en\/wp-json\/wp\/v2\/media?parent=7577"}],"curies":[{"name":"wp","href":"https:\/\/api.w.org\/{rel}","templated":true}]}}