{"id":7564,"date":"2021-07-17T04:36:12","date_gmt":"2021-07-17T02:36:12","guid":{"rendered":"https:\/\/makobo.co.mz\/?page_id=7564"},"modified":"2022-03-04T15:05:56","modified_gmt":"2022-03-04T13:05:56","slug":"coracao-solidario","status":"publish","type":"page","link":"https:\/\/makobo.co.mz\/en\/coracao-solidario\/","title":{"rendered":"CORA\u00c7\u00c3O SOLID\u00c1RIO"},"content":{"rendered":"<div data-elementor-type=\"wp-page\" data-elementor-id=\"7564\" class=\"elementor elementor-7564\">\n\t\t\t\t\t\t\t\t\t<section class=\"elementor-section elementor-top-section elementor-element elementor-element-53bab25 elementor-section-boxed elementor-section-height-default elementor-section-height-default\" data-id=\"53bab25\" data-element_type=\"section\" data-settings=\"{&quot;background_background&quot;:&quot;classic&quot;,&quot;shape_divider_bottom&quot;:&quot;drops&quot;,&quot;_ha_eqh_enable&quot;:false}\">\n\t\t\t\t\t\t\t<div class=\"elementor-background-overlay\"><\/div>\n\t\t\t\t\t\t<div class=\"elementor-shape elementor-shape-bottom\" data-negative=\"false\">\n\t\t\t<svg xmlns=\"http:\/\/www.w3.org\/2000\/svg\" height=\"100%\" viewbox=\"0 0 283.5 27.8\" preserveaspectratio=\"xMidYMax slice\">\n\t<path class=\"elementor-shape-fill\" d=\"M0 0v1.4c.6.7 1.1 1.4 1.4 2 2 3.8 2.2 6.6 1.8 10.8-.3 3.3-2.4 9.4 0 12.3 1.7 2 3.7 1.4 4.6-.9 1.4-3.8-.7-8.2-.6-12 .1-3.7 3.2-5.5 6.9-4.9 4 .6 4.8 4 4.9 7.4.1 1.8-1.1 7 0 8.5.6.8 1.6 1.2 2.4.5 1.4-1.1.1-5.4.1-6.9.1-3.7.3-8.6 4.1-10.5 5-2.5 6.2 1.6 5.4 5.6-.4 1.7-1 9.2 2.9 6.3 1.5-1.1.7-3.5.5-4.9-.4-2.4-.4-4.3 1-6.5.9-1.4 2.4-3.1 4.2-3 2.4.1 2.7 2.2 4 3.7 1.5 1.8 1.8 2.2 3 .1 1.1-1.9 1.2-2.8 3.6-3.3 1.3-.3 4.8-1.4 5.9-.5 1.5 1.1.6 2.8.4 4.3-.2 1.1-.6 4 1.8 3.4 1.7-.4-.3-4.1.6-5.6 1.3-2.2 5.8-1.4 7 .5 1.3 2.1.5 5.8.1 8.1s-1.2 5-.6 7.4c1.3 5.1 4.4.9 4.3-2.4-.1-4.4-2-8.8-.5-13 .9-2.4 4.6-6.6 7.7-4.5 2.7 1.8.5 7.8.2 10.3-.2 1.7-.8 4.6.2 6.2.9 1.4 2 1.5 2.6-.3.5-1.5-.9-4.5-1-6.1-.2-1.7-.4-3.7.2-5.4 1.8-5.6 3.5 2.4 6.3.6 1.4-.9 4.3-9.4 6.1-3.1.6 2.2-1.3 7.8.7 8.9 4.2 2.3 1.5-7.1 2.2-8 3.1-4 4.7 3.8 6.1 4.1 3.1.7 2.8-7.9 8.1-4.5 1.7 1.1 2.9 3.3 3.2 5.2.4 2.2-1 4.5-.6 6.6 1 4.3 4.4 1.5 4.4-1.7 0-2.7-3-8.3 1.4-9.1 4.4-.9 7.3 3.5 7.8 6.9.3 2-1.5 10.9 1.3 11.3 4.1.6-3.2-15.7 4.8-15.8 4.7-.1 2.8 4.1 3.9 6.6 1 2.4 2.1 1 2.3-.8.3-1.9-.9-3.2 1.3-4.3 5.9-2.9 5.9 5.4 5.5 8.5-.3 2-1.7 8.4 2 8.1 6.9-.5-2.8-16.9 4.8-18.7 4.7-1.2 6.1 3.6 6.3 7.1.1 1.7-1.2 8.1.6 9.1 3.5 2 1.9-7 2-8.4.2-4 1.2-9.6 6.4-9.8 4.7-.2 3.2 4.6 2.7 7.5-.4 2.2 1.3 8.6 3.8 4.4 1.1-1.9-.3-4.1-.3-6 0-1.7.4-3.2 1.3-4.6 1-1.6 2.9-3.5 5.1-2.9 2.5.6 2.3 4.1 4.1 4.9 1.9.8 1.6-.9 2.3-2.1 1.2-2.1 2.1-2.1 4.4-2.4 1.4-.2 3.6-1.5 4.9-.5 2.3 1.7-.7 4.4.1 6.5.6 1.5 2.1 1.7 2.8.3.7-1.4-1.1-3.4-.3-4.8 1.4-2.5 6.2-1.2 7.2 1 2.3 4.8-3.3 12-.2 16.3 3 4.1 3.9-2.8 3.8-4.8-.4-4.3-2.1-8.9 0-13.1 1.3-2.5 5.9-5.7 7.9-2.4 2 3.2-1.3 9.8-.8 13.4.5 4.4 3.5 3.3 2.7-.8-.4-1.9-2.4-10 .6-11.1 3.7-1.4 2.8 7.2 6.5.4 2.2-4.1 4.9-3.1 5.2 1.2.1 1.5-.6 3.1-.4 4.6.2 1.9 1.8 3.7 3.3 1.3 1-1.6-2.6-10.4 2.9-7.3 2.6 1.5 1.6 6.5 4.8 2.7 1.3-1.5 1.7-3.6 4-3.7 2.2-.1 4 2.3 4.8 4.1 1.3 2.9-1.5 8.4.9 10.3 4.2 3.3 3-5.5 2.7-6.9-.6-3.9 1-7.2 5.5-5 4.1 2.1 4.3 7.7 4.1 11.6 0 .8-.6 9.5 2.5 5.2 1.2-1.7-.1-7.7.1-9.6.3-2.9 1.2-5.5 4.3-6.2 4.5-1 7.7 1.5 7.4 5.8-.2 3.5-1.8 7.7-.5 11.1 1 2.7 3.6 2.8 5 .2 1.6-3.1 0-8.3-.4-11.6-.4-4.2-.2-7 1.8-10.8 0 0-.1.1-.1.2-.2.4-.3.7-.4.8v.1c-.1.2-.1.2 0 0v-.1l.4-.8c0-.1.1-.1.1-.2.2-.4.5-.8.8-1.2V0H0zM282.7 3.4z\"\/>\n<\/svg>\t\t<\/div>\n\t\t\t\t\t<div class=\"elementor-container elementor-column-gap-default\">\n\t\t\t\t\t<div class=\"elementor-column elementor-col-100 elementor-top-column elementor-element elementor-element-198f8133\" data-id=\"198f8133\" data-element_type=\"column\">\n\t\t\t<div class=\"elementor-widget-wrap elementor-element-populated\">\n\t\t\t\t\t\t\t\t<div class=\"elementor-element elementor-element-1fe1dca6 elementor-widget elementor-widget-heading\" data-id=\"1fe1dca6\" data-element_type=\"widget\" data-widget_type=\"heading.default\">\n\t\t\t\t<div class=\"elementor-widget-container\">\n\t\t\t<h2 class=\"elementor-heading-title elementor-size-default\">CORA\u00c7\u00c3O SOLID\u00c1RIO<\/h2>\t\t<\/div>\n\t\t\t\t<\/div>\n\t\t\t\t\t<\/div>\n\t\t<\/div>\n\t\t\t\t\t\t\t<\/div>\n\t\t<\/section>\n\t\t\t\t<section class=\"elementor-section elementor-top-section elementor-element elementor-element-0ab6771 elementor-section-content-middle elementor-section-boxed elementor-section-height-default elementor-section-height-default\" data-id=\"0ab6771\" data-element_type=\"section\" data-settings=\"{&quot;background_background&quot;:&quot;classic&quot;,&quot;_ha_eqh_enable&quot;:false}\">\n\t\t\t\t\t\t<div class=\"elementor-container elementor-column-gap-default\">\n\t\t\t\t\t<div class=\"elementor-column elementor-col-100 elementor-top-column elementor-element elementor-element-c9f0ef1\" data-id=\"c9f0ef1\" data-element_type=\"column\">\n\t\t\t<div class=\"elementor-widget-wrap elementor-element-populated\">\n\t\t\t\t\t\t\t\t<div class=\"elementor-element elementor-element-9ef594b elementor-widget elementor-widget-heading\" data-id=\"9ef594b\" data-element_type=\"widget\" data-widget_type=\"heading.default\">\n\t\t\t\t<div class=\"elementor-widget-container\">\n\t\t\t<h2 class=\"elementor-heading-title elementor-size-default\">CORA\u00c7\u00c3O SOLID\u00c1RIO<\/h2>\t\t<\/div>\n\t\t\t\t<\/div>\n\t\t\t\t<div class=\"elementor-element elementor-element-7269004 elementor-widget elementor-widget-text-editor\" data-id=\"7269004\" data-element_type=\"widget\" data-widget_type=\"text-editor.default\">\n\t\t\t\t<div class=\"elementor-widget-container\">\n\t\t\t\t\t\t\t<blockquote><p><strong><span style=\"color: #fa4f26;\">&#8220;<\/span> <\/strong>The other is not the other it's me, it's you, it's us, human beings with dreams, needs, fears, hope but with great potential for transformation. In the end it is more like a house and each person under that roof must take care of themselves but also ensure that everyone has a plate of food, share responsibilities, share struggles, opportunities and daily achievements to take care of more needs, in a house everyone who is responsible for others.<span style=\"color: #fa4f26;\"><strong> &#8220;<\/strong><\/span><\/p><p><em><strong>Ubuntu- I am because we are<\/strong><\/em><\/p><\/blockquote>\t\t\t\t\t\t<\/div>\n\t\t\t\t<\/div>\n\t\t\t\t<div class=\"elementor-element elementor-element-65e9571 elementor-widget elementor-widget-ha-animated-text happy-addon ha-animated-text happy-addon-pro\" data-id=\"65e9571\" data-element_type=\"widget\" data-settings=\"{&quot;animation_delay&quot;:2500}\" data-widget_type=\"ha-animated-text.default\">\n\t\t\t\t<div class=\"elementor-widget-container\">\n\t\t\t<h2 class=\"ha-animated-text-wrap cd-headline rotate-1\" data-animation-delay=\"2500\"> <span class=\"ha-animated-text cd-words-wrapper\"><b class=\"elementor-repeater-item-31d53a2 is-visible\">NOT ALMS<\/b><b class=\"elementor-repeater-item-3caf899\">GIVE DIGNITY<\/b><\/span><\/h2>\t\t<\/div>\n\t\t\t\t<\/div>\n\t\t\t\t<div class=\"elementor-element elementor-element-f7aa73c elementor-widget elementor-widget-text-editor\" data-id=\"f7aa73c\" data-element_type=\"widget\" data-widget_type=\"text-editor.default\">\n\t\t\t\t<div class=\"elementor-widget-container\">\n\t\t\t\t\t\t\t<p><strong>SOLIDARITY HEART<\/strong>, is the intervention mechanism of MAKOBO Platform in situations of urgent humanitarian support, while promoting conditions of resilience for affected individuals or communities.<\/p><p style=\"text-align: left;\">In Mozambique, despite being very frequent, we continue to experience and observe immense difficulties in appropriation, mobilization and in responding to support for people affected by various factors that require an immediate response.\u00a0\u00a0<\/p><p style=\"text-align: left;\"><span style=\"color: #ff6600;\"><strong>\u201cAfter IDAI Cyclone, we cannot be the same, nor do things the same way.\u201d<\/strong><\/span><\/p><p style=\"text-align: left;\">The SOLIDARITY HEART  initiative aims to be a concrete and effective response mechanism to populations in the event of a humanitarian emergency, through two axes of action:<\/p><p style=\"text-align: left;\">\u2b50<span style=\"color: #fa4f26;\"><strong> \u00a0Emotional Support (emergency humanitarian aid) <\/strong><\/span>\u00a0- creation of campaigns to raise support and donation of essential products and nutritionally balanced meals, mainly for children, women, the elderly and the disabled.<\/p><p style=\"text-align: left;\">\u2b50 <span style=\"color: #fa4f26;\"><strong>Sustainability  (promotion of livelihoods)<\/strong><\/span> creation of jobs and business opportunities for the economic and social inclusion of displaced families and host communities<\/p>\t\t\t\t\t\t<\/div>\n\t\t\t\t<\/div>\n\t\t\t\t<div class=\"elementor-element elementor-element-ed188af elementor-arrows-position-inside elementor-pagination-position-outside elementor-widget elementor-widget-image-carousel\" data-id=\"ed188af\" data-element_type=\"widget\" data-settings=\"{&quot;slides_to_show&quot;:&quot;4&quot;,&quot;autoplay_speed&quot;:1000,&quot;image_spacing_custom&quot;:{&quot;unit&quot;:&quot;px&quot;,&quot;size&quot;:8,&quot;sizes&quot;:[]},&quot;slides_to_show_tablet&quot;:&quot;3&quot;,&quot;slides_to_show_mobile&quot;:&quot;2&quot;,&quot;navigation&quot;:&quot;both&quot;,&quot;autoplay&quot;:&quot;yes&quot;,&quot;pause_on_hover&quot;:&quot;yes&quot;,&quot;pause_on_interaction&quot;:&quot;yes&quot;,&quot;infinite&quot;:&quot;yes&quot;,&quot;speed&quot;:500,&quot;image_spacing_custom_tablet&quot;:{&quot;unit&quot;:&quot;px&quot;,&quot;size&quot;:&quot;&quot;,&quot;sizes&quot;:[]},&quot;image_spacing_custom_mobile&quot;:{&quot;unit&quot;:&quot;px&quot;,&quot;size&quot;:&quot;&quot;,&quot;sizes&quot;:[]}}\" data-widget_type=\"image-carousel.default\">\n\t\t\t\t<div class=\"elementor-widget-container\">\n\t\t\t\t\t<div class=\"elementor-image-carousel-wrapper swiper-container\" dir=\"ltr\">\n\t\t\t<div class=\"elementor-image-carousel swiper-wrapper swiper-image-stretch\" aria-live=\"off\">\n\t\t\t\t\t\t\t\t<div class=\"swiper-slide\" role=\"group\" aria-roledescription=\"slide\" aria-label=\"1 of 5\"><figure class=\"swiper-slide-inner\"><img decoding=\"async\" class=\"swiper-slide-image\" src=\"https:\/\/makobo.co.mz\/wp-content\/uploads\/elementor\/thumbs\/14-e1627978187335-1-pb2y0kn8fiezczln2d1694uiazwoezekufkufmobak.png\" alt=\"14-e1627978187335\" \/><\/figure><\/div><div class=\"swiper-slide\" role=\"group\" aria-roledescription=\"slide\" aria-label=\"2 of 5\"><figure class=\"swiper-slide-inner\"><img decoding=\"async\" class=\"swiper-slide-image\" src=\"https:\/\/makobo.co.mz\/wp-content\/uploads\/elementor\/thumbs\/12-1-pb2y0ngr00iubthjlw91ym4w35is22prutjavgk4rw.png\" alt=\"12\" \/><\/figure><\/div><div class=\"swiper-slide\" role=\"group\" aria-roledescription=\"slide\" aria-label=\"3 of 5\"><figure class=\"swiper-slide-inner\"><img decoding=\"async\" class=\"swiper-slide-image\" src=\"https:\/\/makobo.co.mz\/wp-content\/uploads\/elementor\/thumbs\/11-1-pb2y0qa9kimpandg5fgxo3f9vb4vp60yv7hrbafy98.png\" alt=\"11\" \/><\/figure><\/div><div class=\"swiper-slide\" role=\"group\" aria-roledescription=\"slide\" aria-label=\"4 of 5\"><figure class=\"swiper-slide-inner\"><img decoding=\"async\" class=\"swiper-slide-image\" src=\"https:\/\/makobo.co.mz\/wp-content\/uploads\/elementor\/thumbs\/15-1-pb2y0t3s50qk9h9coyotdkpnngqzc9c5vlg7r4brqk.png\" alt=\"15\" \/><\/figure><\/div><div class=\"swiper-slide\" role=\"group\" aria-roledescription=\"slide\" aria-label=\"5 of 5\"><figure class=\"swiper-slide-inner\"><img decoding=\"async\" class=\"swiper-slide-image\" src=\"https:\/\/makobo.co.mz\/wp-content\/uploads\/elementor\/thumbs\/13-1-pb2y0wv4wcvpjx3w30bbnjri108g71r38425o8671o.png\" alt=\"13\" \/><\/figure><\/div>\t\t\t<\/div>\n\t\t\t\t\t\t\t\t\t\t\t\t<div class=\"elementor-swiper-button elementor-swiper-button-prev\" role=\"button\" tabindex=\"0\">\n\t\t\t\t\t\t<i aria-hidden=\"true\" class=\"eicon-chevron-left\"><\/i>\t\t\t\t\t<\/div>\n\t\t\t\t\t<div class=\"elementor-swiper-button elementor-swiper-button-next\" role=\"button\" tabindex=\"0\">\n\t\t\t\t\t\t<i aria-hidden=\"true\" class=\"eicon-chevron-right\"><\/i>\t\t\t\t\t<\/div>\n\t\t\t\t\n\t\t\t\t\t\t\t\t\t<div class=\"swiper-pagination\"><\/div>\n\t\t\t\t\t\t\t\t\t<\/div>\n\t\t\t\t<\/div>\n\t\t\t\t<\/div>\n\t\t\t\t\t<\/div>\n\t\t<\/div>\n\t\t\t\t\t\t\t<\/div>\n\t\t<\/section>\n\t\t\t\t\t\t\t<\/div>","protected":false},"excerpt":{"rendered":"<p>CORA\u00c7\u00c3O SOLID\u00c1RIO CORA\u00c7\u00c3O SOLID\u00c1RIO &#8221; O outro n\u00e3o \u00e9 realmente o outro sou eu, \u00e9 voc\u00ea, somos n\u00f3s, seres humanos com sonhos, necessidades, medos, esperan\u00e7a mas com grande potencial de transforma\u00e7\u00e3o. No final das contas, \u00e9 mais como uma casa e cada pessoa sob esse teto deve cuidar de si mesma, mas tamb\u00e9m garantir que &hellip; <a href=\"https:\/\/makobo.co.mz\/en\/coracao-solidario\/\" class=\"more-link\">Continue reading <span class=\"screen-reader-text\">CORA\u00c7\u00c3O SOLID\u00c1RIO<\/span><\/a><\/p>","protected":false},"author":2,"featured_media":0,"parent":0,"menu_order":0,"comment_status":"closed","ping_status":"closed","template":"elementor_header_footer","meta":{"footnotes":""},"class_list":["post-7564","page","type-page","status-publish","hentry"],"_links":{"self":[{"href":"https:\/\/makobo.co.mz\/en\/wp-json\/wp\/v2\/pages\/7564","targetHints":{"allow":["GET"]}}],"collection":[{"href":"https:\/\/makobo.co.mz\/en\/wp-json\/wp\/v2\/pages"}],"about":[{"href":"https:\/\/makobo.co.mz\/en\/wp-json\/wp\/v2\/types\/page"}],"author":[{"embeddable":true,"href":"https:\/\/makobo.co.mz\/en\/wp-json\/wp\/v2\/users\/2"}],"replies":[{"embeddable":true,"href":"https:\/\/makobo.co.mz\/en\/wp-json\/wp\/v2\/comments?post=7564"}],"version-history":[{"count":158,"href":"https:\/\/makobo.co.mz\/en\/wp-json\/wp\/v2\/pages\/7564\/revisions"}],"predecessor-version":[{"id":10915,"href":"https:\/\/makobo.co.mz\/en\/wp-json\/wp\/v2\/pages\/7564\/revisions\/10915"}],"wp:attachment":[{"href":"https:\/\/makobo.co.mz\/en\/wp-json\/wp\/v2\/media?parent=7564"}],"curies":[{"name":"wp","href":"https:\/\/api.w.org\/{rel}","templated":true}]}}