{"id":10013,"date":"2022-02-26T01:36:51","date_gmt":"2022-02-25T23:36:51","guid":{"rendered":"https:\/\/makobo.co.mz\/?page_id=10013"},"modified":"2022-03-04T15:21:17","modified_gmt":"2022-03-04T13:21:17","slug":"intervencao-covid-19","status":"publish","type":"page","link":"https:\/\/makobo.co.mz\/en\/intervencao-covid-19\/","title":{"rendered":"INTERVEN\u00c7\u00c3O COVID 19"},"content":{"rendered":"<div data-elementor-type=\"wp-page\" data-elementor-id=\"10013\" class=\"elementor elementor-10013\">\n\t\t\t\t\t\t\t\t\t<section class=\"elementor-section elementor-top-section elementor-element elementor-element-490d6fb elementor-section-content-middle elementor-section-boxed elementor-section-height-default elementor-section-height-default\" data-id=\"490d6fb\" data-element_type=\"section\" data-settings=\"{&quot;background_background&quot;:&quot;classic&quot;,&quot;_ha_eqh_enable&quot;:false}\">\n\t\t\t\t\t\t<div class=\"elementor-container elementor-column-gap-default\">\n\t\t\t\t\t<div class=\"elementor-column elementor-col-100 elementor-top-column elementor-element elementor-element-c80fb68\" data-id=\"c80fb68\" data-element_type=\"column\" data-settings=\"{&quot;background_background&quot;:&quot;classic&quot;}\">\n\t\t\t<div class=\"elementor-widget-wrap elementor-element-populated\">\n\t\t\t\t\t\t\t\t<div class=\"elementor-element elementor-element-05bdbf0 elementor-widget elementor-widget-besa-heading\" data-id=\"05bdbf0\" data-element_type=\"widget\" data-widget_type=\"besa-heading.default\">\n\t\t\t\t<div class=\"elementor-widget-container\">\n\t\t\t\r\n<div class=\"tbay-element tbay-element-heading\">\r\n\t\t\t\t<h1 class=\"heading-tbay-title\">\r\n\t\t\t\t\t\t\t\t\t<span class=\"title\">CORA\u00c7\u00c3O SOLID\u00c1RIO<\/span>\r\n\t\t\t\t\t    \t\r\n\t\t\t\t\t\t\t<\/h1>\r\n\t\t<\/div>\t\t<\/div>\n\t\t\t\t<\/div>\n\t\t\t\t<div class=\"elementor-element elementor-element-2fab95c elementor-widget elementor-widget-besa-heading\" data-id=\"2fab95c\" data-element_type=\"widget\" data-widget_type=\"besa-heading.default\">\n\t\t\t\t<div class=\"elementor-widget-container\">\n\t\t\t\r\n<div class=\"tbay-element tbay-element-heading\">\r\n\t\t\t\t<h2 class=\"heading-tbay-title\">\r\n\t\t\t\t\t\t\t\t\t<span class=\"title\">INTERVEN\u00c7\u00c3O COVID-19-MAPUTO 2020<\/span>\r\n\t\t\t\t\t    \t\r\n\t\t\t\t\t\t\t<\/h2>\r\n\t\t<\/div>\t\t<\/div>\n\t\t\t\t<\/div>\n\t\t\t\t<div class=\"elementor-element elementor-element-2a90220 elementor-widget elementor-widget-text-editor\" data-id=\"2a90220\" data-element_type=\"widget\" data-widget_type=\"text-editor.default\">\n\t\t\t\t<div class=\"elementor-widget-container\">\n\t\t\t\t\t\t\t<p style=\"text-align: left;\">On March 11, 2020, the World Health Organization (WHO) declared the COVID-19 virus spread as a pandemic due to its \u201calarming levels of spread and inaction\u201d, with an increase in the number of cases, deaths and countries affected. In the global crisis of the Coronavirus, the African continent is systematically presented as incapable of defending itself and dependent on international aid.<\/p><p>As the UN Secretary-General, Ant\u00f3nio Guterres, said millions of people could be infected by the Coronavirus - COVID-19 in Africa, where young people were not expected to be spared.<\/p><p>In a commitment to prevent the worst from happening, on March 20, 2020, the President of the Republic of Mozambique, Filipe Jacinto Nyusi, announced the reinforcement of measures to prevent COVID-19. In view of the evolution of the pandemic, on March 30, the President declared a State of Emergency in Mozambique.<\/p>\t\t\t\t\t\t<\/div>\n\t\t\t\t<\/div>\n\t\t\t\t<div class=\"elementor-element elementor-element-6e94c2d elementor-arrows-position-inside elementor-pagination-position-outside elementor-widget elementor-widget-image-carousel\" data-id=\"6e94c2d\" data-element_type=\"widget\" data-settings=\"{&quot;slides_to_show&quot;:&quot;3&quot;,&quot;autoplay_speed&quot;:1000,&quot;image_spacing_custom&quot;:{&quot;unit&quot;:&quot;px&quot;,&quot;size&quot;:8,&quot;sizes&quot;:[]},&quot;slides_to_show_tablet&quot;:&quot;3&quot;,&quot;slides_to_show_mobile&quot;:&quot;2&quot;,&quot;navigation&quot;:&quot;both&quot;,&quot;autoplay&quot;:&quot;yes&quot;,&quot;pause_on_hover&quot;:&quot;yes&quot;,&quot;pause_on_interaction&quot;:&quot;yes&quot;,&quot;infinite&quot;:&quot;yes&quot;,&quot;speed&quot;:500,&quot;image_spacing_custom_tablet&quot;:{&quot;unit&quot;:&quot;px&quot;,&quot;size&quot;:&quot;&quot;,&quot;sizes&quot;:[]},&quot;image_spacing_custom_mobile&quot;:{&quot;unit&quot;:&quot;px&quot;,&quot;size&quot;:&quot;&quot;,&quot;sizes&quot;:[]}}\" data-widget_type=\"image-carousel.default\">\n\t\t\t\t<div class=\"elementor-widget-container\">\n\t\t\t\t\t<div class=\"elementor-image-carousel-wrapper swiper-container\" dir=\"ltr\">\n\t\t\t<div class=\"elementor-image-carousel swiper-wrapper swiper-image-stretch\" aria-live=\"off\">\n\t\t\t\t\t\t\t\t<div class=\"swiper-slide\" role=\"group\" aria-roledescription=\"slide\" aria-label=\"1 of 12\"><figure class=\"swiper-slide-inner\"><img decoding=\"async\" class=\"swiper-slide-image\" src=\"https:\/\/makobo.co.mz\/wp-content\/uploads\/elementor\/thumbs\/DSC03722-scaled-pl4603e8mqzyfl3hwxih4accv26qezc7vmimvgulcw.jpg\" alt=\"DSC03722\" \/><\/figure><\/div><div class=\"swiper-slide\" role=\"group\" aria-roledescription=\"slide\" aria-label=\"2 of 12\"><figure class=\"swiper-slide-inner\"><img decoding=\"async\" class=\"swiper-slide-image\" src=\"https:\/\/makobo.co.mz\/wp-content\/uploads\/elementor\/thumbs\/DSC0954-scaled-pl461fc0batkvp5v508g5g8v5pmgbjmj27seckvijk.jpg\" alt=\"_DSC0954\" \/><\/figure><\/div><div class=\"swiper-slide\" role=\"group\" aria-roledescription=\"slide\" aria-label=\"3 of 12\"><figure class=\"swiper-slide-inner\"><img decoding=\"async\" class=\"swiper-slide-image\" src=\"https:\/\/makobo.co.mz\/wp-content\/uploads\/elementor\/thumbs\/DSC1053-scaled-pl460gjzafhyy4kds379370t6gdveqsglfnflcb2xs.jpg\" alt=\"_DSC1053\" \/><\/figure><\/div><div class=\"swiper-slide\" role=\"group\" aria-roledescription=\"slide\" aria-label=\"4 of 12\"><figure class=\"swiper-slide-inner\"><img decoding=\"async\" class=\"swiper-slide-image\" src=\"https:\/\/makobo.co.mz\/wp-content\/uploads\/elementor\/thumbs\/DSC0906-scaled-pl461w93qbgqoohae7jqebz5unb263hp4jj4zk6ffk.jpg\" alt=\"_DSC0906\" \/><\/figure><\/div><div class=\"swiper-slide\" role=\"group\" aria-roledescription=\"slide\" aria-label=\"5 of 12\"><figure class=\"swiper-slide-inner\"><img decoding=\"async\" class=\"swiper-slide-image\" src=\"https:\/\/makobo.co.mz\/wp-content\/uploads\/elementor\/thumbs\/DSC1045-scaled-pl460o2ot3s9j09gk6g9n54hxjct4bmbagvbfjzxk0.jpg\" alt=\"_DSC1045\" \/><\/figure><\/div><div class=\"swiper-slide\" role=\"group\" aria-roledescription=\"slide\" aria-label=\"6 of 12\"><figure class=\"swiper-slide-inner\"><img decoding=\"async\" class=\"swiper-slide-image\" src=\"https:\/\/makobo.co.mz\/wp-content\/uploads\/elementor\/thumbs\/DSC1019-scaled-pl460wj8im3ufhx66s3wrkzna0741ljwbmqor1ne00.jpg\" alt=\"_DSC1019\" \/><\/figure><\/div><div class=\"swiper-slide\" role=\"group\" aria-roledescription=\"slide\" aria-label=\"7 of 12\"><figure class=\"swiper-slide-inner\"><img decoding=\"async\" class=\"swiper-slide-image\" src=\"https:\/\/makobo.co.mz\/wp-content\/uploads\/elementor\/thumbs\/DSC1006-scaled-pl461343ugcuornm4cyar1bvfpaojha0ojb33zdmsg.jpg\" alt=\"_DSC1006\" \/><\/figure><\/div><div class=\"swiper-slide\" role=\"group\" aria-roledescription=\"slide\" aria-label=\"8 of 12\"><figure class=\"swiper-slide-inner\"><img decoding=\"async\" class=\"swiper-slide-image\" src=\"https:\/\/makobo.co.mz\/wp-content\/uploads\/elementor\/thumbs\/DSC0960-scaled-pl4619oz6aluy1e21xsoqho3lee91d051fvhgx3vkw.jpg\" alt=\"_DSC0960\" \/><\/figure><\/div><div class=\"swiper-slide\" role=\"group\" aria-roledescription=\"slide\" aria-label=\"9 of 12\"><figure class=\"swiper-slide-inner\"><img decoding=\"async\" class=\"swiper-slide-image\" src=\"https:\/\/makobo.co.mz\/wp-content\/uploads\/elementor\/thumbs\/DSC0944-scaled-pl461nsk0t55s6tkrlw39w40i6gr8tk43dnro2iyzk.jpg\" alt=\"_DSC0944\" \/><\/figure><\/div><div class=\"swiper-slide\" role=\"group\" aria-roledescription=\"slide\" aria-label=\"10 of 12\"><figure class=\"swiper-slide-inner\"><img decoding=\"async\" class=\"swiper-slide-image\" src=\"https:\/\/makobo.co.mz\/wp-content\/uploads\/elementor\/thumbs\/DSC0903-scaled-pl4625nhmntlws3mvbm039lrsi0qb2j0hu1zsbshpc.jpg\" alt=\"_DSC0903\" \/><\/figure><\/div><div class=\"swiper-slide\" role=\"group\" aria-roledescription=\"slide\" aria-label=\"11 of 12\"><figure class=\"swiper-slide-inner\"><img decoding=\"async\" class=\"swiper-slide-image\" src=\"https:\/\/makobo.co.mz\/wp-content\/uploads\/elementor\/thumbs\/DSC0894-scaled-pl462f1vj06h4vpzcfo9s78dqcqeg1kbv4kul3ejz4.jpg\" alt=\"_DSC0894\" \/><\/figure><\/div><div class=\"swiper-slide\" role=\"group\" aria-roledescription=\"slide\" aria-label=\"12 of 12\"><figure class=\"swiper-slide-inner\"><img decoding=\"async\" class=\"swiper-slide-image\" src=\"https:\/\/makobo.co.mz\/wp-content\/uploads\/elementor\/thumbs\/DSC0888-scaled-pl462mkl1ogrprf24ixac5c2hfpc5me6k5sqfb3elc.jpg\" alt=\"_DSC0888\" \/><\/figure><\/div>\t\t\t<\/div>\n\t\t\t\t\t\t\t\t\t\t\t\t<div class=\"elementor-swiper-button elementor-swiper-button-prev\" role=\"button\" tabindex=\"0\">\n\t\t\t\t\t\t<i aria-hidden=\"true\" class=\"eicon-chevron-left\"><\/i>\t\t\t\t\t<\/div>\n\t\t\t\t\t<div class=\"elementor-swiper-button elementor-swiper-button-next\" role=\"button\" tabindex=\"0\">\n\t\t\t\t\t\t<i aria-hidden=\"true\" class=\"eicon-chevron-right\"><\/i>\t\t\t\t\t<\/div>\n\t\t\t\t\n\t\t\t\t\t\t\t\t\t<div class=\"swiper-pagination\"><\/div>\n\t\t\t\t\t\t\t\t\t<\/div>\n\t\t\t\t<\/div>\n\t\t\t\t<\/div>\n\t\t\t\t<div class=\"elementor-element elementor-element-d8bf833 elementor-widget elementor-widget-text-editor\" data-id=\"d8bf833\" data-element_type=\"widget\" data-widget_type=\"text-editor.default\">\n\t\t\t\t<div class=\"elementor-widget-container\">\n\t\t\t\t\t\t\t<p style=\"text-align: left;\">In October 2019, the United Nations (UN) warned that Mozambique was one of the countries in southern Africa where there are 45 million citizens in severe food insecurity predicted for the following six months. If food security was already a huge concern for the country, faced with this phenomenon of crisis caused by COVID-19, many Mozambicans feared hunger even more. \u00a0<\/p><p>The SOLIDARITY HEART \u2013 COVID 19 INTERVENTION initiative in Maputo aimed to provide food support to 2000 people in Maputo City and Province, and, in parallel, to promote training in sewing and sewing for women living in needy communities to, in a first phase, produce protective masks against COVID-19, and Integrating street youth, trained under the Solidarity Bakery initiative, in the production of bread for the Solidarity Soup and Solidarity Lunchbox initiatives | The School Lunch. By the end of July 2020, this initiative had benefited more than 2500 people in various neighborhoods of the City and Province of Maputo. Currently, this initiative benefits 2099 people in deprived neighborhoods where the economic impact of COVID19 is quite intense, namely: Costa do Sol (150 children), Hulene B (1000 people), Massaca (569 people), Michafutene (100 people) , Polana Cani\u00e7o (50 Children), Pussulane (50 Children).<\/p><p>This initiative involved 16 women, seamstresses, in various neighborhoods of the city, more than 6,000 handmade protective masks were designed.<\/p><p>By the end of July 2020, this initiative had benefited more than 2500 people in various neighborhoods of the City and Province of Maputo. Currently, this initiative benefits 2099 people, in deprived neighborhoods where the economic impact of COVID19 is still felt, namely: Costa do Sol (150 children), Hulene B (1000 people), Massaca (569 people), Michafutene (100 people) , Polana Cani\u00e7o (50 Children), Pussulane (50 Children).<\/p><p>The highest point was the recognized distinction from the  \u201cPOINTS OF LIGHT\u201d Award, which is given by  the Queen Elizabeth II \u2013 United Kingdom.<\/p><p>Currently, the Heart Solidarity Maputo Mission \u2013 COVID19 Intervention supports 2000 people daily in the City and Province of Maputo.<\/p><p style=\"text-align: center;\"><strong>\u201cTHANK YOU FOR HELPING US TO HELP.\u201d<\/strong><\/p>\t\t\t\t\t\t<\/div>\n\t\t\t\t<\/div>\n\t\t\t\t\t<\/div>\n\t\t<\/div>\n\t\t\t\t\t\t\t<\/div>\n\t\t<\/section>\n\t\t\t\t\t\t\t<\/div>","protected":false},"excerpt":{"rendered":"<p>CORA\u00c7\u00c3O SOLID\u00c1RIO INTERVEN\u00c7\u00c3O COVID-19-MAPUTO 2020 Em 11 de mar\u00e7o de 2020, a Organiza\u00e7\u00e3o Mundial da Sa\u00fade (OMS) declarou a doen\u00e7a do COVID-19 uma pandemia devido aos seus &#8220;n\u00edveis alarmantes de dissemina\u00e7\u00e3o e ina\u00e7\u00e3o&#8221;, com um aumento no n\u00famero de casos, mortes e pa\u00edses afetados. Na crise global do Coronav\u00edrus, o continente africano\u00a0\u00e9 sistematicamente apresentado como &hellip; <a href=\"https:\/\/makobo.co.mz\/en\/intervencao-covid-19\/\" class=\"more-link\">Continue reading <span class=\"screen-reader-text\">INTERVEN\u00c7\u00c3O COVID 19<\/span><\/a><\/p>","protected":false},"author":2,"featured_media":0,"parent":0,"menu_order":0,"comment_status":"closed","ping_status":"closed","template":"elementor_header_footer","meta":{"footnotes":""},"class_list":["post-10013","page","type-page","status-publish","hentry"],"_links":{"self":[{"href":"https:\/\/makobo.co.mz\/en\/wp-json\/wp\/v2\/pages\/10013","targetHints":{"allow":["GET"]}}],"collection":[{"href":"https:\/\/makobo.co.mz\/en\/wp-json\/wp\/v2\/pages"}],"about":[{"href":"https:\/\/makobo.co.mz\/en\/wp-json\/wp\/v2\/types\/page"}],"author":[{"embeddable":true,"href":"https:\/\/makobo.co.mz\/en\/wp-json\/wp\/v2\/users\/2"}],"replies":[{"embeddable":true,"href":"https:\/\/makobo.co.mz\/en\/wp-json\/wp\/v2\/comments?post=10013"}],"version-history":[{"count":41,"href":"https:\/\/makobo.co.mz\/en\/wp-json\/wp\/v2\/pages\/10013\/revisions"}],"predecessor-version":[{"id":10927,"href":"https:\/\/makobo.co.mz\/en\/wp-json\/wp\/v2\/pages\/10013\/revisions\/10927"}],"wp:attachment":[{"href":"https:\/\/makobo.co.mz\/en\/wp-json\/wp\/v2\/media?parent=10013"}],"curies":[{"name":"wp","href":"https:\/\/api.w.org\/{rel}","templated":true}]}}