{"id":10010,"date":"2022-02-26T01:35:59","date_gmt":"2022-02-25T23:35:59","guid":{"rendered":"https:\/\/makobo.co.mz\/?page_id=10010"},"modified":"2022-03-04T14:49:57","modified_gmt":"2022-03-04T12:49:57","slug":"atelier-solidario","status":"publish","type":"page","link":"https:\/\/makobo.co.mz\/en\/atelier-solidario\/","title":{"rendered":"SOLIDARITY STUDIO"},"content":{"rendered":"<div data-elementor-type=\"wp-page\" data-elementor-id=\"10010\" class=\"elementor elementor-10010\">\n\t\t\t\t\t\t\t\t\t<section class=\"elementor-section elementor-top-section elementor-element elementor-element-1ee473df elementor-section-content-middle elementor-section-boxed elementor-section-height-default elementor-section-height-default\" data-id=\"1ee473df\" data-element_type=\"section\" data-settings=\"{&quot;background_background&quot;:&quot;classic&quot;,&quot;_ha_eqh_enable&quot;:false}\">\n\t\t\t\t\t\t<div class=\"elementor-container elementor-column-gap-default\">\n\t\t\t\t\t<div class=\"elementor-column elementor-col-100 elementor-top-column elementor-element elementor-element-ee9d5f8\" data-id=\"ee9d5f8\" data-element_type=\"column\" data-settings=\"{&quot;background_background&quot;:&quot;classic&quot;}\">\n\t\t\t<div class=\"elementor-widget-wrap elementor-element-populated\">\n\t\t\t\t\t\t\t\t<div class=\"elementor-element elementor-element-46c0e6c elementor-widget elementor-widget-besa-heading\" data-id=\"46c0e6c\" data-element_type=\"widget\" data-widget_type=\"besa-heading.default\">\n\t\t\t\t<div class=\"elementor-widget-container\">\n\t\t\t\r\n<div class=\"tbay-element tbay-element-heading\">\r\n\t\t\t\t<h1 class=\"heading-tbay-title\">\r\n\t\t\t\t\t\t\t\t\t<span class=\"title\">SOLIDARITY STUDIO<\/span>\r\n\t\t\t\t\t    \t\r\n\t\t\t\t\t\t\t<\/h1>\r\n\t\t<\/div>\t\t<\/div>\n\t\t\t\t<\/div>\n\t\t\t\t<div class=\"elementor-element elementor-element-1dde5bf2 elementor-widget elementor-widget-text-editor\" data-id=\"1dde5bf2\" data-element_type=\"widget\" data-widget_type=\"text-editor.default\">\n\t\t\t\t<div class=\"elementor-widget-container\">\n\t\t\t\t\t\t\t<p>The sewing and embroidery workshop for vocational activities is part of the Implementation Cycle of the SOLIDARITY HEART Mission In Cabo Delgado  \u2013 The Sustainability Circle will be based on: creation of livelihoods, inclusion, self-sufficiency and economic and social sustainability of displaced families and reception, in Cabo Delgado.<\/p>\t\t\t\t\t\t<\/div>\n\t\t\t\t<\/div>\n\t\t\t\t<div class=\"elementor-element elementor-element-7b3973a5 elementor-arrows-position-inside elementor-pagination-position-outside elementor-widget elementor-widget-image-carousel\" data-id=\"7b3973a5\" data-element_type=\"widget\" data-settings=\"{&quot;slides_to_show&quot;:&quot;3&quot;,&quot;autoplay_speed&quot;:1000,&quot;image_spacing_custom&quot;:{&quot;unit&quot;:&quot;px&quot;,&quot;size&quot;:8,&quot;sizes&quot;:[]},&quot;slides_to_show_tablet&quot;:&quot;3&quot;,&quot;slides_to_show_mobile&quot;:&quot;2&quot;,&quot;navigation&quot;:&quot;both&quot;,&quot;autoplay&quot;:&quot;yes&quot;,&quot;pause_on_hover&quot;:&quot;yes&quot;,&quot;pause_on_interaction&quot;:&quot;yes&quot;,&quot;infinite&quot;:&quot;yes&quot;,&quot;speed&quot;:500,&quot;image_spacing_custom_tablet&quot;:{&quot;unit&quot;:&quot;px&quot;,&quot;size&quot;:&quot;&quot;,&quot;sizes&quot;:[]},&quot;image_spacing_custom_mobile&quot;:{&quot;unit&quot;:&quot;px&quot;,&quot;size&quot;:&quot;&quot;,&quot;sizes&quot;:[]}}\" data-widget_type=\"image-carousel.default\">\n\t\t\t\t<div class=\"elementor-widget-container\">\n\t\t\t\t\t<div class=\"elementor-image-carousel-wrapper swiper-container\" dir=\"ltr\">\n\t\t\t<div class=\"elementor-image-carousel swiper-wrapper swiper-image-stretch\" aria-live=\"off\">\n\t\t\t\t\t\t\t\t<div class=\"swiper-slide\" role=\"group\" aria-roledescription=\"slide\" aria-label=\"1 of 9\"><figure class=\"swiper-slide-inner\"><img decoding=\"async\" class=\"swiper-slide-image\" src=\"https:\/\/makobo.co.mz\/wp-content\/uploads\/elementor\/thumbs\/Copia-de-_DSC0511-1-scaled-pl47oo3t2dx6mx3w744xt01r0zmagrthjg149f18dc.jpg\" alt=\"C\u00f3pia de _DSC0511\" \/><\/figure><\/div><div class=\"swiper-slide\" role=\"group\" aria-roledescription=\"slide\" aria-label=\"2 of 9\"><figure class=\"swiper-slide-inner\"><img decoding=\"async\" class=\"swiper-slide-image\" src=\"https:\/\/makobo.co.mz\/wp-content\/uploads\/elementor\/thumbs\/IMG_20211116_102340-1-scaled-pl47nyq5xuyfxg4rbb60fogazl3doy0qfyf0ay2v1c.jpg\" alt=\"N2032\" \/><\/figure><\/div><div class=\"swiper-slide\" role=\"group\" aria-roledescription=\"slide\" aria-label=\"3 of 9\"><figure class=\"swiper-slide-inner\"><img decoding=\"async\" class=\"swiper-slide-image\" src=\"https:\/\/makobo.co.mz\/wp-content\/uploads\/elementor\/thumbs\/J_ME1396-2-scaled-pl47qjs6qghtuudl7xe2siyxsqcpuza5sr02tc8vxc.jpg\" alt=\"J_ME1396\" \/><\/figure><\/div><div class=\"swiper-slide\" role=\"group\" aria-roledescription=\"slide\" aria-label=\"4 of 9\"><figure class=\"swiper-slide-inner\"><img decoding=\"async\" class=\"swiper-slide-image\" src=\"https:\/\/makobo.co.mz\/wp-content\/uploads\/elementor\/thumbs\/J_ME1061-2-scaled-pl47p432akj24agolt1lhe0l4jfj3mkx9n4df4djfk.jpg\" alt=\"J_ME1061\" \/><\/figure><\/div><div class=\"swiper-slide\" role=\"group\" aria-roledescription=\"slide\" aria-label=\"5 of 9\"><figure class=\"swiper-slide-inner\"><img decoding=\"async\" class=\"swiper-slide-image\" src=\"https:\/\/makobo.co.mz\/wp-content\/uploads\/elementor\/thumbs\/IMG_20211116_101256-1-scaled-pl47nq9m8cmv0yh1opidb8l5n492ro35esjmzgfelc.jpg\" alt=\"N2032\" \/><\/figure><\/div><div class=\"swiper-slide\" role=\"group\" aria-roledescription=\"slide\" aria-label=\"6 of 9\"><figure class=\"swiper-slide-inner\"><img decoding=\"async\" class=\"swiper-slide-image\" src=\"https:\/\/makobo.co.mz\/wp-content\/uploads\/elementor\/thumbs\/J_ME1389-2-scaled-pl47q5olvxyj0oy2i9ao94j0vya7niq6qt7sm6tsio.jpg\" alt=\"J_ME1389\" \/><\/figure><\/div><div class=\"swiper-slide\" role=\"group\" aria-roledescription=\"slide\" aria-label=\"7 of 9\"><figure class=\"swiper-slide-inner\"><img decoding=\"async\" class=\"swiper-slide-image\" src=\"https:\/\/makobo.co.mz\/wp-content\/uploads\/elementor\/thumbs\/Copia-de-_DSC0510-1-scaled-pl47oay2epf64dn0byg5u3daplf5h0d8tmwbjjkqsg.jpg\" alt=\"C\u00f3pia de _DSC0510\" \/><\/figure><\/div><div class=\"swiper-slide\" role=\"group\" aria-roledescription=\"slide\" aria-label=\"8 of 9\"><figure class=\"swiper-slide-inner\"><img decoding=\"async\" class=\"swiper-slide-image\" src=\"https:\/\/makobo.co.mz\/wp-content\/uploads\/elementor\/thumbs\/J_ME1053-2-scaled-pl47pmvu398skhpdk164v99t08uvdknk08630nlnz4.jpg\" alt=\"J_ME1053\" \/><\/figure><\/div><div class=\"swiper-slide\" role=\"group\" aria-roledescription=\"slide\" aria-label=\"9 of 9\"><figure class=\"swiper-slide-inner\"><img decoding=\"async\" class=\"swiper-slide-image\" src=\"https:\/\/makobo.co.mz\/wp-content\/uploads\/elementor\/thumbs\/J_ME1391-2-scaled-pl47r1n4cb69zfnnbn3zlwgp31wox89277eaxlien4.jpg\" alt=\"J_ME1391\" \/><\/figure><\/div>\t\t\t<\/div>\n\t\t\t\t\t\t\t\t\t\t\t\t<div class=\"elementor-swiper-button elementor-swiper-button-prev\" role=\"button\" tabindex=\"0\">\n\t\t\t\t\t\t<i aria-hidden=\"true\" class=\"eicon-chevron-left\"><\/i>\t\t\t\t\t<\/div>\n\t\t\t\t\t<div class=\"elementor-swiper-button elementor-swiper-button-next\" role=\"button\" tabindex=\"0\">\n\t\t\t\t\t\t<i aria-hidden=\"true\" class=\"eicon-chevron-right\"><\/i>\t\t\t\t\t<\/div>\n\t\t\t\t\n\t\t\t\t\t\t\t\t\t<div class=\"swiper-pagination\"><\/div>\n\t\t\t\t\t\t\t\t\t<\/div>\n\t\t\t\t<\/div>\n\t\t\t\t<\/div>\n\t\t\t\t<div class=\"elementor-element elementor-element-a2259d0 elementor-widget elementor-widget-besa-heading\" data-id=\"a2259d0\" data-element_type=\"widget\" data-widget_type=\"besa-heading.default\">\n\t\t\t\t<div class=\"elementor-widget-container\">\n\t\t\t\r\n<div class=\"tbay-element tbay-element-heading\">\r\n\t\t\t\t<h2 class=\"heading-tbay-title\">\r\n\t\t\t\t\t\t\t\t\t<span class=\"title\">THERE ARE NO CHANGES WITHOUT COMMITMENT AND THIS IS THE ONE WE HAVE CHOSEN.<\/span>\r\n\t\t\t\t\t    \t\r\n\t\t\t\t\t\t\t<\/h2>\r\n\t\t<\/div>\t\t<\/div>\n\t\t\t\t<\/div>\n\t\t\t\t<div class=\"elementor-element elementor-element-470bc886 elementor-widget elementor-widget-text-editor\" data-id=\"470bc886\" data-element_type=\"widget\" data-widget_type=\"text-editor.default\">\n\t\t\t\t<div class=\"elementor-widget-container\">\n\t\t\t\t\t\t\t<p style=\"text-align: left;\">This initiative aims to collaborate to the development of employment and business opportunities and to promote sources of income for families of internally displaced people as well as host families in situations of vulnerability, extreme poverty, and economic and social exclusion.<\/p>\t\t\t\t\t\t<\/div>\n\t\t\t\t<\/div>\n\t\t\t\t<div class=\"elementor-element elementor-element-95f455a elementor-arrows-position-inside elementor-pagination-position-outside elementor-widget elementor-widget-image-carousel\" data-id=\"95f455a\" data-element_type=\"widget\" data-settings=\"{&quot;slides_to_show&quot;:&quot;3&quot;,&quot;autoplay_speed&quot;:1000,&quot;image_spacing_custom&quot;:{&quot;unit&quot;:&quot;px&quot;,&quot;size&quot;:8,&quot;sizes&quot;:[]},&quot;slides_to_show_tablet&quot;:&quot;3&quot;,&quot;slides_to_show_mobile&quot;:&quot;2&quot;,&quot;navigation&quot;:&quot;both&quot;,&quot;autoplay&quot;:&quot;yes&quot;,&quot;pause_on_hover&quot;:&quot;yes&quot;,&quot;pause_on_interaction&quot;:&quot;yes&quot;,&quot;infinite&quot;:&quot;yes&quot;,&quot;speed&quot;:500,&quot;image_spacing_custom_tablet&quot;:{&quot;unit&quot;:&quot;px&quot;,&quot;size&quot;:&quot;&quot;,&quot;sizes&quot;:[]},&quot;image_spacing_custom_mobile&quot;:{&quot;unit&quot;:&quot;px&quot;,&quot;size&quot;:&quot;&quot;,&quot;sizes&quot;:[]}}\" data-widget_type=\"image-carousel.default\">\n\t\t\t\t<div class=\"elementor-widget-container\">\n\t\t\t\t\t<div class=\"elementor-image-carousel-wrapper swiper-container\" dir=\"ltr\">\n\t\t\t<div class=\"elementor-image-carousel swiper-wrapper swiper-image-stretch\" aria-live=\"off\">\n\t\t\t\t\t\t\t\t<div class=\"swiper-slide\" role=\"group\" aria-roledescription=\"slide\" aria-label=\"1 of 7\"><figure class=\"swiper-slide-inner\"><img decoding=\"async\" class=\"swiper-slide-image\" src=\"https:\/\/makobo.co.mz\/wp-content\/uploads\/elementor\/thumbs\/Copia-de-_DSC0511-scaled-pl47ju7ny1b4z24heiyyhpxh4pfdwrn57jcah872cg.jpg\" alt=\"C\u00f3pia de _DSC0511\" \/><\/figure><\/div><div class=\"swiper-slide\" role=\"group\" aria-roledescription=\"slide\" aria-label=\"2 of 7\"><figure class=\"swiper-slide-inner\"><img decoding=\"async\" class=\"swiper-slide-image\" src=\"https:\/\/makobo.co.mz\/wp-content\/uploads\/elementor\/thumbs\/IMG_20211116_102340-scaled-pl47ihc22ng87c3hbxucw29i8o4asi93otf1iu7jc0.jpg\" alt=\"N2032\" \/><\/figure><\/div><div class=\"swiper-slide\" role=\"group\" aria-roledescription=\"slide\" aria-label=\"3 of 7\"><figure class=\"swiper-slide-inner\"><img decoding=\"async\" class=\"swiper-slide-image\" src=\"https:\/\/makobo.co.mz\/wp-content\/uploads\/elementor\/thumbs\/Copia-de-_DSC0509-scaled-pl47j20i908jar9fz6s5ex1nb5adhuj73nrq2xcvj4.jpg\" alt=\"C\u00f3pia de _DSC0509\" \/><\/figure><\/div><div class=\"swiper-slide\" role=\"group\" aria-roledescription=\"slide\" aria-label=\"4 of 7\"><figure class=\"swiper-slide-inner\"><img decoding=\"async\" class=\"swiper-slide-image\" src=\"https:\/\/makobo.co.mz\/wp-content\/uploads\/elementor\/thumbs\/IMG_20211116_101256-scaled-pl47i7xo6b3cz8h4uts374mwatemnj7sbiw6q2lh28.jpg\" alt=\"N2032\" \/><\/figure><\/div><div class=\"swiper-slide\" role=\"group\" aria-roledescription=\"slide\" aria-label=\"5 of 7\"><figure class=\"swiper-slide-inner\"><img decoding=\"async\" class=\"swiper-slide-image\" src=\"https:\/\/makobo.co.mz\/wp-content\/uploads\/elementor\/thumbs\/Copia-de-_DSC0510-scaled-pl47jg433iru4woyouvjybhk7xcvpb365lk0a2ryxs.jpg\" alt=\"C\u00f3pia de _DSC0510\" \/><\/figure><\/div><div class=\"swiper-slide\" role=\"group\" aria-roledescription=\"slide\" aria-label=\"6 of 7\"><figure class=\"swiper-slide-inner\"><img decoding=\"async\" class=\"swiper-slide-image\" src=\"https:\/\/makobo.co.mz\/wp-content\/uploads\/elementor\/thumbs\/IMG_20211116_101137-scaled-pl47ipsls5rt3tr6yji00i4nl4ylps6opzaeubuzs0.jpg\" alt=\"N2032\" \/><\/figure><\/div><div class=\"swiper-slide\" role=\"group\" aria-roledescription=\"slide\" aria-label=\"7 of 7\"><figure class=\"swiper-slide-inner\"><img decoding=\"async\" class=\"swiper-slide-image\" src=\"https:\/\/makobo.co.mz\/wp-content\/uploads\/elementor\/thumbs\/IMG_20211116_102512-scaled-pl47hzh4gsrs2qtf884g2orqyckbq9a7ad0teky0m8.jpg\" alt=\"N4227\" \/><\/figure><\/div>\t\t\t<\/div>\n\t\t\t\t\t\t\t\t\t\t\t\t<div class=\"elementor-swiper-button elementor-swiper-button-prev\" role=\"button\" tabindex=\"0\">\n\t\t\t\t\t\t<i aria-hidden=\"true\" class=\"eicon-chevron-left\"><\/i>\t\t\t\t\t<\/div>\n\t\t\t\t\t<div class=\"elementor-swiper-button elementor-swiper-button-next\" role=\"button\" tabindex=\"0\">\n\t\t\t\t\t\t<i aria-hidden=\"true\" class=\"eicon-chevron-right\"><\/i>\t\t\t\t\t<\/div>\n\t\t\t\t\n\t\t\t\t\t\t\t\t\t<div class=\"swiper-pagination\"><\/div>\n\t\t\t\t\t\t\t\t\t<\/div>\n\t\t\t\t<\/div>\n\t\t\t\t<\/div>\n\t\t\t\t<div class=\"elementor-element elementor-element-66a9f68 elementor-widget elementor-widget-besa-heading\" data-id=\"66a9f68\" data-element_type=\"widget\" data-widget_type=\"besa-heading.default\">\n\t\t\t\t<div class=\"elementor-widget-container\">\n\t\t\t\r\n<div class=\"tbay-element tbay-element-heading\">\r\n\t\t\t\t<h2 class=\"heading-tbay-title\">\r\n\t\t\t\t\t\t\t\t\t<span class=\"title\">DON'T GIVE ALMS | GIVE DIGNITY<\/span>\r\n\t\t\t\t\t    \t\r\n\t\t\t\t\t\t\t<\/h2>\r\n\t\t<\/div>\t\t<\/div>\n\t\t\t\t<\/div>\n\t\t\t\t<div class=\"elementor-element elementor-element-b79b492 elementor-widget elementor-widget-text-editor\" data-id=\"b79b492\" data-element_type=\"widget\" data-widget_type=\"text-editor.default\">\n\t\t\t\t<div class=\"elementor-widget-container\">\n\t\t\t\t\t\t\t<p style=\"text-align: left;\">This is an initiative of  MAKOBO's Platform, in partnership with the Faculty of Tourism and IT Management \u2013 \u200b\u200bUCM \u2013 Catholic University of Mozambique (Pemba).<\/p><p>Special thanks to Luis Sinate, RTP Africa, and everyone who contributed through the #VIDAPORUMFIO Campaign. VAN OORD and BERNINA Mozambique, for helping us make this moment possible.<\/p><p>\u201cIn response to the humanitarian emergency plaguing Cabo Delgado province, maritime contractor Van Oord, as part of the implementation of its social responsibility plan, provided financial support to support the quality scale and productivity of Atelier da Makobo, for training and employment opportunities, to benefit IDPs and host families affected by the impact of the insurgency. The support consists of the donation of 20 (twenty) electric sewing machines of \u201cBERNINA\u201d brand, and 5 (five) supplementary motors, to support the business development and training of more than 200 women.\u201d Van Oord (Maputo 11.02.22).<\/p>\t\t\t\t\t\t<\/div>\n\t\t\t\t<\/div>\n\t\t\t\t\t<\/div>\n\t\t<\/div>\n\t\t\t\t\t\t\t<\/div>\n\t\t<\/section>\n\t\t\t\t\t\t\t<\/div>","protected":false},"excerpt":{"rendered":"<p>ATELIER SOLID\u00c1RIO O atelier de costura e bordado para as actividades vocacionais, \u00e9 uma actividade enquadrada no Ciclo de Implementa\u00e7\u00e3o da Miss\u00e3o Cora\u00e7\u00e3o Solid\u00e1rio Cabo Delgado &#8211; O C\u00edrculo da Sustentabilidade: cria\u00e7\u00e3o de meios de subsist\u00eancia, inclus\u00e3o, auto-sufici\u00eancia e sustentabilidade econ\u00f3micas e sociais de fam\u00edlias deslocadas e de acolhimento, em Cabo Delgado. Previous Next N\u00c3O &hellip; <a href=\"https:\/\/makobo.co.mz\/en\/atelier-solidario\/\" class=\"more-link\">Continue reading <span class=\"screen-reader-text\">SOLIDARITY STUDIO<\/span><\/a><\/p>","protected":false},"author":2,"featured_media":0,"parent":0,"menu_order":0,"comment_status":"closed","ping_status":"closed","template":"elementor_header_footer","meta":{"footnotes":""},"class_list":["post-10010","page","type-page","status-publish","hentry"],"_links":{"self":[{"href":"https:\/\/makobo.co.mz\/en\/wp-json\/wp\/v2\/pages\/10010","targetHints":{"allow":["GET"]}}],"collection":[{"href":"https:\/\/makobo.co.mz\/en\/wp-json\/wp\/v2\/pages"}],"about":[{"href":"https:\/\/makobo.co.mz\/en\/wp-json\/wp\/v2\/types\/page"}],"author":[{"embeddable":true,"href":"https:\/\/makobo.co.mz\/en\/wp-json\/wp\/v2\/users\/2"}],"replies":[{"embeddable":true,"href":"https:\/\/makobo.co.mz\/en\/wp-json\/wp\/v2\/comments?post=10010"}],"version-history":[{"count":38,"href":"https:\/\/makobo.co.mz\/en\/wp-json\/wp\/v2\/pages\/10010\/revisions"}],"predecessor-version":[{"id":10909,"href":"https:\/\/makobo.co.mz\/en\/wp-json\/wp\/v2\/pages\/10010\/revisions\/10909"}],"wp:attachment":[{"href":"https:\/\/makobo.co.mz\/en\/wp-json\/wp\/v2\/media?parent=10010"}],"curies":[{"name":"wp","href":"https:\/\/api.w.org\/{rel}","templated":true}]}}